{"id":12,"date":"2024-07-15T10:58:48","date_gmt":"2024-07-15T02:58:48","guid":{"rendered":"http:\/\/112.74.173.133:2065\/?page_id=12"},"modified":"2024-07-26T19:54:25","modified_gmt":"2024-07-26T11:54:25","slug":"cookies","status":"publish","type":"page","link":"https:\/\/www.lvnoon.com\/de\/cookies\/","title":{"rendered":"Cookies"},"content":{"rendered":"<div data-elementor-type=\"wp-page\" data-elementor-id=\"12\" class=\"elementor elementor-12\">\n\t\t\t\t\t\t<section class=\"elementor-section elementor-top-section elementor-element elementor-element-78877a3a elementor-section-boxed elementor-section-height-default elementor-section-height-default wd-section-disabled\" data-id=\"78877a3a\" data-element_type=\"section\">\n\t\t\t\t\t\t<div class=\"elementor-container elementor-column-gap-default\">\n\t\t\t\t\t<div class=\"elementor-column elementor-col-100 elementor-top-column elementor-element elementor-element-5767cf33\" data-id=\"5767cf33\" data-element_type=\"column\">\n\t\t\t<div class=\"elementor-widget-wrap elementor-element-populated\">\n\t\t\t\t\t\t<div class=\"elementor-element elementor-element-4c86a9 color-scheme-inherit text-left elementor-widget elementor-widget-text-editor\" data-id=\"4c86a9\" data-element_type=\"widget\" data-widget_type=\"text-editor.default\">\n\t\t\t\t<div class=\"elementor-widget-container\">\n\t\t\t\t\t\t\t\t\t\n<h1><strong><b>Cookie-Richtlinie<\/b><\/strong><\/h1>\n<p>Zuletzt aktualisiert: November 2023<\/p>\n<p>LVNOON Ltd. (\"LVNOON\", \"wir\", \"unser\" oder \"uns\") verwendet bestimmte \u00dcberwachungs- und Tracking-Technologien wie Cookies, Beacons, Pixel, Tags und Skripte (zusammenfassend \"Cookies\"). Diese Technologien werden verwendet, um unsere Website (die \"Dienste\") bereitzustellen, zu pflegen und zu verbessern, unsere Angebote und Marketingaktivit\u00e4ten zu optimieren und unseren Besuchern und Nutzern (\"Sie\" oder \"Ihr\") ein besseres Erlebnis zu bieten (z. B. um Ihre Pr\u00e4ferenzen zu verfolgen, unsere Dienste besser zu sichern, technische Probleme zu erkennen und die Gesamtleistung unserer Dienste zu \u00fcberwachen und zu verbessern). Diese Seite enth\u00e4lt Informationen dar\u00fcber, was Cookies sind, welche Cookies in unseren Diensten verwendet werden, wie Sie Cookies ablehnen k\u00f6nnen und einige n\u00fctzliche Links f\u00fcr weiterf\u00fchrende Informationen zu diesem Thema. Wenn Sie die gesuchten Informationen nicht finden k\u00f6nnen oder weitere Fragen zur Verwendung von Cookies in unseren Diensten haben, senden Sie bitte eine E-Mail an\u00a0<a href=\"mailto:sales@lvnoon.com\"><u>Verk\u00e4ufe@<\/u><u>lvnoon<\/u><u>.com<\/u><\/a>. F\u00fcr weitere Informationen \u00fcber unsere allgemeinen Datenschutzpraktiken besuchen Sie bitte unsere\u00a0<a href=\"https:\/\/elementor.com\/about\/privacy\/\"><u>Datenschutzbestimmungen<\/u><\/a>.<\/p>\n<h2><strong><b>1. Was sind Cookies?<\/b><\/strong><\/h2>\n<p>Cookies sind kleine Textdateien, die \u00fcber den Browser auf Ihrem Computer oder Mobilger\u00e4t gespeichert werden, wenn Sie eine Website besuchen. Sie erm\u00f6glichen es der Website, Informationen wie Anmeldeinformationen oder die bevorzugte Sprache zu speichern. Sie k\u00f6nnen sich Cookies als ein sogenanntes Ged\u00e4chtnis f\u00fcr die Website vorstellen, so dass sie Sie erkennen kann, wenn Sie wiederkommen, und entsprechend reagieren kann. Sie sind nicht verpflichtet, alle Cookies zu akzeptieren, um unsere Website besuchen zu k\u00f6nnen. Die Aktivierung von Cookies kann jedoch ein personalisiertes Surferlebnis erm\u00f6glichen und ist f\u00fcr die meisten unserer Dienste erforderlich, um zu funktionieren.<\/p>\n<h2><strong><b>2. Wie verwenden wir Cookies?<\/b><\/strong><\/h2>\n<p>LVNOON verwendet mehrere verschiedene Arten von Cookies auf unserer Website: Wesentliche Cookies: Diese Cookies sind notwendig, damit die Dienste ordnungsgem\u00e4\u00df funktionieren und k\u00f6nnen nicht deaktiviert werden. Sie werden in der Regel nur als Reaktion auf Ihre Aktionen gesetzt und erm\u00f6glichen Funktionen wie die Navigation oder die Einstellung von Pr\u00e4ferenzen. Diese Cookies speichern keine Informationen \u00fcber Sie, die f\u00fcr andere Zwecke verwendet werden k\u00f6nnen. Pr\u00e4ferenzen und funktionale Cookies: Diese Cookies erm\u00f6glichen es den Diensten, verbesserte Funktionalit\u00e4t und Personalisierung zu bieten. Sie k\u00f6nnen von uns (Erstanbieter-Cookies) oder von Drittanbietern, die mit uns zusammenarbeiten (Drittanbieter-Cookies), gesetzt werden. Leistungs- und Analyse-Cookies: Diese Cookies sind nur f\u00fcr den internen Gebrauch bestimmt. Sie helfen uns dabei, unsere Dienste zu sichern und zu warten und Ihre Pr\u00e4ferenzen f\u00fcr die in den Diensten enthaltenen Tools zu speichern. Sie werden auch verwendet, um Analysedaten dar\u00fcber zu sammeln, wie Sie mit unseren Diensten interagieren und die Leistung der Website entsprechend zu verbessern. Wenn Sie diese Cookies nicht zulassen, wissen wir nicht, wann Sie unsere Website besucht haben. Targeting- und Werbe-Cookies: Diese Cookies machen Werbung f\u00fcr Sie relevanter. Unsere Werbepartner k\u00f6nnen sie verwenden, um Ihnen relevante Werbung auf verschiedenen Websites zu zeigen, indem sie Ihren Browser und Ihr Internetger\u00e4t eindeutig identifizieren.<\/p>\n<h2><strong><b>3. Wie lange halten die Cookies?<\/b><\/strong><\/h2>\n<p>Wie lange ein Cookie auf Ihrem Ger\u00e4t bleibt, h\u00e4ngt von seinem Zweck ab. Ein Cookie, das nach Beendigung Ihrer Sitzung auf Ihrem Ger\u00e4t verbleibt (bis es abl\u00e4uft oder gel\u00f6scht wird), wird als \"dauerhafter Cookie\" bezeichnet. Dauerhafte Cookies werden f\u00fcr verschiedene Zwecke verwendet, z. B. zur Verfolgung Ihrer Pr\u00e4ferenzen, Ihrer Anmeldeinformationen, Ihrer Interaktion mit unseren Diensten und der Wirksamkeit unserer zielgerichteten Cookies. Ein Cookie, das automatisch gel\u00f6scht wird, sobald Ihre Sitzung beendet ist, wird als \"Session Cookie\" bezeichnet. Sitzungs-Cookies werden f\u00fcr die Dauer Ihres Aufenthalts auf unserer Website verwendet und werden automatisch gel\u00f6scht, wenn Sie den Browser schlie\u00dfen.<\/p>\n<h2><strong><b>4. Welche Cookies verwenden wir?<\/b><\/strong><\/h2>\n<ul>\n<li><b><\/b><strong><b>Cookies<\/b><\/strong>: Cookies sind kleine Textdateien, die an Ihren Webbrowser oder die Festplatte Ihres Computers gesendet oder von dort abgerufen werden. Ein Cookie enth\u00e4lt in der Regel den Namen der Domain (Internetadresse), von der das Cookie stammt, die \"Lebensdauer\" des Cookies (d.h. wann es abl\u00e4uft) und eine zuf\u00e4llig generierte eindeutige Nummer oder eine \u00e4hnliche Kennung. Ein Cookie kann auch Informationen \u00fcber das Ger\u00e4t enthalten, wie z.B.: Benutzereinstellungen, Browserverlauf und Aktivit\u00e4ten, die w\u00e4hrend der Nutzung der Dienste durchgef\u00fchrt wurden.<\/li>\n<\/ul>\n<p>Unsere Dienste verwenden die folgenden Cookies:<\/p>\n<p>Streng notwendige Cookies, die f\u00fcr den Betrieb der Dienste erforderlich sind. Ohne sie k\u00f6nnten Sie zum Beispiel Ihr Konto nicht nutzen.<\/p>\n<p>Analytische\/Leistungs-Cookies, die es LVNOON erm\u00f6glichen, die Anzahl der Besucher zu erkennen und zu z\u00e4hlen, zu erfahren, wie die Besucher durch die Dienste navigieren, und die Dienste zu verbessern.<\/p>\n<p>Funktionalit\u00e4ts-Cookies, die LVNOON verwendet, um Sie zu erkennen, wenn Sie zu den Services zur\u00fcckkehren.<\/p>\n<p>Weitere Informationen \u00fcber Cookies und Web Beacons finden Sie unter <a href=\"http:\/\/www.allaboutcookies.org\/\"><u>www.allaboutcookies.org<\/u><\/a>.\u00a0<\/p>\n<h2><strong><b>5. Wie k\u00f6nnen Sie Cookies ablehnen oder entfernen?<\/b><\/strong><\/h2>\n<p>Sie haben die Wahl bez\u00fcglich der Verwendung von Cookies, wie in dieser Richtlinie beschrieben. Bitte beachten Sie, dass die Ablehnung oder Entfernung bestimmter Cookies zu unzureichenden Diensten f\u00fchren kann. Sie k\u00f6nnen die Einstellungen Ihres Webbrowsers anpassen, die sich normalerweise im Men\u00fc \"Optionen\" oder \"Einstellungen\" Ihres Browsers befinden. Um gespeicherte Cookies zu l\u00f6schen oder diese Einstellungen zu \u00e4ndern, k\u00f6nnen die folgenden Links hilfreich sein:<\/p>\n<ul>\n<li><a href=\"https:\/\/support.microsoft.com\/en-us\/microsoft-edge\/delete-cookies-in-microsoft-edge-63947406-40ac-c3b8-57b9-2a946a29ae09\/\"><u>Microsoft Edge<\/u><\/a><\/li>\n<li><a href=\"https:\/\/support.google.com\/chrome\/answer\/95647?hl=en&amp;ref_topic=14666\"><u>Google Chrome<\/u><\/a><\/li>\n<li><a href=\"https:\/\/support.mozilla.org\/en-US\/kb\/cookies-information-websites-store-on-your-computer\/\"><u>Mozilla Firefox<\/u><\/a><\/li>\n<li><a href=\"https:\/\/support.apple.com\/en-il\/guide\/safari\/sfri11471\/mac\/\"><u>Safari (Schreibtisch)<\/u><\/a><\/li>\n<li><a href=\"https:\/\/support.apple.com\/en-us\/HT201265\/\"><u>Safari (Mobil)<\/u><\/a><\/li>\n<li><a href=\"#cookies\"><u>Oper<\/u><\/a><\/li>\n<\/ul>\n<p>Wenn Sie in erster Linie \u00fcber Cookies von Drittanbietern besorgt sind und in den USA, Kanada, Europa oder dem Vereinigten K\u00f6nigreich leben, k\u00f6nnen Sie sich auch gegen die Erfassung Ihrer Daten durch unsere Werbepartner entscheiden, die an der Digital Advertising Alliance teilnehmen. Besuchen Sie dazu die Seite Opt-out:<\/p>\n<ul>\n<li>US:<a href=\"http:\/\/www.aboutads.info\/choices\/\"><u>Ihre Auswahl an Anzeigen<\/u><\/a><\/li>\n<li>Kanada:<a href=\"http:\/\/www.youradchoices.ca\/choices\/\"><u>Ihre Auswahl an Anzeigen<\/u><\/a><\/li>\n<li>EU:<a href=\"https:\/\/www.youronlinechoices.eu\/\"><u>Ihre Online-Wahlm\u00f6glichkeiten<\/u><\/a><\/li>\n<li>UK:<a href=\"https:\/\/www.youronlinechoices.com\/uk\/\"><u>Ihre Online-Wahlm\u00f6glichkeiten<\/u><\/a><\/li>\n<\/ul>\n<p>Dar\u00fcber hinaus k\u00f6nnen Sie auf Ihrem Mobilger\u00e4t die Einstellungen Ihres Ger\u00e4ts \u00e4ndern, um zu kontrollieren, ob Sie interessenbezogene Online-Werbung sehen. Bitte beachten Sie, dass, wenn Sie sich einen neuen Computer zulegen, einen neuen Browser installieren, die Cookie-Datei Ihres Browsers l\u00f6schen oder anderweitig ver\u00e4ndern (einschlie\u00dflich der Aktualisierung bestimmter Browser), auch die einmal installierten Opt-Out-Cookies gel\u00f6scht werden k\u00f6nnen, so dass eine weitere Opt-Out-Ma\u00dfnahme erforderlich ist, um weiteres Tracking zu verhindern. Sie k\u00f6nnen Ihre eigenen Cookie-Einstellungen w\u00e4hlen.<\/p>\n<h2><strong><b>6. N\u00fctzliche Links<\/b><\/strong><\/h2>\n<p>Weitere Informationen \u00fcber Cookies finden Sie auf den folgenden Websites:<\/p>\n<ul>\n<li><a href=\"https:\/\/www.allaboutcookies.org\/\"><u>Alles \u00fcber Cookies.org<\/u><\/a><\/li>\n<li><a href=\"http:\/\/www.youronlinechoices.co.uk\/\"><u>Ihre Online-Wahlm\u00f6glichkeiten<\/u><\/a><\/li>\n<\/ul>\n<h2><strong><b>7. Wie wir Do Not Track (DNT)-Signale behandeln<\/b><\/strong><\/h2>\n<p>Verschiedene Browser erlauben eine \"Do Not Track\"-Einstellung (DNT), die sich auf eine Technologie st\u00fctzt, die als DNT-Header bekannt ist und ein Signal an die von der Person besuchten Websites \u00fcber die DNT-Einstellung des Browsers der Person sendet. Gegenw\u00e4rtig gibt es keine allgemeine Vereinbarung dar\u00fcber, wie Unternehmen wie LVNOON Do Not Track-Signale interpretieren sollten. Daher verpflichtet sich LVNOON derzeit nicht, auf DNT-Signale zu reagieren, unabh\u00e4ngig davon, ob das Signal auf einem Computer oder einem mobilen Ger\u00e4t empfangen wird. LVNOON bietet Ihnen jedoch sinnvolle Wahlm\u00f6glichkeiten bez\u00fcglich der Informationen, die durch Cookies und Web Beacons gesammelt werden, durch die verschiedenen, oben beschriebenen Opt-Out-Optionen. Wir werden die Entwicklungen rund um die DNT-Browsertechnologie und die Einf\u00fchrung eines Standards weiter verfolgen.<\/p>\n\t\t\t\t\t\t\t\t<\/div>\n\t\t\t\t<\/div>\n\t\t\t\t\t<\/div>\n\t\t<\/div>\n\t\t\t\t\t<\/div>\n\t\t<\/section>\n\t\t\t\t<\/div>","protected":false},"excerpt":{"rendered":"<p>Cookie Policy Last Updated: Nov 2023 LVNOON\u00a0Ltd. (\u201cLVNOON\u201d, \u201cwe\u201d, \u201cour\u201d or \u201cus\u201d) uses certain monitoring and tracking technologies, such as<\/p>","protected":false},"author":1,"featured_media":0,"parent":0,"menu_order":0,"comment_status":"closed","ping_status":"closed","template":"","meta":{"footnotes":""},"class_list":["post-12","page","type-page","status-publish","hentry"],"_links":{"self":[{"href":"https:\/\/www.lvnoon.com\/de\/wp-json\/wp\/v2\/pages\/12","targetHints":{"allow":["GET"]}}],"collection":[{"href":"https:\/\/www.lvnoon.com\/de\/wp-json\/wp\/v2\/pages"}],"about":[{"href":"https:\/\/www.lvnoon.com\/de\/wp-json\/wp\/v2\/types\/page"}],"author":[{"embeddable":true,"href":"https:\/\/www.lvnoon.com\/de\/wp-json\/wp\/v2\/users\/1"}],"replies":[{"embeddable":true,"href":"https:\/\/www.lvnoon.com\/de\/wp-json\/wp\/v2\/comments?post=12"}],"version-history":[{"count":5,"href":"https:\/\/www.lvnoon.com\/de\/wp-json\/wp\/v2\/pages\/12\/revisions"}],"predecessor-version":[{"id":8867,"href":"https:\/\/www.lvnoon.com\/de\/wp-json\/wp\/v2\/pages\/12\/revisions\/8867"}],"wp:attachment":[{"href":"https:\/\/www.lvnoon.com\/de\/wp-json\/wp\/v2\/media?parent=12"}],"curies":[{"name":"wp","href":"https:\/\/api.w.org\/{rel}","templated":true}]}}