{"id":3,"date":"2023-02-11T11:44:00","date_gmt":"2023-02-11T03:44:00","guid":{"rendered":"http:\/\/112.74.173.133:2065\/?page_id=3"},"modified":"2024-07-26T19:54:23","modified_gmt":"2024-07-26T11:54:23","slug":"privacy-policy","status":"publish","type":"page","link":"https:\/\/www.lvnoon.com\/de\/privacy-policy\/","title":{"rendered":"Datenschutzbestimmungen"},"content":{"rendered":"<div data-elementor-type=\"wp-page\" data-elementor-id=\"3\" class=\"elementor elementor-3\">\n\t\t\t\t\t\t<section class=\"elementor-section elementor-top-section elementor-element elementor-element-f5ee496 elementor-section-boxed elementor-section-height-default elementor-section-height-default wd-section-disabled\" data-id=\"f5ee496\" data-element_type=\"section\">\n\t\t\t\t\t\t<div class=\"elementor-container elementor-column-gap-default\">\n\t\t\t\t\t<div class=\"elementor-column elementor-col-100 elementor-top-column elementor-element elementor-element-63f60880\" data-id=\"63f60880\" data-element_type=\"column\">\n\t\t\t<div class=\"elementor-widget-wrap elementor-element-populated\">\n\t\t\t\t\t\t<div class=\"elementor-element elementor-element-5479f5dd color-scheme-inherit text-left elementor-widget elementor-widget-text-editor\" data-id=\"5479f5dd\" data-element_type=\"widget\" data-widget_type=\"text-editor.default\">\n\t\t\t\t<div class=\"elementor-widget-container\">\n\t\t\t\t\t\t\t\t\t\n<p><strong><b>LVNOON Ltd Datenschutzrichtlinie<\/b><\/strong><\/p>\n<p>Diese Datenschutzrichtlinie gilt f\u00fcr bestimmte Informationen, wie unten definiert, die Zhongshan LVNOON Electronics Company Limited, ein chinesisches Unternehmen, seine Tochtergesellschaften und verbundenen Unternehmen (\"<strong><b>LVNOON<\/b><\/strong>,\" \"unser\", \"wir\" oder \"uns\") \u00fcber unsere Websites, Produkte und Anwendungen (die \"<strong><b>Dienstleistungen<\/b><\/strong>\").<\/p>\n<p><strong><b>IHRE PRIVATSPH\u00c4RE IST UNS WICHTIG. BITTE LESEN SIE DIESE DATENSCHUTZRICHTLINIE, UM ZU ERFAHREN, WELCHE DATEN LVNOON VON IHNEN SAMMELT UND WIE LVNOON DIESE DATEN VERWENDET.<\/b><\/strong><\/p>\n<p><strong><b>DURCH DIE NUTZUNG DER DIENSTE STIMMEN SIE DER ERFASSUNG, VERWENDUNG UND \u00dcBERTRAGUNG IHRER DATEN, WIE IN DIESER DATENSCHUTZRICHTLINIE BESCHRIEBEN, ZU. WENN SIE MIT IRGENDEINEM TEIL DIESER DATENSCHUTZRICHTLINIE NICHT EINVERSTANDEN SIND, NUTZEN SIE DIE DIENSTE BITTE NICHT.<\/b><\/strong><\/p>\n<p>BITTE SEIEN SIE SICH DESSEN BEWUSST, DASS ALLE VERBUNDENEN DIENSTE UND SYSTEME AUF SERVICES IN DER VOLKSREPUBLIK CHINA (oder China) UNTERGEBUNDEN SEIN K\u00d6NNEN. WENN SIE SICH AUSSERHALB VON CHINA AUFHALTEN, WERDEN DIE VON UNS ERWORBENEN INFORMATIONEN (EINSCHLIE\u00dfLICH COOKIES) IN CHINA VERARBEITET UND GESPEICHERT, DAS UNTER UMST\u00c4NDEN NICHT DEN GLEICHEN SCHUTZ DER PRIVATSPH\u00c4RE BIETETET WIE DAS LAND, IN DEM SIE WOHNEN ODER B\u00dcRGER SIND. DURCH DIE NUTZUNG DER DIENSTE UND DIE BEREITSTELLUNG VON INFORMATIONEN AN UNS SIND SIE MIT DER \u00dcBERTRAGUNG UND VERARBEITUNG DER INFORMATIONEN IN der Volksrepublik China einverstanden.<\/p>\n<p><strong><b>Welche Informationen sammeln wir?<\/b><\/strong><\/p>\n<p><strong><b>Von den Nutzern bereitgestellte Informationen<\/b><\/strong><\/p>\n<ul>\n<li><b><\/b><strong><b>Informationen zu Ihrem Konto<\/b><\/strong>: Sie geben Ihre E-Mail-Adresse an oder melden sich bei einem Konto eines Drittanbieters (wie Facebook) an, um ein Online- oder Anwendungskonto (\"Konto\") zu erstellen oder unsere Mitteilungen zu abonnieren. Wenn Sie sich weigern, diese Informationen anzugeben, k\u00f6nnen Sie die Dienste m\u00f6glicherweise nicht ordnungsgem\u00e4\u00df nutzen. Bei der Erstellung Ihres Kontos werden Sie m\u00f6glicherweise aufgefordert, bestimmte Informationen einzugeben, wie z. B.: Ihren Namen, Ihren Avatar, Ihr Alter, Ihr Geschlecht, Ihre Adresse, Ihre Telefonnummer und Ihre E-Mail-Adresse.<\/li>\n<li><b><\/b><strong><b>Zahlungsinformationen; Drittanbieter-Zahlungsabwickler<\/b><\/strong>Wir verwenden einen externen Zahlungsabwickler (derzeit Paypal), um die sichere Verarbeitung Ihrer pers\u00f6nlichen Zahlungsinformationen zu gew\u00e4hrleisten. Wenn Sie eine Bestellung \u00fcber die Dienste aufgeben, werden die von Ihnen angegebenen Kreditkarteninformationen verschl\u00fcsselt und direkt an Paypal \u00fcbermittelt. Wir speichern Ihre Kreditkartendaten nicht und haben keine Kontrolle \u00fcber Paypal und sind nicht verantwortlich f\u00fcr die Erfassung oder Verwendung Ihrer Daten durch Paypal. Weitere Informationen dar\u00fcber, wie Paypal Ihre Kreditkartendaten speichert und verwendet, finden Sie in den Datenschutzbestimmungen von Paypal.<\/li>\n<li><b><\/b><strong><b>Kundenbetreuung<\/b><\/strong>: Wenn Sie sich mit uns in Verbindung setzen, k\u00f6nnen Sie uns Informationen \u00fcber Ihre Nutzung der Dienste, einschlie\u00dflich Informationen \u00fcber die LVNOON-Produkte (\"Produkte\"), die Sie besitzen, und Kontaktinformationen zur Verf\u00fcgung stellen, damit wir den Kundendienst leisten k\u00f6nnen. Sie k\u00f6nnen zum Beispiel eine E-Mail an den Kundendienst senden, die Informationen \u00fcber die Leistung unseres PKE-Autoalarmsystems und andere Probleme enth\u00e4lt.<\/li>\n<li><b><\/b><strong><b>Deine Stimme<\/b><\/strong>: Wenn Sie eines unserer von der Sprachtechnologie unterst\u00fctzten Produkte, wie z. B. eine Smartphone-APP, zur Steuerung Ihres Fahrzeugs verwenden, wird Ihre Stimme mit Ihrer Erlaubnis von diesem Produkt erfasst und dann von diesem Produkt als Befehl, wie z. B. ein Amazon Alexa- oder Google Assistant-Befehl, an den von Ihnen gew\u00e4hlten Drittanbieter-Account (\"Drittanbieter-Account\") \u00fcbertragen, der Ihnen die gew\u00fcnschten Informationen \u00fcbermittelt.<\/li>\n<\/ul>\n<p><strong><b>Informationen zur Produktverwendung<\/b><\/strong><\/p>\n<ul>\n<li><b><\/b><strong><b>Produkt\u00fcberwachung<\/b><\/strong>: Wir erfassen Informationen dar\u00fcber, wie Sie unsere Produkte installieren und nutzen, wie z. B.: Installation, verwendete Funktionen, durchgef\u00fchrte Vorg\u00e4nge, Spannung, H\u00e4ufigkeit und Dauer Ihrer Aktivit\u00e4ten innerhalb der Dienste sowie alle eindeutigen Kennungen, die mit Ihrem Produkt verbunden sind. Wir erfassen beispielsweise den Zeitraum, in dem Sie das Produkt mit der Anwendung verbunden haben, und den Zeitpunkt der letzten Verbindung sowie die von Ihnen im Konto, in den Einstellungen und in anderen Funktionen unserer Produkte verwendeten Vorg\u00e4nge.<\/li>\n<li><b><\/b><strong><b>Inanspruchnahme von Dienstleistungen<\/b><\/strong>: Wir erfassen Informationen, die unsere Produkte als Teil der Dienste speichern und melden, z. B. wenn Sie die Smartphone-APP zur Einstellung des Fahrzeugs verwenden. Au\u00dferdem speichern wir Ihre Einstellungen, wenn Sie die Nutzung unserer Produkte, wie z. B. die Smartphone-Apps, planen.<\/li>\n<li><b><\/b><strong><b>Bilder und biometrische Informationen<\/b><\/strong>: Wenn Sie sich daf\u00fcr entscheiden, bildgebende und biometrische Funktionen in unseren Produkten zu aktivieren, erfassen und verarbeiten wir bestimmte Informationen, die von unseren Produkten erfasst werden, wie z. B. Gesichtsbilder und zugrunde liegende Gesichtsabdr\u00fccke. Diese Informationen erm\u00f6glichen es Ihrem Produkt, bekannte Gesichter zu erkennen und Sie \u00fcber bekannte und unbekannte Personen zu informieren. Diese Funktionen k\u00f6nnen es Ihnen auch erm\u00f6glichen, die Dienste zu nutzen, um Video- oder Fotobilder von Personen zu erstellen und zu speichern. Je nachdem, wo Sie leben und wie Sie die Produkte und Dienste konfigurieren, m\u00fcssen Sie m\u00f6glicherweise eine ausdr\u00fcckliche Zustimmung einholen, bevor Sie unsere Produkte zum Erstellen und Speichern von Video- oder Fotobildern und\/oder zum Scannen und Abgleichen der Gesichter von Personen verwenden.<\/li>\n<\/ul>\n<p><strong><b>Ger\u00e4t und andere automatisch erfasste Informationen<\/b><\/strong><\/p>\n<ul>\n<li><b><\/b><strong><b>Ger\u00e4teeigenschaften und -funktionen<\/b><\/strong>: Wir erfassen bestimmte Informationen von und \u00fcber Ihr Fahrzeug, Smartphone, Tablet oder Ihren PC (\"Ger\u00e4t\"), wie z. B.: Ger\u00e4tenummer, Modell, Hardware- und Softwareversion, Signalst\u00e4rke, Internetprotokoll (IP)-Adressen und andere Informationen. Wir erfassen auch Informationen \u00fcber die Vorg\u00e4nge, die Sie mit dem Ger\u00e4t durchf\u00fchren, wie Zeit, H\u00e4ufigkeit und Dauer der Nutzung.<\/li>\n<li><b><\/b><strong><b>Ger\u00e4te-Signale<\/b><\/strong>: Wir erfassen Informationen, die Ihr Ger\u00e4t sendet oder empf\u00e4ngt, um die Dienste auf unsere Nutzer in verschiedenen Regionen zuzuschneiden, wie z. B.: geografischer Standort, IP-Adressen und externe Hardware-Informationen von Ihrem Ger\u00e4t \u00fcber umliegende Wi-Fi-Zugangspunkte, Beacons und Mobilfunkmasten. Sie k\u00f6nnen die \u00dcbermittlung solcher Informationen an uns aktivieren und deaktivieren, indem Sie die Sicherheits- und Datenschutzeinstellungen Ihres Ger\u00e4ts anpassen.<\/li>\n<li><b><\/b><strong><b>Server-Protokolle<\/b><\/strong>: Ein Serverprotokoll ist eine Liste der Aktivit\u00e4ten, die ein Server durchf\u00fchrt. Die Server von LVNOON sammeln und speichern automatisch bestimmte Informationen in den Serverprotokollen, wie z.B.: Ihre Suchanfragen, IP-Adressen, Hardware-Einstellungen, Browsertyp, Browsersprache, Datum und Uhrzeit Ihrer Anfrage, Referral URL und bestimmte Cookies, die Ihren Browser oder Ihr Konto identifizieren.<\/li>\n<li><b><\/b><strong><b>Web-Beacons<\/b><\/strong>: Ein Web-Beacon (auch Pixel-Tag oder Clear GIF genannt) ist ein Computercode, der Informationen von Ihrem Ger\u00e4t an einen Server \u00fcbertr\u00e4gt. Einige der LVNOON-Dienste und -Kommunikationen k\u00f6nnen eingebettete Web-Beacons enthalten, die es einem Server erm\u00f6glichen, bestimmte Arten von Informationen von Ihrem Ger\u00e4t zu lesen, wie zum Beispiel: die Anzahl der Personen, die bestimmte Inhalte angesehen haben, wann Sie eine E-Mail-Nachricht ge\u00f6ffnet haben und die IP-Adresse Ihres Ger\u00e4ts. Web Beacons helfen LVNOON, statistische Informationen zu entwickeln, um bessere und pers\u00f6nlichere Inhalte anbieten zu k\u00f6nnen.<\/li>\n<li><b><\/b><strong><b>Cookies<\/b><\/strong>: Cookies sind kleine Textdateien, die an Ihren Webbrowser oder die Festplatte Ihres Computers gesendet oder von dort abgerufen werden. Ein Cookie enth\u00e4lt in der Regel den Namen der Domain (Internetadresse), von der das Cookie stammt, die \"Lebensdauer\" des Cookies (d.h. wann es abl\u00e4uft) und eine zuf\u00e4llig generierte eindeutige Nummer oder eine \u00e4hnliche Kennung. Ein Cookie kann auch Informationen \u00fcber das Ger\u00e4t enthalten, wie z.B.: Benutzereinstellungen, Browserverlauf und Aktivit\u00e4ten, die w\u00e4hrend der Nutzung der Dienste durchgef\u00fchrt wurden.<\/li>\n<\/ul>\n<p>Unsere Dienste verwenden die folgenden Cookies:<\/p>\n<ul>\n<li>Streng notwendige Cookies, die f\u00fcr den Betrieb der Dienste erforderlich sind. Ohne sie k\u00f6nnten Sie zum Beispiel Ihr Konto nicht nutzen.<\/li>\n<li>Analytische\/Leistungs-Cookies, die es LVNOON erm\u00f6glichen, die Anzahl der Besucher zu erkennen und zu z\u00e4hlen, zu erfahren, wie die Besucher durch die Dienste navigieren, und die Dienste zu verbessern.<\/li>\n<li>Funktionalit\u00e4ts-Cookies, die LVNOON verwendet, um Sie zu erkennen, wenn Sie zu den Services zur\u00fcckkehren.<\/li>\n<\/ul>\n<p>Weitere Informationen \u00fcber Cookies und Web Beacons finden Sie unter <a href=\"http:\/\/www.allaboutcookies.org\/\"><u>www.allaboutcookies.org<\/u><\/a>.\u00a0<\/p>\n<ul>\n<li><b><\/b><strong><b>Analytische Dienstleistungen<\/b><\/strong>: LVNOON verwendet auch Analysedienste, wie z.B. Google Analytics, um Ihre Informationen zu sammeln und zu analysieren. Im Allgemeinen identifizieren Analysedienste keine individuellen Benutzer. Bei vielen Analysediensten haben Sie die M\u00f6glichkeit, die Datenerfassung abzulehnen. Um mehr \u00fcber die Praktiken von Google Analytics zu erfahren und sich dagegen zu entscheiden, besuchen Sie zum Beispiel <a href=\"https:\/\/www.google.com\/settings\/ads\"><u>google.com\/settings\/ads<\/u><\/a>oder durch Herunterladen des Browser-Add-ons zur Deaktivierung von Google Analytics unter <a href=\"https:\/\/tools.google.com\/dlpage\/gaoptout\"><u>https:\/\/tools.google.com\/dlpage\/gaoptout<\/u><\/a>.<\/li>\n<\/ul>\n<p><strong><b>Informationen von Drittanbietern<\/b><\/strong><\/p>\n<p>Wir sammeln und verwenden Informationen, die wir von Facebook, Google, Amazon und anderen Konten erhalten haben, die Sie zur Anmeldung bei den Diensten verwenden (\"Konten von Drittanbietern\"), wie z. B.: Ihren Namen, Ihren Benutzernamen oder Ihr Handle, Ihr Geburtsdatum, Ihr Bild und andere Details, die Sie in Ihrem Profil des Kontos eines Drittanbieters haben. Wir haben keinen Zugang zu den Passw\u00f6rtern Ihrer Konten von Drittanbietern.<\/p>\n<p><strong><b>Schutz der Privatsph\u00e4re von Kindern und Minderj\u00e4hrigen<\/b><\/strong><\/p>\n<ul>\n<li>\u00dcber den Schutz der pers\u00f6nlichen Daten von Jugendlichen. Das Unternehmen misst dem Schutz der personenbezogenen Daten von Jugendlichen gro\u00dfe Bedeutung bei. Wenn Sie ein Jugendlicher unter 16 Jahren sind (gem\u00e4\u00df den gesetzlichen Bestimmungen der EU-Mitgliedsstaaten darf das Mindestalter nicht unter 13 Jahren liegen), m\u00fcssen Sie die schriftliche Zustimmung Ihrer Eltern oder Erziehungsberechtigten einholen, bevor Sie dieses Produkt und diesen Dienst nutzen. Dieses Produkt und dieser Dienst sch\u00fctzen die personenbezogenen Daten von Jugendlichen in \u00dcbereinstimmung mit den einschl\u00e4gigen EU-Gesetzen und -Verordnungen.<\/li>\n<li>Die Dienste sind nicht f\u00fcr die Nutzung durch Minderj\u00e4hrige bestimmt. Wenn wir erfahren, dass wir Informationen direkt von einem Minderj\u00e4hrigen erhalten haben, werden wir in \u00dcbereinstimmung mit den Anforderungen des geltenden Rechts Ma\u00dfnahmen ergreifen, um diese Informationen zu l\u00f6schen oder zu vernichten.<\/li>\n<li><b><\/b><strong><b>K\u00f6nnen Sie Ihre Zustimmung zur Erhebung und\/oder Verwendung von Daten widerrufen?<\/b><\/strong><\/li>\n<\/ul>\n<p>Sie k\u00f6nnen Ihre Zustimmung zur Erfassung, Verwendung und\/oder Weitergabe Ihrer personenbezogenen Daten, die sich in unserem Besitz oder unter unserer Kontrolle befinden, widerrufen, indem Sie einen Antrag stellen an <a href=\"mailto:sales@lvnoon.com\"><u>Verk\u00e4ufe@<\/u><u>lvnoon<\/u><u>.com<\/u><\/a>\u00a0oder befolgen Sie die unten stehenden Anweisungen zur L\u00f6schung Ihres Kontos. Je nachdem, in welchem Umfang Sie Ihre Zustimmung widerrufen, kann die Funktionalit\u00e4t Ihres Kontos, Ihrer Produkte und Dienstleistungen beeintr\u00e4chtigt werden, einschlie\u00dflich des Verlusts des Zugriffs oder der Nutzung Ihres Kontos, Ihrer Produkte und\/oder Dienstleistungen.<\/p>\n<p><strong><b>Wozu verwenden wir Ihre Informationen?<\/b><\/strong><\/p>\n<p><strong><b>Alle Informationen, die wir von Ihnen sammeln, k\u00f6nnen auf eine der folgenden Arten verwendet werden:<\/b><\/strong><\/p>\n<ul>\n<li><b><\/b><strong><b>Zur Verarbeitung von Transaktionen<\/b><\/strong>: Wir verwenden Ihre Daten, um Zahlungen zu verarbeiten, die Sie \u00fcber die Dienste t\u00e4tigen.<\/li>\n<li><b><\/b><strong><b>So senden Sie regelm\u00e4\u00dfig E-Mails<\/b><\/strong>: Die E-Mail-Adresse, die Sie f\u00fcr die Auftragsabwicklung oder f\u00fcr Ihr Konto angeben, kann verwendet werden, um Ihnen Informationen und Aktualisierungen in Bezug auf Ihren Auftrag zuzusenden. Au\u00dferdem erhalten Sie von Zeit zu Zeit Unternehmensnachrichten, Aktualisierungen, Informationen zu Produkten oder Dienstleistungen, einschlie\u00dflich Aktualisierungen unserer Gesch\u00e4ftsbedingungen und Richtlinien sowie andere wichtige Mitteilungen. Wir k\u00f6nnen Ihnen auch Marketing- und Werbemitteilungen schicken, von denen wir glauben, dass sie f\u00fcr Ihre Interessen relevant sind.<\/li>\n<li><b><\/b><strong><b>Unser Service<\/b><\/strong>: Wir betreiben und bieten Dienstleistungen an, einschlie\u00dflich der Bereitstellung von Kundensupport und der Verbesserung, Reparatur und Anpassung der Dienste. Wir verwenden Ihre Daten, um zu verstehen, wie Menschen die Dienste nutzen, und um diese zu bewerten und zu verbessern. Dar\u00fcber hinaus verwenden wir Ihre Daten, um neue Dienste, Produkte und Funktionen zu erforschen, zu entwickeln und zu testen sowie um Fehler zu beheben. Wir verwenden Ihre Daten auch, um Ihnen zu antworten, wenn Sie uns kontaktieren. Wir verwenden Cookies, um die Dienste zu betreiben, bereitzustellen, zu verbessern, zu verstehen und anzupassen.<\/li>\n<li><b><\/b><strong><b>Sicherheit und Datenschutz<\/b><\/strong>: Wir verwenden Ihre Daten, um Kontodetails und Aktivit\u00e4ten zu \u00fcberpr\u00fcfen. Wir verwenden Ihre Daten auch, um die Sicherheit und den Datenschutz der Dienste zu f\u00f6rdern, z. B. um verd\u00e4chtige Aktivit\u00e4ten oder Verst\u00f6\u00dfe gegen unsere Bedingungen zu untersuchen.<\/li>\n<li><b><\/b><strong><b>Werbung und Gesch\u00e4ftsinformationen<\/b><\/strong>: Wir k\u00f6nnen Ihnen und anderen Werbung f\u00fcr unsere Produkte und Produkte von Drittanbietern zeigen, die auf den von Ihnen gesammelten Informationen basiert, wie z. B.: was Sie installiert, aufgerufen, verwendet und gekauft haben.<\/li>\n<li><b><\/b><strong><b>Zugriff auf Konten von Drittanbietern<\/b><\/strong>: Wir verwenden Ihre Informationen, einschlie\u00dflich der Informationen \u00fcber Konten von Drittanbietern, um Ihren Produkten und den Diensten den Zugang zu Konten von Drittanbietern zu erm\u00f6glichen. Diese Konten von Drittanbietern k\u00f6nnen es Ihnen erm\u00f6glichen, pers\u00f6nliche Informationen \u00fcber unsere Dienste zu teilen, wie z. B. Facebook-Posts oder Bilder. Da diese Art von Informationen \u00f6ffentlich sein kann, sollten Sie sorgf\u00e4ltig darauf achten, was Sie an Konten Dritter \u00fcbermitteln. Bitte passen Sie die Datenschutzeinstellungen Ihres Drittanbieterkontos entsprechend an.<\/li>\n<\/ul>\n<p><strong><b>Wie werden diese Informationen weitergegeben?<\/b><\/strong><\/p>\n<ul>\n<li><b><\/b><strong><b>Drittanbieter<\/b><\/strong>: Wir geben Ihre Daten an Drittanbieter weiter, mit denen wir zusammenarbeiten, um uns beim Betrieb, der Bereitstellung, der Analyse, der Verbesserung, dem Verst\u00e4ndnis, der Anpassung, dem Support und der Vermarktung der Dienste zu unterst\u00fctzen.<\/li>\n<li><b><\/b><strong><b>Dienste von Dritten<\/b><\/strong>: Wenn Sie Dienste Dritter nutzen, z. B. \u00fcber Konten Dritter, die in die Produkte und Dienste integriert sind, k\u00f6nnen diese Ihre Daten erhalten. Wenn Sie Dienste Dritter nutzen, gelten deren eigene Bedingungen und Datenschutzrichtlinien f\u00fcr Ihre Nutzung dieser Dienste.<\/li>\n<li><b><\/b><strong><b>Regulatorische und rechtliche Fragen<\/b><\/strong>: Wir k\u00f6nnen Ihre Daten auch an Dritte weitergeben, wenn wir der Meinung sind, dass dies angemessen ist, um das Gesetz zu befolgen, unsere Bedingungen und Richtlinien durchzusetzen oder unsere oder die Rechte, das Eigentum oder die Sicherheit anderer zu sch\u00fctzen.<\/li>\n<\/ul>\n<p><strong><b>Wie sch\u00fctzen wir Ihre Daten?<\/b><\/strong><\/p>\n<p>Wir setzen eine Reihe von Sicherheitsma\u00dfnahmen ein, um die Sicherheit Ihrer Daten zu gew\u00e4hrleisten, wenn Sie eine Bestellung aufgeben oder Ihre Daten eingeben, \u00fcbermitteln oder abrufen. Wir bieten die Verwendung eines sicheren Servers an. Alle \u00fcbermittelten personenbezogenen Zahlungsinformationen werden \u00fcber die Secure Socket Layer (SSL)-Technologie \u00fcbertragen. Nach einer Transaktion werden Ihre Kreditkarteninformationen nicht auf unseren Servern gespeichert.<\/p>\n<p><strong><b>Wie k\u00f6nnen Sie Informationen \u00fcber sich, einschlie\u00dflich Ihres Kontos, verwalten?<\/b><\/strong><\/p>\n<p>Wir bieten Ihnen die M\u00f6glichkeit, Ihre Daten zu \u00fcberpr\u00fcfen, zu verwalten oder zu l\u00f6schen.<\/p>\n<ul>\n<li>\u00c4ndern Sie Ihre E-Mail, Ihren Spitznamen und mehr: Sie k\u00f6nnen Ihre Kontoprofilinformationen \u00fcberpr\u00fcfen und \u00e4ndern, indem Sie sich bei Ihrem Konto anmelden und die Seite mit den Kontoeinstellungen aufrufen.<\/li>\n<li>Abbestellen: Wenn Sie zu irgendeinem Zeitpunkt Ihre Kommunikationseinstellungen verwalten m\u00f6chten, z. B. den Erhalt von E-Mails abbestellen m\u00f6chten, finden Sie am Ende jeder E-Mail detaillierte Anweisungen zur Abbestellung. Sie k\u00f6nnen das Abonnement auch abbestellen, indem Sie sich bei Ihrem Konto anmelden und die Seite mit den Kontoeinstellungen aufrufen.<\/li>\n<li>L\u00f6schung Ihres Kontos: Wenn Sie Ihr Konto l\u00f6schen m\u00f6chten, k\u00f6nnen Sie dies auf Ihrer Kontoeinstellungsseite tun. Durch die L\u00f6schung Ihres Kontos werden die mit Ihrem Konto verbundenen personenbezogenen Daten entfernt.<\/li>\n<\/ul>\n<p><strong><b>Wie lange werden die Daten gespeichert?<\/b><\/strong><\/p>\n<p>Wir speichern Ihre Daten, bis wir sie nicht mehr f\u00fcr die Bereitstellung der Dienste ben\u00f6tigen, wie in dieser Datenschutzrichtlinie beschrieben, oder bis Sie Ihr Konto wie oben beschrieben l\u00f6schen, je nachdem, was zuerst eintritt.<\/p>\n<p><strong><b>Links von Drittanbietern<\/b><\/strong><\/p>\n<p>Gelegentlich k\u00f6nnen wir nach unserem Ermessen Links zu Websites Dritter in unsere Dienste aufnehmen. Diese Websites Dritter haben separate und unabh\u00e4ngige Datenschutzrichtlinien. Bitte nutzen Sie diese Websites Dritter mit Vorsicht. Wir \u00fcbernehmen keine Verantwortung oder Haftung f\u00fcr den Inhalt und die Aktivit\u00e4ten dieser verlinkten Websites.<\/p>\n<p><strong><b>\u00c4nderungen an unserer Datenschutzrichtlinie<\/b><\/strong><\/p>\n<p>LVNOON beh\u00e4lt sich das Recht vor, diese Datenschutzrichtlinie von Zeit zu Zeit zu \u00fcberarbeiten und zu aktualisieren. Alle \u00c4nderungen treten sofort in Kraft, wenn wir sie, wie oben datiert, ver\u00f6ffentlichen, und gelten danach f\u00fcr die Dienste. Wenn Sie die Services nach der Ver\u00f6ffentlichung der \u00c4nderungen weiterhin nutzen, bedeutet dies, dass Sie die \u00fcberarbeiteten \u00c4nderungen akzeptieren.<\/p>\n<p><strong><b>Wie k\u00f6nnen Sie LVNOON bei Fragen kontaktieren?<\/b><\/strong><\/p>\n<p>Wenn Sie Fragen oder Bedenken haben, k\u00f6nnen Sie uns auf verschiedene Weise kontaktieren.<\/p>\n<p>Mailen Sie uns:<a href=\"mailto:sales@lvnoon.com\"><u>Verk\u00e4ufe@<\/u><u>lvnoon<\/u><u>.com<\/u><\/a><\/p>\n<p>Rufen Sie uns an:+86 136 8025 1078<\/p>\n\t\t\t\t\t\t\t\t<\/div>\n\t\t\t\t<\/div>\n\t\t\t\t\t<\/div>\n\t\t<\/div>\n\t\t\t\t\t<\/div>\n\t\t<\/section>\n\t\t\t\t<\/div>","protected":false},"excerpt":{"rendered":"<p>LVNOON Ltd Privacy Policy This Privacy Policy applies to certain information, as defined below, that Zhongshan LVNOON Electronics Company Limited,<\/p>","protected":false},"author":1,"featured_media":0,"parent":0,"menu_order":0,"comment_status":"closed","ping_status":"closed","template":"","meta":{"footnotes":""},"class_list":["post-3","page","type-page","status-publish","hentry"],"_links":{"self":[{"href":"https:\/\/www.lvnoon.com\/de\/wp-json\/wp\/v2\/pages\/3","targetHints":{"allow":["GET"]}}],"collection":[{"href":"https:\/\/www.lvnoon.com\/de\/wp-json\/wp\/v2\/pages"}],"about":[{"href":"https:\/\/www.lvnoon.com\/de\/wp-json\/wp\/v2\/types\/page"}],"author":[{"embeddable":true,"href":"https:\/\/www.lvnoon.com\/de\/wp-json\/wp\/v2\/users\/1"}],"replies":[{"embeddable":true,"href":"https:\/\/www.lvnoon.com\/de\/wp-json\/wp\/v2\/comments?post=3"}],"version-history":[{"count":7,"href":"https:\/\/www.lvnoon.com\/de\/wp-json\/wp\/v2\/pages\/3\/revisions"}],"predecessor-version":[{"id":8863,"href":"https:\/\/www.lvnoon.com\/de\/wp-json\/wp\/v2\/pages\/3\/revisions\/8863"}],"wp:attachment":[{"href":"https:\/\/www.lvnoon.com\/de\/wp-json\/wp\/v2\/media?parent=3"}],"curies":[{"name":"wp","href":"https:\/\/api.w.org\/{rel}","templated":true}]}}