{"id":10680,"date":"2025-10-20T11:07:17","date_gmt":"2025-10-20T03:07:17","guid":{"rendered":"https:\/\/www.lvnoon.com\/?post_type=product&#038;p=10680"},"modified":"2025-10-21T11:53:51","modified_gmt":"2025-10-21T03:53:51","slug":"100-215kwh-intelligent-bess","status":"publish","type":"product","link":"https:\/\/www.lvnoon.com\/de\/product\/100-215kwh-intelligent-bess\/","title":{"rendered":"100-215KWH Intelligentes BESS"},"content":{"rendered":"<div data-elementor-type=\"product-post\" data-elementor-id=\"10680\" class=\"elementor elementor-10680\">\n\t\t\t\t\t\t<section class=\"elementor-section elementor-top-section elementor-element elementor-element-6bd778c elementor-section-boxed elementor-section-height-default elementor-section-height-default wd-section-disabled\" data-id=\"6bd778c\" data-element_type=\"section\">\n\t\t\t\t\t\t<div class=\"elementor-container elementor-column-gap-default\">\n\t\t\t\t\t<div class=\"elementor-column elementor-col-100 elementor-top-column elementor-element elementor-element-8c28590\" data-id=\"8c28590\" data-element_type=\"column\">\n\t\t\t<div class=\"elementor-widget-wrap elementor-element-populated\">\n\t\t\t\t\t\t<div class=\"elementor-element elementor-element-10e8bbe color-scheme-inherit text-left elementor-widget elementor-widget-text-editor\" data-id=\"10e8bbe\" data-element_type=\"widget\" data-widget_type=\"text-editor.default\">\n\t\t\t\t<div class=\"elementor-widget-container\">\n\t\t\t\t\t\t\t\t\t<table width=\"803\"><tbody><tr><td width=\"225\">Modell<\/td><td width=\"578\">LVA215A100-01M<\/td><\/tr><tr><td colspan=\"2\" width=\"803\">Batterie-Daten<\/td><\/tr><tr><td width=\"225\">Nominale Energie<\/td><td width=\"578\">215kWh<\/td><\/tr><tr><td width=\"225\">Nennspannung<\/td><td width=\"578\">768V<\/td><\/tr><tr><td width=\"225\">Batterie-Modell<\/td><td width=\"578\">280Ah<\/td><\/tr><tr><td width=\"225\">Batteriechemie<\/td><td width=\"578\">LiFePO4<\/td><\/tr><tr><td width=\"225\">Zyklus Leben<\/td><td width=\"578\">\u22658000 Zyklen (@25\u00b0C, 0,5P\/0,5P)<\/td><\/tr><tr><td width=\"225\">Spezifikation der Zelle<\/td><td width=\"578\">3,2V 280Ah<\/td><\/tr><tr><td width=\"225\">Akku-Pack Energie<\/td><td width=\"578\">14.336kWh<\/td><\/tr><tr><td width=\"225\">String-Konfiguration<\/td><td width=\"578\">1P240S<\/td><\/tr><tr><td width=\"225\">Anzahl der F\u00e4cher<\/td><td width=\"578\">1<\/td><\/tr><tr><td width=\"225\">Betriebsspannung<\/td><td width=\"578\">672V - 876V<\/td><\/tr><tr><td width=\"225\">Nenn-Ladeleistung<\/td><td width=\"578\">0.5P<\/td><\/tr><tr><td width=\"225\">Nenn-Entladeleistung<\/td><td width=\"578\">0.5P<\/td><\/tr><tr><td colspan=\"2\" width=\"803\">Sicherheit<\/td><\/tr><tr><td width=\"225\">Feuerunterdr\u00fcckungssystem<\/td><td width=\"578\">Aerosol-Feuerl\u00f6schmittel<\/td><\/tr><tr><td colspan=\"2\" width=\"803\">Daten zum Wechselrichter<\/td><\/tr><tr><td width=\"225\">Nennleistung<\/td><td width=\"578\">100kW<\/td><\/tr><tr><td colspan=\"2\" width=\"803\">\u00a0\u00a0 Weitere Einzelheiten entnehmen Sie bitte dem Abschnitt Pcs.<\/td><\/tr><tr><td colspan=\"2\" width=\"803\">Allgemein<\/td><\/tr><tr><td width=\"225\">Abmessungen (B\u00d7T\u00d7H)<\/td><td width=\"578\">1600\u00d71000\u00d72360mm<\/td><\/tr><tr><td width=\"225\">Gewicht<\/td><td width=\"578\">\u22643900kg<\/td><\/tr><tr><td width=\"225\">IP-Einstufung<\/td><td width=\"578\">IP54<\/td><\/tr><tr><td width=\"225\">Methode der K\u00fchlung<\/td><td width=\"578\">Intelligente Luftk\u00fchlung<\/td><\/tr><tr><td width=\"225\">Betriebstemperatur<\/td><td width=\"578\">-20\u00b0C - +50\u00b0C<\/td><\/tr><tr><td width=\"225\">Lagertemperatur<\/td><td width=\"578\">-30\u00b0C - +60\u00b0C<\/td><\/tr><tr><td width=\"225\">Relative Luftfeuchtigkeit<\/td><td width=\"578\">15% - 90% (nicht-kondensierend)<\/td><\/tr><tr><td width=\"225\">Betriebsh\u00f6he<\/td><td width=\"578\">\u22643000m<\/td><\/tr><tr><td width=\"225\">Kommunikationsschnittstellen<\/td><td width=\"578\">LAN\/CAN\/RS485<\/td><\/tr><tr><td width=\"225\">Einhaltung der Vorschriften<\/td><td width=\"578\">IEC\/EN 62619, IEC\/EN 61000, UN38.3, MSDS<\/td><\/tr><\/tbody><\/table>\t\t\t\t\t\t\t\t<\/div>\n\t\t\t\t<\/div>\n\t\t\t\t<div class=\"elementor-element elementor-element-be2c6ca elementor-widget elementor-widget-image\" data-id=\"be2c6ca\" data-element_type=\"widget\" data-widget_type=\"image.default\">\n\t\t\t\t<div class=\"elementor-widget-container\">\n\t\t\t\t\t\t\t\t\t\t\t\t\t\t\t<img fetchpriority=\"high\" decoding=\"async\" width=\"1300\" height=\"594\" src=\"https:\/\/www.lvnoon.com\/wp-content\/uploads\/2025\/10\/parameters-1300x594.png\" class=\"attachment-large size-large wp-image-10688\" alt=\"\" srcset=\"https:\/\/www.lvnoon.com\/wp-content\/uploads\/2025\/10\/parameters-1300x594.png 1300w, https:\/\/www.lvnoon.com\/wp-content\/uploads\/2025\/10\/parameters-400x183.png 400w, https:\/\/www.lvnoon.com\/wp-content\/uploads\/2025\/10\/parameters-768x351.png 768w, https:\/\/www.lvnoon.com\/wp-content\/uploads\/2025\/10\/parameters-1536x702.png 1536w, https:\/\/www.lvnoon.com\/wp-content\/uploads\/2025\/10\/parameters-18x8.png 18w, https:\/\/www.lvnoon.com\/wp-content\/uploads\/2025\/10\/parameters-860x393.png 860w, https:\/\/www.lvnoon.com\/wp-content\/uploads\/2025\/10\/parameters-430x196.png 430w, https:\/\/www.lvnoon.com\/wp-content\/uploads\/2025\/10\/parameters-700x320.png 700w, https:\/\/www.lvnoon.com\/wp-content\/uploads\/2025\/10\/parameters-150x69.png 150w, https:\/\/www.lvnoon.com\/wp-content\/uploads\/2025\/10\/parameters.png 1920w\" sizes=\"(max-width: 1300px) 100vw, 1300px\" \/>\t\t\t\t\t\t\t\t\t\t\t\t\t\t\t<\/div>\n\t\t\t\t<\/div>\n\t\t\t\t\t<\/div>\n\t\t<\/div>\n\t\t\t\t\t<\/div>\n\t\t<\/section>\n\t\t\t\t<section class=\"elementor-section elementor-top-section elementor-element elementor-element-b7b9386 elementor-section-boxed elementor-section-height-default elementor-section-height-default wd-section-disabled\" data-id=\"b7b9386\" data-element_type=\"section\">\n\t\t\t\t\t\t<div class=\"elementor-container elementor-column-gap-default\">\n\t\t\t\t\t<div class=\"elementor-column elementor-col-100 elementor-top-column elementor-element elementor-element-f47db75\" data-id=\"f47db75\" data-element_type=\"column\">\n\t\t\t<div class=\"elementor-widget-wrap elementor-element-populated\">\n\t\t\t\t\t\t<div class=\"elementor-element elementor-element-a3469dc elementor-widget elementor-widget-heading\" data-id=\"a3469dc\" data-element_type=\"widget\" data-widget_type=\"heading.default\">\n\t\t\t\t<div class=\"elementor-widget-container\">\n\t\t\t\t\t<h2 class=\"elementor-heading-title elementor-size-xl\">Kompatibilit\u00e4tslisten von Wechselrichtermarken<\/h2>\t\t\t\t<\/div>\n\t\t\t\t<\/div>\n\t\t\t\t<div class=\"elementor-element elementor-element-737e2b9 elementor-widget elementor-widget-image\" data-id=\"737e2b9\" data-element_type=\"widget\" data-widget_type=\"image.default\">\n\t\t\t\t<div class=\"elementor-widget-container\">\n\t\t\t\t\t\t\t\t\t\t\t\t\t\t\t<img decoding=\"async\" width=\"1300\" height=\"223\" src=\"https:\/\/www.lvnoon.com\/wp-content\/uploads\/2025\/10\/Compatible-Lists-of-Inverter-Brands-1300x223.png\" class=\"attachment-large size-large wp-image-10687\" alt=\"\" srcset=\"https:\/\/www.lvnoon.com\/wp-content\/uploads\/2025\/10\/Compatible-Lists-of-Inverter-Brands-1300x223.png 1300w, https:\/\/www.lvnoon.com\/wp-content\/uploads\/2025\/10\/Compatible-Lists-of-Inverter-Brands-400x69.png 400w, https:\/\/www.lvnoon.com\/wp-content\/uploads\/2025\/10\/Compatible-Lists-of-Inverter-Brands-768x132.png 768w, https:\/\/www.lvnoon.com\/wp-content\/uploads\/2025\/10\/Compatible-Lists-of-Inverter-Brands-1536x264.png 1536w, https:\/\/www.lvnoon.com\/wp-content\/uploads\/2025\/10\/Compatible-Lists-of-Inverter-Brands-18x3.png 18w, https:\/\/www.lvnoon.com\/wp-content\/uploads\/2025\/10\/Compatible-Lists-of-Inverter-Brands-860x148.png 860w, https:\/\/www.lvnoon.com\/wp-content\/uploads\/2025\/10\/Compatible-Lists-of-Inverter-Brands-430x74.png 430w, https:\/\/www.lvnoon.com\/wp-content\/uploads\/2025\/10\/Compatible-Lists-of-Inverter-Brands-700x120.png 700w, https:\/\/www.lvnoon.com\/wp-content\/uploads\/2025\/10\/Compatible-Lists-of-Inverter-Brands-150x26.png 150w, https:\/\/www.lvnoon.com\/wp-content\/uploads\/2025\/10\/Compatible-Lists-of-Inverter-Brands.png 1920w\" sizes=\"(max-width: 1300px) 100vw, 1300px\" \/>\t\t\t\t\t\t\t\t\t\t\t\t\t\t\t<\/div>\n\t\t\t\t<\/div>\n\t\t\t\t\t<\/div>\n\t\t<\/div>\n\t\t\t\t\t<\/div>\n\t\t<\/section>\n\t\t\t\t<section class=\"elementor-section elementor-top-section elementor-element elementor-element-765f734 elementor-section-boxed elementor-section-height-default elementor-section-height-default wd-section-disabled\" data-id=\"765f734\" data-element_type=\"section\">\n\t\t\t\t\t\t<div class=\"elementor-container elementor-column-gap-default\">\n\t\t\t\t\t<div class=\"elementor-column elementor-col-100 elementor-top-column elementor-element elementor-element-a5b29c6\" data-id=\"a5b29c6\" data-element_type=\"column\">\n\t\t\t<div class=\"elementor-widget-wrap elementor-element-populated\">\n\t\t\t\t\t\t<div class=\"elementor-element elementor-element-838422a elementor-widget-divider--view-line elementor-widget elementor-widget-divider\" data-id=\"838422a\" data-element_type=\"widget\" data-widget_type=\"divider.default\">\n\t\t\t\t<div class=\"elementor-widget-container\">\n\t\t\t\t\t\t\t<div class=\"elementor-divider\">\n\t\t\t<span class=\"elementor-divider-separator\">\n\t\t\t\t\t\t<\/span>\n\t\t<\/div>\n\t\t\t\t\t\t<\/div>\n\t\t\t\t<\/div>\n\t\t\t\t<div class=\"elementor-element elementor-element-3b8a1e3 elementor-widget elementor-widget-heading\" data-id=\"3b8a1e3\" data-element_type=\"widget\" data-widget_type=\"heading.default\">\n\t\t\t\t<div class=\"elementor-widget-container\">\n\t\t\t\t\t<h2 class=\"elementor-heading-title elementor-size-xl\">Jetzt anfragen<\/h2>\t\t\t\t<\/div>\n\t\t\t\t<\/div>\n\t\t\t\t\t<\/div>\n\t\t<\/div>\n\t\t\t\t\t<\/div>\n\t\t<\/section>\n\t\t\t\t<section class=\"elementor-section elementor-top-section elementor-element elementor-element-c39246d elementor-section-boxed elementor-section-height-default elementor-section-height-default wd-section-disabled\" data-id=\"c39246d\" data-element_type=\"section\" data-settings=\"{&quot;background_background&quot;:&quot;classic&quot;}\">\n\t\t\t\t\t\t\t<div class=\"elementor-background-overlay\"><\/div>\n\t\t\t\t\t\t\t<div class=\"elementor-container elementor-column-gap-default\">\n\t\t\t\t\t<div class=\"elementor-column elementor-col-100 elementor-top-column elementor-element elementor-element-24af12e\" data-id=\"24af12e\" data-element_type=\"column\">\n\t\t\t<div class=\"elementor-widget-wrap elementor-element-populated\">\n\t\t\t\t\t\t<div class=\"elementor-element elementor-element-43321f4 elementor-button-align-stretch elementor-widget elementor-widget-form\" data-id=\"43321f4\" data-element_type=\"widget\" data-settings=\"{&quot;button_width&quot;:&quot;30&quot;,&quot;step_next_label&quot;:&quot;Next&quot;,&quot;step_previous_label&quot;:&quot;Previous&quot;,&quot;step_type&quot;:&quot;number_text&quot;,&quot;step_icon_shape&quot;:&quot;circle&quot;}\" data-widget_type=\"form.default\">\n\t\t\t\t<div class=\"elementor-widget-container\">\n\t\t\t\t\t\t\t<form class=\"elementor-form\" method=\"post\" name=\"New Form\" action=\"\">\n\t\t\t<input type=\"hidden\" name=\"post_id\" value=\"10680\"\/>\n\t\t\t<input type=\"hidden\" name=\"form_id\" value=\"43321f4\"\/>\n\t\t\t<input type=\"hidden\" name=\"referer_title\" value=\"LVNOON Lifepo4 Battery System\" \/>\n\n\t\t\t\n\t\t\t<div class=\"elementor-form-fields-wrapper elementor-labels-\">\n\t\t\t\t\t\t\t\t<div class=\"elementor-field-type-text elementor-field-group elementor-column elementor-field-group-name elementor-col-50 elementor-field-required\">\n\t\t\t\t\t\t\t\t\t\t\t\t<label for=\"form-field-name\" class=\"elementor-field-label elementor-screen-only\">\n\t\t\t\t\t\t\t\tVorname*\t\t\t\t\t\t\t<\/label>\n\t\t\t\t\t\t\t\t\t\t\t\t\t\t<input size=\"1\" type=\"text\" name=\"form_fields[name]\" id=\"form-field-name\" class=\"elementor-field elementor-size-sm  elementor-field-textual\" placeholder=\"Vorname*\" required=\"required\" aria-required=\"true\">\n\t\t\t\t\t\t\t\t\t\t\t<\/div>\n\t\t\t\t\t\t\t\t<div class=\"elementor-field-type-text elementor-field-group elementor-column elementor-field-group-Company elementor-col-50\">\n\t\t\t\t\t\t\t\t\t\t\t\t<label for=\"form-field-Company\" class=\"elementor-field-label elementor-screen-only\">\n\t\t\t\t\t\t\t\tUnternehmen\t\t\t\t\t\t\t<\/label>\n\t\t\t\t\t\t\t\t\t\t\t\t\t\t<input size=\"1\" type=\"text\" name=\"form_fields[Company]\" id=\"form-field-Company\" class=\"elementor-field elementor-size-sm  elementor-field-textual\" placeholder=\"Unternehmen\">\n\t\t\t\t\t\t\t\t\t\t\t<\/div>\n\t\t\t\t\t\t\t\t<div class=\"elementor-field-type-text elementor-field-group elementor-column elementor-field-group-field_e9cccac elementor-col-50 elementor-field-required\">\n\t\t\t\t\t\t\t\t\t\t\t\t<label for=\"form-field-field_e9cccac\" class=\"elementor-field-label elementor-screen-only\">\n\t\t\t\t\t\t\t\tRufnummer*\t\t\t\t\t\t\t<\/label>\n\t\t\t\t\t\t\t\t\t\t\t\t\t\t<input size=\"1\" type=\"text\" name=\"form_fields[field_e9cccac]\" id=\"form-field-field_e9cccac\" class=\"elementor-field elementor-size-sm  elementor-field-textual\" placeholder=\"Rufnummer*\" required=\"required\" aria-required=\"true\">\n\t\t\t\t\t\t\t\t\t\t\t<\/div>\n\t\t\t\t\t\t\t\t<div class=\"elementor-field-type-email elementor-field-group elementor-column elementor-field-group-field_4b140e9 elementor-col-50 elementor-field-required\">\n\t\t\t\t\t\t\t\t\t\t\t\t<label for=\"form-field-field_4b140e9\" class=\"elementor-field-label elementor-screen-only\">\n\t\t\t\t\t\t\t\tE-Mail Adresse*\t\t\t\t\t\t\t<\/label>\n\t\t\t\t\t\t\t\t\t\t\t\t\t\t<input size=\"1\" type=\"email\" name=\"form_fields[field_4b140e9]\" id=\"form-field-field_4b140e9\" class=\"elementor-field elementor-size-sm  elementor-field-textual\" placeholder=\"E-Mail Adresse*\" required=\"required\" aria-required=\"true\">\n\t\t\t\t\t\t\t\t\t\t\t<\/div>\n\t\t\t\t\t\t\t\t<div class=\"elementor-field-type-textarea elementor-field-group elementor-column elementor-field-group-message elementor-col-100 elementor-field-required\">\n\t\t\t\t\t\t\t\t\t\t\t\t<label for=\"form-field-message\" class=\"elementor-field-label elementor-screen-only\">\n\t\t\t\t\t\t\t\tIhre Anfrage*\t\t\t\t\t\t\t<\/label>\n\t\t\t\t\t\t<textarea class=\"elementor-field-textual elementor-field  elementor-size-sm\" name=\"form_fields[message]\" id=\"form-field-message\" rows=\"4\" placeholder=\"Ihre Anfrage*\" required=\"required\" aria-required=\"true\"><\/textarea>\t\t\t\t<\/div>\n\t\t\t\t\t\t\t\t<div class=\"elementor-field-type-html elementor-field-group elementor-column elementor-field-group-field_abc794b elementor-col-100\">\n\t\t\t\t\tLVNOON schenkt dem Schutz Ihrer pers\u00f6nlichen Daten besondere Aufmerksamkeit und Sorgfalt. Bitte klicken Sie hier, um unsere Bedingungen zu akzeptieren. Sie k\u00f6nnen mehr \u00fcber die Verwendung und Verarbeitung Ihrer pers\u00f6nlichen Daten in unserer Datenschutzerkl\u00e4rung lesen.\t\t\t\t<\/div>\n\t\t\t\t\t\t\t\t<div class=\"elementor-field-type-recaptcha elementor-field-group elementor-column elementor-field-group-field_0de7cf3 elementor-col-100\">\n\t\t\t\t\t<div class=\"elementor-field\" id=\"form-field-field_0de7cf3\"><div class=\"elementor-g-recaptcha\" data-sitekey=\"6LesDm8qAAAAAGEQYGter-uwFcTDyx95D-lbEcwf\" data-type=\"v2_checkbox\" data-theme=\"light\" data-size=\"normal\"><\/div><\/div>\t\t\t\t<\/div>\n\t\t\t\t\t\t\t\t<div class=\"elementor-field-group elementor-column elementor-field-type-submit elementor-col-30 e-form__buttons\">\n\t\t\t\t\t<button type=\"submit\" class=\"elementor-button elementor-size-sm\">\n\t\t\t\t\t\t<span >\n\t\t\t\t\t\t\t\t\t\t\t\t\t\t\t<span class=\"elementor-button-icon\">\n\t\t\t\t\t\t\t\t\t\t\t\t\t\t\t\t\t\t\t\t\t\t\t\t\t\t<\/span>\n\t\t\t\t\t\t\t\t\t\t\t\t\t\t\t\t\t\t\t\t\t\t<span class=\"elementor-button-text\">JETZT SENDEN<\/span>\n\t\t\t\t\t\t\t\t\t\t\t\t\t<\/span>\n\t\t\t\t\t<\/button>\n\t\t\t\t<\/div>\n\t\t\t<\/div>\n\t\t<input type=\"hidden\" name=\"trp-form-language\" value=\"de\"\/><\/form>\n\t\t\t\t\t\t<\/div>\n\t\t\t\t<\/div>\n\t\t\t\t\t<\/div>\n\t\t<\/div>\n\t\t\t\t\t<\/div>\n\t\t<\/section>\n\t\t\t\t<\/div>","protected":false},"excerpt":{"rendered":"<h4><strong>Eigenschaften<\/strong><\/h4>\n<ul>\n<li>Flexible Kapazit\u00e4tserweiterung von 100kWh bis 215kWh.<\/li>\n<li>Ausgestattet mit langlebigen 280Ah 8000 Zyklen Zellen mit hoher Kapazit\u00e4t, die eine dauerhafte und stabile Stromversorgung garantieren.<\/li>\n<li>Erm\u00f6glicht die Arbitrage zwischen Spitzen und T\u00e4lern in Industrie und Handel.<\/li>\n<li>Einsatz von BMS-Integrationstechnologie und Redundanz der Stromversorgung.<\/li>\n<li>Ausgestattet mit Detektion f\u00fcr brennbare Gase, Rauch und Temperatur &amp; System aktive Abgas-und Feueralarm.<\/li>\n<li>Unterst\u00fctzt integrierte Anwendungen zur optischen Speicherung und Aufladung.<\/li>\n<li>Verwaltung der Transformatorenkapazit\u00e4t.<\/li>\n<\/ul>","protected":false},"featured_media":10681,"template":"","meta":[],"product_cat":[88],"product_tag":[],"class_list":["post-10680","product","type-product","status-publish","has-post-thumbnail","hentry","product_cat-commercial-and-industrial-energy-storage-system"],"_links":{"self":[{"href":"https:\/\/www.lvnoon.com\/de\/wp-json\/wp\/v2\/product\/10680","targetHints":{"allow":["GET"]}}],"collection":[{"href":"https:\/\/www.lvnoon.com\/de\/wp-json\/wp\/v2\/product"}],"about":[{"href":"https:\/\/www.lvnoon.com\/de\/wp-json\/wp\/v2\/types\/product"}],"version-history":[{"count":6,"href":"https:\/\/www.lvnoon.com\/de\/wp-json\/wp\/v2\/product\/10680\/revisions"}],"predecessor-version":[{"id":10835,"href":"https:\/\/www.lvnoon.com\/de\/wp-json\/wp\/v2\/product\/10680\/revisions\/10835"}],"wp:featuredmedia":[{"embeddable":true,"href":"https:\/\/www.lvnoon.com\/de\/wp-json\/wp\/v2\/media\/10681"}],"wp:attachment":[{"href":"https:\/\/www.lvnoon.com\/de\/wp-json\/wp\/v2\/media?parent=10680"}],"wp:term":[{"taxonomy":"product_cat","embeddable":true,"href":"https:\/\/www.lvnoon.com\/de\/wp-json\/wp\/v2\/product_cat?post=10680"},{"taxonomy":"product_tag","embeddable":true,"href":"https:\/\/www.lvnoon.com\/de\/wp-json\/wp\/v2\/product_tag?post=10680"}],"curies":[{"name":"wp","href":"https:\/\/api.w.org\/{rel}","templated":true}]}}