{"id":10710,"date":"2025-10-20T14:44:08","date_gmt":"2025-10-20T06:44:08","guid":{"rendered":"https:\/\/www.lvnoon.com\/?post_type=product&#038;p=10710"},"modified":"2025-10-21T15:14:45","modified_gmt":"2025-10-21T07:14:45","slug":"261kwh-intelligent-liquid-bess","status":"publish","type":"product","link":"https:\/\/www.lvnoon.com\/de\/product\/261kwh-intelligent-liquid-bess\/","title":{"rendered":"261KWH Intelligentes Fl\u00fcssigkeits-BESS"},"content":{"rendered":"<div data-elementor-type=\"product-post\" data-elementor-id=\"10710\" class=\"elementor elementor-10710\">\n\t\t\t\t\t\t<section class=\"elementor-section elementor-top-section elementor-element elementor-element-979c335 elementor-section-boxed elementor-section-height-default elementor-section-height-default wd-section-disabled\" data-id=\"979c335\" data-element_type=\"section\">\n\t\t\t\t\t\t<div class=\"elementor-container elementor-column-gap-default\">\n\t\t\t\t\t<div class=\"elementor-column elementor-col-100 elementor-top-column elementor-element elementor-element-10e8593\" data-id=\"10e8593\" data-element_type=\"column\">\n\t\t\t<div class=\"elementor-widget-wrap elementor-element-populated\">\n\t\t\t\t\t\t<div class=\"elementor-element elementor-element-764413e color-scheme-inherit text-left elementor-widget elementor-widget-text-editor\" data-id=\"764413e\" data-element_type=\"widget\" data-widget_type=\"text-editor.default\">\n\t\t\t\t<div class=\"elementor-widget-container\">\n\t\t\t\t\t\t\t\t\t<table width=\"813\"><tbody><tr><td width=\"225\">Modell<\/td><td width=\"588\">LV261L125<\/td><\/tr><tr><td colspan=\"2\" width=\"813\">Batterie-Daten<\/td><\/tr><tr><td width=\"225\">Nominale Energie<\/td><td width=\"588\">261kWh<\/td><\/tr><tr><td width=\"225\">Nennspannung<\/td><td width=\"588\">832V<\/td><\/tr><tr><td width=\"225\">Batterie-Modell<\/td><td width=\"588\">314Ah<\/td><\/tr><tr><td width=\"225\">Batteriechemie<\/td><td width=\"588\">LiFePO4<\/td><\/tr><tr><td width=\"225\">Zyklus Leben<\/td><td width=\"588\">\u22658000 Zyklen (@25\u00b0C, 0,5P\/0,5P)<\/td><\/tr><tr><td width=\"225\">Spezifikation der Zelle<\/td><td width=\"588\">3,2V 314Ah<\/td><\/tr><tr><td width=\"225\">Akku-Pack Energie<\/td><td width=\"588\">52.2kWh<\/td><\/tr><tr><td width=\"225\">String-Konfiguration<\/td><td width=\"588\">1P260S<\/td><\/tr><tr><td width=\"225\">Anzahl der F\u00e4cher<\/td><td width=\"588\">1<\/td><\/tr><tr><td width=\"225\">Betriebsspannung<\/td><td width=\"588\">728V - 949V<\/td><\/tr><tr><td width=\"225\">Nenn-Ladeleistung<\/td><td width=\"588\">0.5P<\/td><\/tr><tr><td width=\"225\">Nenn-Entladeleistung<\/td><td width=\"588\">0.5P<\/td><\/tr><tr><td colspan=\"2\" width=\"813\">Sicherheit<\/td><\/tr><tr><td width=\"225\">Feuerunterdr\u00fcckungssystem<\/td><td width=\"588\">Gas - Unterdr\u00fcckung Feuerl\u00f6schanlage<\/td><\/tr><tr><td colspan=\"2\" width=\"813\">Daten zum Wechselrichter<\/td><\/tr><tr><td width=\"225\">Nennleistung<\/td><td width=\"588\">125kW<\/td><\/tr><tr><td colspan=\"2\" width=\"813\">\u00a0\u00a0 Kompatibel mit 95% Wechselrichtern g\u00e4ngiger Hersteller<\/td><\/tr><tr><td colspan=\"2\" width=\"813\">Allgemein<\/td><\/tr><tr><td width=\"225\">Abmessungen (B\u00d7T\u00d7H)<\/td><td width=\"588\">1300\u00d71550\u00d72090mm<\/td><\/tr><tr><td width=\"225\">Gewicht<\/td><td>\u22642600kg<\/td><\/tr><tr><td width=\"225\">IP-Einstufung<\/td><td width=\"588\">IP54<\/td><\/tr><tr><td width=\"225\">Methode der K\u00fchlung<\/td><td width=\"588\">Fl\u00fcssigkeitsk\u00fchlung (Batterie)<\/td><\/tr><tr><td width=\"225\">Betriebstemperatur<\/td><td width=\"588\">-25\u2103~\uff0b55\u2103<\/td><\/tr><tr><td width=\"225\">Lagertemperatur<\/td><td width=\"588\">-30\u2103~\uff0b60\u2103<\/td><\/tr><tr><td width=\"225\">Relative Luftfeuchtigkeit<\/td><td width=\"588\">15% - 90% (nicht-kondensierend)<\/td><\/tr><tr><td width=\"225\">Betriebsh\u00f6he<\/td><td width=\"588\">\u22643000m<\/td><\/tr><tr><td width=\"225\">Kommunikationsschnittstellen<\/td><td width=\"588\">CAN\/RS485\/Trockenkontakt<\/td><\/tr><tr><td width=\"225\">Einhaltung der Vorschriften<\/td><td width=\"588\">IEC\/EN 62619, IEC\/EN 61000, UN38.3, MSDS<\/td><\/tr><\/tbody><\/table>\t\t\t\t\t\t\t\t<\/div>\n\t\t\t\t<\/div>\n\t\t\t\t<div class=\"elementor-element elementor-element-1dcafaf elementor-widget elementor-widget-image\" data-id=\"1dcafaf\" data-element_type=\"widget\" data-widget_type=\"image.default\">\n\t\t\t\t<div class=\"elementor-widget-container\">\n\t\t\t\t\t\t\t\t\t\t\t\t\t\t\t<img fetchpriority=\"high\" decoding=\"async\" width=\"1300\" height=\"594\" src=\"https:\/\/www.lvnoon.com\/wp-content\/uploads\/2025\/10\/parameters-2-1300x594.png\" class=\"attachment-large size-large wp-image-10727\" alt=\"\" srcset=\"https:\/\/www.lvnoon.com\/wp-content\/uploads\/2025\/10\/parameters-2-1300x594.png 1300w, https:\/\/www.lvnoon.com\/wp-content\/uploads\/2025\/10\/parameters-2-400x183.png 400w, https:\/\/www.lvnoon.com\/wp-content\/uploads\/2025\/10\/parameters-2-768x351.png 768w, https:\/\/www.lvnoon.com\/wp-content\/uploads\/2025\/10\/parameters-2-1536x702.png 1536w, https:\/\/www.lvnoon.com\/wp-content\/uploads\/2025\/10\/parameters-2-18x8.png 18w, https:\/\/www.lvnoon.com\/wp-content\/uploads\/2025\/10\/parameters-2-860x393.png 860w, https:\/\/www.lvnoon.com\/wp-content\/uploads\/2025\/10\/parameters-2-430x196.png 430w, https:\/\/www.lvnoon.com\/wp-content\/uploads\/2025\/10\/parameters-2-700x320.png 700w, https:\/\/www.lvnoon.com\/wp-content\/uploads\/2025\/10\/parameters-2-150x69.png 150w, https:\/\/www.lvnoon.com\/wp-content\/uploads\/2025\/10\/parameters-2.png 1920w\" sizes=\"(max-width: 1300px) 100vw, 1300px\" \/>\t\t\t\t\t\t\t\t\t\t\t\t\t\t\t<\/div>\n\t\t\t\t<\/div>\n\t\t\t\t<div class=\"elementor-element elementor-element-7508029 elementor-widget elementor-widget-image\" data-id=\"7508029\" data-element_type=\"widget\" data-widget_type=\"image.default\">\n\t\t\t\t<div class=\"elementor-widget-container\">\n\t\t\t\t\t\t\t\t\t\t\t\t\t\t\t<img decoding=\"async\" width=\"989\" height=\"800\" src=\"https:\/\/www.lvnoon.com\/wp-content\/uploads\/2025\/10\/parameters-4-989x800.png\" class=\"attachment-large size-large wp-image-10809\" alt=\"\" srcset=\"https:\/\/www.lvnoon.com\/wp-content\/uploads\/2025\/10\/parameters-4-989x800.png 989w, https:\/\/www.lvnoon.com\/wp-content\/uploads\/2025\/10\/parameters-4-371x300.png 371w, https:\/\/www.lvnoon.com\/wp-content\/uploads\/2025\/10\/parameters-4-768x621.png 768w, https:\/\/www.lvnoon.com\/wp-content\/uploads\/2025\/10\/parameters-4-1536x1242.png 1536w, https:\/\/www.lvnoon.com\/wp-content\/uploads\/2025\/10\/parameters-4-15x12.png 15w, https:\/\/www.lvnoon.com\/wp-content\/uploads\/2025\/10\/parameters-4-860x696.png 860w, https:\/\/www.lvnoon.com\/wp-content\/uploads\/2025\/10\/parameters-4-430x348.png 430w, https:\/\/www.lvnoon.com\/wp-content\/uploads\/2025\/10\/parameters-4-700x566.png 700w, https:\/\/www.lvnoon.com\/wp-content\/uploads\/2025\/10\/parameters-4-150x121.png 150w, https:\/\/www.lvnoon.com\/wp-content\/uploads\/2025\/10\/parameters-4.png 1920w\" sizes=\"(max-width: 989px) 100vw, 989px\" \/>\t\t\t\t\t\t\t\t\t\t\t\t\t\t\t<\/div>\n\t\t\t\t<\/div>\n\t\t\t\t\t<\/div>\n\t\t<\/div>\n\t\t\t\t\t<\/div>\n\t\t<\/section>\n\t\t\t\t<section class=\"elementor-section elementor-top-section elementor-element elementor-element-d40438b elementor-section-boxed elementor-section-height-default elementor-section-height-default wd-section-disabled\" data-id=\"d40438b\" data-element_type=\"section\">\n\t\t\t\t\t\t<div class=\"elementor-container elementor-column-gap-default\">\n\t\t\t\t\t<div class=\"elementor-column elementor-col-100 elementor-top-column elementor-element elementor-element-5fc61c3\" data-id=\"5fc61c3\" data-element_type=\"column\">\n\t\t\t<div class=\"elementor-widget-wrap elementor-element-populated\">\n\t\t\t\t\t\t<div class=\"elementor-element elementor-element-b10bfc7 elementor-widget elementor-widget-heading\" data-id=\"b10bfc7\" data-element_type=\"widget\" data-widget_type=\"heading.default\">\n\t\t\t\t<div class=\"elementor-widget-container\">\n\t\t\t\t\t<h2 class=\"elementor-heading-title elementor-size-xl\">Kompatibilit\u00e4tslisten von Wechselrichtermarken<\/h2>\t\t\t\t<\/div>\n\t\t\t\t<\/div>\n\t\t\t\t<div class=\"elementor-element elementor-element-9fb3fee elementor-widget elementor-widget-image\" data-id=\"9fb3fee\" data-element_type=\"widget\" data-widget_type=\"image.default\">\n\t\t\t\t<div class=\"elementor-widget-container\">\n\t\t\t\t\t\t\t\t\t\t\t\t\t\t\t<img decoding=\"async\" width=\"1300\" height=\"223\" src=\"https:\/\/www.lvnoon.com\/wp-content\/uploads\/2025\/10\/Compatible-Lists-of-Inverter-Brands-1300x223.png\" class=\"attachment-large size-large wp-image-10687\" alt=\"\" srcset=\"https:\/\/www.lvnoon.com\/wp-content\/uploads\/2025\/10\/Compatible-Lists-of-Inverter-Brands-1300x223.png 1300w, https:\/\/www.lvnoon.com\/wp-content\/uploads\/2025\/10\/Compatible-Lists-of-Inverter-Brands-400x69.png 400w, https:\/\/www.lvnoon.com\/wp-content\/uploads\/2025\/10\/Compatible-Lists-of-Inverter-Brands-768x132.png 768w, https:\/\/www.lvnoon.com\/wp-content\/uploads\/2025\/10\/Compatible-Lists-of-Inverter-Brands-1536x264.png 1536w, https:\/\/www.lvnoon.com\/wp-content\/uploads\/2025\/10\/Compatible-Lists-of-Inverter-Brands-18x3.png 18w, https:\/\/www.lvnoon.com\/wp-content\/uploads\/2025\/10\/Compatible-Lists-of-Inverter-Brands-860x148.png 860w, https:\/\/www.lvnoon.com\/wp-content\/uploads\/2025\/10\/Compatible-Lists-of-Inverter-Brands-430x74.png 430w, https:\/\/www.lvnoon.com\/wp-content\/uploads\/2025\/10\/Compatible-Lists-of-Inverter-Brands-700x120.png 700w, https:\/\/www.lvnoon.com\/wp-content\/uploads\/2025\/10\/Compatible-Lists-of-Inverter-Brands-150x26.png 150w, https:\/\/www.lvnoon.com\/wp-content\/uploads\/2025\/10\/Compatible-Lists-of-Inverter-Brands.png 1920w\" sizes=\"(max-width: 1300px) 100vw, 1300px\" \/>\t\t\t\t\t\t\t\t\t\t\t\t\t\t\t<\/div>\n\t\t\t\t<\/div>\n\t\t\t\t\t<\/div>\n\t\t<\/div>\n\t\t\t\t\t<\/div>\n\t\t<\/section>\n\t\t\t\t<section class=\"elementor-section elementor-top-section elementor-element elementor-element-1edce0a elementor-section-boxed elementor-section-height-default elementor-section-height-default wd-section-disabled\" data-id=\"1edce0a\" data-element_type=\"section\">\n\t\t\t\t\t\t<div class=\"elementor-container elementor-column-gap-default\">\n\t\t\t\t\t<div class=\"elementor-column elementor-col-100 elementor-top-column elementor-element elementor-element-9f81899\" data-id=\"9f81899\" data-element_type=\"column\">\n\t\t\t<div class=\"elementor-widget-wrap elementor-element-populated\">\n\t\t\t\t\t\t<div class=\"elementor-element elementor-element-578297e elementor-widget-divider--view-line elementor-widget elementor-widget-divider\" data-id=\"578297e\" data-element_type=\"widget\" data-widget_type=\"divider.default\">\n\t\t\t\t<div class=\"elementor-widget-container\">\n\t\t\t\t\t\t\t<div class=\"elementor-divider\">\n\t\t\t<span class=\"elementor-divider-separator\">\n\t\t\t\t\t\t<\/span>\n\t\t<\/div>\n\t\t\t\t\t\t<\/div>\n\t\t\t\t<\/div>\n\t\t\t\t<div class=\"elementor-element elementor-element-2f45cfc elementor-widget elementor-widget-heading\" data-id=\"2f45cfc\" data-element_type=\"widget\" data-widget_type=\"heading.default\">\n\t\t\t\t<div class=\"elementor-widget-container\">\n\t\t\t\t\t<h2 class=\"elementor-heading-title elementor-size-xl\">Jetzt anfragen<\/h2>\t\t\t\t<\/div>\n\t\t\t\t<\/div>\n\t\t\t\t\t<\/div>\n\t\t<\/div>\n\t\t\t\t\t<\/div>\n\t\t<\/section>\n\t\t\t\t<section class=\"elementor-section elementor-top-section elementor-element elementor-element-49c533b elementor-section-boxed elementor-section-height-default elementor-section-height-default wd-section-disabled\" data-id=\"49c533b\" data-element_type=\"section\" data-settings=\"{&quot;background_background&quot;:&quot;classic&quot;}\">\n\t\t\t\t\t\t\t<div class=\"elementor-background-overlay\"><\/div>\n\t\t\t\t\t\t\t<div class=\"elementor-container elementor-column-gap-default\">\n\t\t\t\t\t<div class=\"elementor-column elementor-col-100 elementor-top-column elementor-element elementor-element-33e3898\" data-id=\"33e3898\" data-element_type=\"column\">\n\t\t\t<div class=\"elementor-widget-wrap elementor-element-populated\">\n\t\t\t\t\t\t<div class=\"elementor-element elementor-element-34fd0a9 elementor-button-align-stretch elementor-widget elementor-widget-form\" data-id=\"34fd0a9\" data-element_type=\"widget\" data-settings=\"{&quot;button_width&quot;:&quot;30&quot;,&quot;step_next_label&quot;:&quot;Next&quot;,&quot;step_previous_label&quot;:&quot;Previous&quot;,&quot;step_type&quot;:&quot;number_text&quot;,&quot;step_icon_shape&quot;:&quot;circle&quot;}\" data-widget_type=\"form.default\">\n\t\t\t\t<div class=\"elementor-widget-container\">\n\t\t\t\t\t\t\t<form class=\"elementor-form\" method=\"post\" name=\"New Form\" action=\"\">\n\t\t\t<input type=\"hidden\" name=\"post_id\" value=\"10710\"\/>\n\t\t\t<input type=\"hidden\" name=\"form_id\" value=\"34fd0a9\"\/>\n\t\t\t<input type=\"hidden\" name=\"referer_title\" value=\"LVNOON Lifepo4 Battery System\" \/>\n\n\t\t\t\n\t\t\t<div class=\"elementor-form-fields-wrapper elementor-labels-\">\n\t\t\t\t\t\t\t\t<div class=\"elementor-field-type-text elementor-field-group elementor-column elementor-field-group-name elementor-col-50 elementor-field-required\">\n\t\t\t\t\t\t\t\t\t\t\t\t<label for=\"form-field-name\" class=\"elementor-field-label elementor-screen-only\">\n\t\t\t\t\t\t\t\tVorname*\t\t\t\t\t\t\t<\/label>\n\t\t\t\t\t\t\t\t\t\t\t\t\t\t<input size=\"1\" type=\"text\" name=\"form_fields[name]\" id=\"form-field-name\" class=\"elementor-field elementor-size-sm  elementor-field-textual\" placeholder=\"Vorname*\" required=\"required\" aria-required=\"true\">\n\t\t\t\t\t\t\t\t\t\t\t<\/div>\n\t\t\t\t\t\t\t\t<div class=\"elementor-field-type-text elementor-field-group elementor-column elementor-field-group-Company elementor-col-50\">\n\t\t\t\t\t\t\t\t\t\t\t\t<label for=\"form-field-Company\" class=\"elementor-field-label elementor-screen-only\">\n\t\t\t\t\t\t\t\tUnternehmen\t\t\t\t\t\t\t<\/label>\n\t\t\t\t\t\t\t\t\t\t\t\t\t\t<input size=\"1\" type=\"text\" name=\"form_fields[Company]\" id=\"form-field-Company\" class=\"elementor-field elementor-size-sm  elementor-field-textual\" placeholder=\"Unternehmen\">\n\t\t\t\t\t\t\t\t\t\t\t<\/div>\n\t\t\t\t\t\t\t\t<div class=\"elementor-field-type-text elementor-field-group elementor-column elementor-field-group-field_e9cccac elementor-col-50 elementor-field-required\">\n\t\t\t\t\t\t\t\t\t\t\t\t<label for=\"form-field-field_e9cccac\" class=\"elementor-field-label elementor-screen-only\">\n\t\t\t\t\t\t\t\tRufnummer*\t\t\t\t\t\t\t<\/label>\n\t\t\t\t\t\t\t\t\t\t\t\t\t\t<input size=\"1\" type=\"text\" name=\"form_fields[field_e9cccac]\" id=\"form-field-field_e9cccac\" class=\"elementor-field elementor-size-sm  elementor-field-textual\" placeholder=\"Rufnummer*\" required=\"required\" aria-required=\"true\">\n\t\t\t\t\t\t\t\t\t\t\t<\/div>\n\t\t\t\t\t\t\t\t<div class=\"elementor-field-type-email elementor-field-group elementor-column elementor-field-group-field_4b140e9 elementor-col-50 elementor-field-required\">\n\t\t\t\t\t\t\t\t\t\t\t\t<label for=\"form-field-field_4b140e9\" class=\"elementor-field-label elementor-screen-only\">\n\t\t\t\t\t\t\t\tE-Mail Adresse*\t\t\t\t\t\t\t<\/label>\n\t\t\t\t\t\t\t\t\t\t\t\t\t\t<input size=\"1\" type=\"email\" name=\"form_fields[field_4b140e9]\" id=\"form-field-field_4b140e9\" class=\"elementor-field elementor-size-sm  elementor-field-textual\" placeholder=\"E-Mail Adresse*\" required=\"required\" aria-required=\"true\">\n\t\t\t\t\t\t\t\t\t\t\t<\/div>\n\t\t\t\t\t\t\t\t<div class=\"elementor-field-type-textarea elementor-field-group elementor-column elementor-field-group-message elementor-col-100 elementor-field-required\">\n\t\t\t\t\t\t\t\t\t\t\t\t<label for=\"form-field-message\" class=\"elementor-field-label elementor-screen-only\">\n\t\t\t\t\t\t\t\tIhre Anfrage*\t\t\t\t\t\t\t<\/label>\n\t\t\t\t\t\t<textarea class=\"elementor-field-textual elementor-field  elementor-size-sm\" name=\"form_fields[message]\" id=\"form-field-message\" rows=\"4\" placeholder=\"Ihre Anfrage*\" required=\"required\" aria-required=\"true\"><\/textarea>\t\t\t\t<\/div>\n\t\t\t\t\t\t\t\t<div class=\"elementor-field-type-html elementor-field-group elementor-column elementor-field-group-field_abc794b elementor-col-100\">\n\t\t\t\t\tLVNOON schenkt dem Schutz Ihrer pers\u00f6nlichen Daten besondere Aufmerksamkeit und Sorgfalt. Bitte klicken Sie hier, um unsere Bedingungen zu akzeptieren. Sie k\u00f6nnen mehr \u00fcber die Verwendung und Verarbeitung Ihrer pers\u00f6nlichen Daten in unserer Datenschutzerkl\u00e4rung lesen.\t\t\t\t<\/div>\n\t\t\t\t\t\t\t\t<div class=\"elementor-field-type-recaptcha elementor-field-group elementor-column elementor-field-group-field_0de7cf3 elementor-col-100\">\n\t\t\t\t\t<div class=\"elementor-field\" id=\"form-field-field_0de7cf3\"><div class=\"elementor-g-recaptcha\" data-sitekey=\"6LesDm8qAAAAAGEQYGter-uwFcTDyx95D-lbEcwf\" data-type=\"v2_checkbox\" data-theme=\"light\" data-size=\"normal\"><\/div><\/div>\t\t\t\t<\/div>\n\t\t\t\t\t\t\t\t<div class=\"elementor-field-group elementor-column elementor-field-type-submit elementor-col-30 e-form__buttons\">\n\t\t\t\t\t<button type=\"submit\" class=\"elementor-button elementor-size-sm\">\n\t\t\t\t\t\t<span >\n\t\t\t\t\t\t\t\t\t\t\t\t\t\t\t<span class=\"elementor-button-icon\">\n\t\t\t\t\t\t\t\t\t\t\t\t\t\t\t\t\t\t\t\t\t\t\t\t\t\t<\/span>\n\t\t\t\t\t\t\t\t\t\t\t\t\t\t\t\t\t\t\t\t\t\t<span class=\"elementor-button-text\">JETZT SENDEN<\/span>\n\t\t\t\t\t\t\t\t\t\t\t\t\t<\/span>\n\t\t\t\t\t<\/button>\n\t\t\t\t<\/div>\n\t\t\t<\/div>\n\t\t<input type=\"hidden\" name=\"trp-form-language\" value=\"de\"\/><\/form>\n\t\t\t\t\t\t<\/div>\n\t\t\t\t<\/div>\n\t\t\t\t\t<\/div>\n\t\t<\/div>\n\t\t\t\t\t<\/div>\n\t\t<\/section>\n\t\t\t\t<\/div>","protected":false},"excerpt":{"rendered":"<h4><strong>Eigenschaften<\/strong><\/h4>\n<ul>\n<li>Superstarke 261KWh gro\u00dfe Kapazit\u00e4t.<\/li>\n<li>A+ Grad 314Ah Zellen mit gro\u00dfer Kapazit\u00e4t, mit einer 8000 Zyklen langen Lebensdauer, die eine dauerhafte und stabile Stromversorgung gew\u00e4hrleisten.<\/li>\n<li>Intelligentes Fl\u00fcssigk\u00fchlsystem mit verbesserter thermischer Kontrolle f\u00fcr langfristige Leistung.<\/li>\n<li>Integrierte BMS-, PCS- und EMS-Technologie f\u00fcr eine effiziente und zuverl\u00e4ssige Stromversorgung.<\/li>\n<li>Eingebaute Feuerkontrolle, Temperaturregulierung und nahtlose Umschaltung zwischen Netz- und Nicht-Netzbetrieb verbessern die Sicherheitsleistung erheblich.<\/li>\n<li>Optische Speicher- und Ladungsfusionsanwendungen.<\/li>\n<li>Verwaltung der Transformatorenkapazit\u00e4t.<\/li>\n<li>Betriebstemperatur -25\u2103 - 55\u2103, hohe Schutzart IP54, geeignet f\u00fcr extreme Temperaturschwankungen.<\/li>\n<\/ul>","protected":false},"featured_media":10718,"template":"","meta":[],"product_cat":[88],"product_tag":[],"class_list":["post-10710","product","type-product","status-publish","has-post-thumbnail","hentry","product_cat-commercial-and-industrial-energy-storage-system"],"_links":{"self":[{"href":"https:\/\/www.lvnoon.com\/de\/wp-json\/wp\/v2\/product\/10710","targetHints":{"allow":["GET"]}}],"collection":[{"href":"https:\/\/www.lvnoon.com\/de\/wp-json\/wp\/v2\/product"}],"about":[{"href":"https:\/\/www.lvnoon.com\/de\/wp-json\/wp\/v2\/types\/product"}],"version-history":[{"count":14,"href":"https:\/\/www.lvnoon.com\/de\/wp-json\/wp\/v2\/product\/10710\/revisions"}],"predecessor-version":[{"id":10870,"href":"https:\/\/www.lvnoon.com\/de\/wp-json\/wp\/v2\/product\/10710\/revisions\/10870"}],"wp:featuredmedia":[{"embeddable":true,"href":"https:\/\/www.lvnoon.com\/de\/wp-json\/wp\/v2\/media\/10718"}],"wp:attachment":[{"href":"https:\/\/www.lvnoon.com\/de\/wp-json\/wp\/v2\/media?parent=10710"}],"wp:term":[{"taxonomy":"product_cat","embeddable":true,"href":"https:\/\/www.lvnoon.com\/de\/wp-json\/wp\/v2\/product_cat?post=10710"},{"taxonomy":"product_tag","embeddable":true,"href":"https:\/\/www.lvnoon.com\/de\/wp-json\/wp\/v2\/product_tag?post=10710"}],"curies":[{"name":"wp","href":"https:\/\/api.w.org\/{rel}","templated":true}]}}