{"id":9595,"date":"2025-07-21T11:48:34","date_gmt":"2025-07-21T03:48:34","guid":{"rendered":"https:\/\/www.lvnoon.com\/?post_type=product&#038;p=9595"},"modified":"2025-10-30T09:58:25","modified_gmt":"2025-10-30T01:58:25","slug":"active-balancer-lv5axxsb-copy","status":"publish","type":"product","link":"https:\/\/www.lvnoon.com\/de\/product\/active-balancer-lv5axxsb-copy\/","title":{"rendered":"Stapelbare DIY LiFePO4 Leere Box"},"content":{"rendered":"<div data-elementor-type=\"product-post\" data-elementor-id=\"9595\" class=\"elementor elementor-9595\">\n\t\t\t\t\t\t<section class=\"elementor-section elementor-top-section elementor-element elementor-element-38b1d10 elementor-section-boxed elementor-section-height-default elementor-section-height-default wd-section-disabled\" data-id=\"38b1d10\" data-element_type=\"section\">\n\t\t\t\t\t\t<div class=\"elementor-container elementor-column-gap-default\">\n\t\t\t\t\t<div class=\"elementor-column elementor-col-100 elementor-top-column elementor-element elementor-element-ede8efc\" data-id=\"ede8efc\" data-element_type=\"column\">\n\t\t\t<div class=\"elementor-widget-wrap elementor-element-populated\">\n\t\t\t\t\t\t<div class=\"elementor-element elementor-element-1dd8358 elementor-widget elementor-widget-wd_text_block\" data-id=\"1dd8358\" data-element_type=\"widget\" data-widget_type=\"wd_text_block.default\">\n\t\t\t\t<div class=\"elementor-widget-container\">\n\t\t\t\t\t\t\t<div class=\"wd-text-block reset-last-child text-left\">\n\t\t\t\n\t\t\t<h4><strong>LVNOON JKESS DIY Stackable Lifepo4 Batteriepack Geh\u00e4use 14336Wh 15Kwh 48V oder 51.2V passend f\u00fcr Lifepo4 280Ah 304Ah 314Ah<\/strong><\/h4>\n\t\t\t\t\t<\/div>\n\t\t\t\t\t\t<\/div>\n\t\t\t\t<\/div>\n\t\t\t\t\t<\/div>\n\t\t<\/div>\n\t\t\t\t\t<\/div>\n\t\t<\/section>\n\t\t\t\t<section class=\"elementor-section elementor-top-section elementor-element elementor-element-422b684 elementor-section-boxed elementor-section-height-default elementor-section-height-default wd-section-disabled\" data-id=\"422b684\" data-element_type=\"section\">\n\t\t\t\t\t\t<div class=\"elementor-container elementor-column-gap-default\">\n\t\t\t\t\t<div class=\"elementor-column elementor-col-100 elementor-top-column elementor-element elementor-element-46bcf55\" data-id=\"46bcf55\" data-element_type=\"column\">\n\t\t\t<div class=\"elementor-widget-wrap elementor-element-populated\">\n\t\t\t\t\t\t<div class=\"elementor-element elementor-element-4531077 elementor-widget elementor-widget-wd_image_or_svg\" data-id=\"4531077\" data-element_type=\"widget\" data-widget_type=\"wd_image_or_svg.default\">\n\t\t\t\t<div class=\"elementor-widget-container\">\n\t\t\t\t\t\n\t\t<div class=\"wd-image text-left\">\n\t\t\t\t\t\t\t\t<img fetchpriority=\"high\" decoding=\"async\" width=\"960\" height=\"795\" src=\"https:\/\/www.lvnoon.com\/wp-content\/uploads\/2025\/07\/battery-box-1.jpg\" class=\"attachment-full size-full wp-image-10839\" alt=\"\" srcset=\"https:\/\/www.lvnoon.com\/wp-content\/uploads\/2025\/07\/battery-box-1.jpg 960w, https:\/\/www.lvnoon.com\/wp-content\/uploads\/2025\/07\/battery-box-1-362x300.jpg 362w, https:\/\/www.lvnoon.com\/wp-content\/uploads\/2025\/07\/battery-box-1-768x636.jpg 768w, https:\/\/www.lvnoon.com\/wp-content\/uploads\/2025\/07\/battery-box-1-14x12.jpg 14w, https:\/\/www.lvnoon.com\/wp-content\/uploads\/2025\/07\/battery-box-1-860x712.jpg 860w, https:\/\/www.lvnoon.com\/wp-content\/uploads\/2025\/07\/battery-box-1-430x356.jpg 430w, https:\/\/www.lvnoon.com\/wp-content\/uploads\/2025\/07\/battery-box-1-700x580.jpg 700w, https:\/\/www.lvnoon.com\/wp-content\/uploads\/2025\/07\/battery-box-1-150x124.jpg 150w\" sizes=\"(max-width: 960px) 100vw, 960px\" \/>\t\t\t\t\t<\/div>\n\n\t\t\t\t\t\t<\/div>\n\t\t\t\t<\/div>\n\t\t\t\t\t<\/div>\n\t\t<\/div>\n\t\t\t\t\t<\/div>\n\t\t<\/section>\n\t\t\t\t<section class=\"elementor-section elementor-top-section elementor-element elementor-element-a6a6de5 elementor-section-boxed elementor-section-height-default elementor-section-height-default wd-section-disabled\" data-id=\"a6a6de5\" data-element_type=\"section\">\n\t\t\t\t\t\t<div class=\"elementor-container elementor-column-gap-default\">\n\t\t\t\t\t<div class=\"elementor-column elementor-col-100 elementor-top-column elementor-element elementor-element-46f8024\" data-id=\"46f8024\" data-element_type=\"column\">\n\t\t\t<div class=\"elementor-widget-wrap elementor-element-populated\">\n\t\t\t\t\t\t<div class=\"elementor-element elementor-element-616561f elementor-widget elementor-widget-wd_text_block\" data-id=\"616561f\" data-element_type=\"widget\" data-widget_type=\"wd_text_block.default\">\n\t\t\t\t<div class=\"elementor-widget-container\">\n\t\t\t\t\t\t\t<div class=\"wd-text-block reset-last-child text-left\">\n\t\t\t\n\t\t\t<h4><strong>Produkt-Parameter<\/strong><\/h4>\n\t\t\t\t\t<\/div>\n\t\t\t\t\t\t<\/div>\n\t\t\t\t<\/div>\n\t\t\t\t\t<\/div>\n\t\t<\/div>\n\t\t\t\t\t<\/div>\n\t\t<\/section>\n\t\t\t\t<section class=\"elementor-section elementor-top-section elementor-element elementor-element-02b47ec elementor-section-boxed elementor-section-height-default elementor-section-height-default wd-section-disabled\" data-id=\"02b47ec\" data-element_type=\"section\">\n\t\t\t\t\t\t<div class=\"elementor-container elementor-column-gap-default\">\n\t\t\t\t\t<div class=\"elementor-column elementor-col-100 elementor-top-column elementor-element elementor-element-e882036\" data-id=\"e882036\" data-element_type=\"column\">\n\t\t\t<div class=\"elementor-widget-wrap elementor-element-populated\">\n\t\t\t\t\t\t<div class=\"elementor-element elementor-element-7b52af2 color-scheme-inherit text-left elementor-widget elementor-widget-text-editor\" data-id=\"7b52af2\" data-element_type=\"widget\" data-widget_type=\"text-editor.default\">\n\t\t\t\t<div class=\"elementor-widget-container\">\n\t\t\t\t\t\t\t\t\t<p>\u00a0<\/p><table width=\"586\"><tbody><tr><td width=\"320\"><h5>Konfiguration<\/h5><\/td><td width=\"266\"><h5>Lifepo4 Akkupackgeh\u00e4use passend f\u00fcr 280AH\/304AH\/314AH LFP lifepo4 Akku<\/h5><\/td><\/tr><tr><td width=\"320\"><h5>Nennspannung (V)<\/h5><\/td><td width=\"266\"><h5>48V oder 51,2V<\/h5><\/td><\/tr><tr><td width=\"320\"><h5>Geh\u00e4usegr\u00f6\u00dfe (mm)<\/h5><\/td><td width=\"266\"><h5>715x420x267mm(+\/-5mm)<\/h5><\/td><\/tr><tr><td width=\"320\"><h5>Gr\u00f6\u00dfe des Verpackungskartons<\/h5><\/td><td width=\"266\"><h5>790x510x160mm<\/h5><\/td><\/tr><tr><td width=\"320\"><h5>Kasten Bruttogewicht (kg)<\/h5><\/td><td width=\"266\"><h5>22,3 kg (ohne Batteriezellen, LCD-Display, BMS)<\/h5><\/td><\/tr><tr><td width=\"320\"><h5>Kommunikationsschnittstelle<\/h5><\/td><td width=\"266\"><h5>KANN RS485 RS232<\/h5><\/td><\/tr><tr><td width=\"320\"><h5>Mobiles Ger\u00e4t<\/h5><\/td><td width=\"266\"><h5>Gestapelt<\/h5><\/td><\/tr><tr><td width=\"320\"><h5>LCD-Konfiguration<\/h5><\/td><td width=\"266\"><h5>4,3-Zoll-Touch-LCD (nicht im Lieferumfang enthalten)<\/h5><\/td><\/tr><tr><td width=\"320\"><h5>Konfiguration des Schalters<\/h5><\/td><td width=\"266\"><h5>Externer Schalter (nicht enthalten)<\/h5><\/td><\/tr><tr><td width=\"320\"><h5>Luftfeuchtigkeit<\/h5><\/td><td width=\"266\"><h5>10%-85%<\/h5><\/td><\/tr><tr><td width=\"320\"><h5>IP-Stufe<\/h5><\/td><td width=\"266\"><h5>IP 20<\/h5><\/td><\/tr><\/tbody><\/table>\t\t\t\t\t\t\t\t<\/div>\n\t\t\t\t<\/div>\n\t\t\t\t\t<\/div>\n\t\t<\/div>\n\t\t\t\t\t<\/div>\n\t\t<\/section>\n\t\t\t\t<section class=\"elementor-section elementor-top-section elementor-element elementor-element-ac7b4cd elementor-section-boxed elementor-section-height-default elementor-section-height-default wd-section-disabled\" data-id=\"ac7b4cd\" data-element_type=\"section\">\n\t\t\t\t\t\t<div class=\"elementor-container elementor-column-gap-default\">\n\t\t\t\t\t<div class=\"elementor-column elementor-col-100 elementor-top-column elementor-element elementor-element-38fb7d6\" data-id=\"38fb7d6\" data-element_type=\"column\">\n\t\t\t<div class=\"elementor-widget-wrap elementor-element-populated\">\n\t\t\t\t\t\t<div class=\"elementor-element elementor-element-941eebe elementor-widget elementor-widget-wd_image_or_svg\" data-id=\"941eebe\" data-element_type=\"widget\" data-widget_type=\"wd_image_or_svg.default\">\n\t\t\t\t<div class=\"elementor-widget-container\">\n\t\t\t\t\t\n\t\t<div class=\"wd-image text-left\">\n\t\t\t\t\t\t\t\t<img decoding=\"async\" width=\"960\" height=\"925\" src=\"https:\/\/www.lvnoon.com\/wp-content\/uploads\/2025\/07\/battery-box-3.jpg\" class=\"attachment-full size-full wp-image-10846\" alt=\"\" srcset=\"https:\/\/www.lvnoon.com\/wp-content\/uploads\/2025\/07\/battery-box-3.jpg 960w, https:\/\/www.lvnoon.com\/wp-content\/uploads\/2025\/07\/battery-box-3-311x300.jpg 311w, https:\/\/www.lvnoon.com\/wp-content\/uploads\/2025\/07\/battery-box-3-830x800.jpg 830w, https:\/\/www.lvnoon.com\/wp-content\/uploads\/2025\/07\/battery-box-3-768x740.jpg 768w, https:\/\/www.lvnoon.com\/wp-content\/uploads\/2025\/07\/battery-box-3-12x12.jpg 12w, https:\/\/www.lvnoon.com\/wp-content\/uploads\/2025\/07\/battery-box-3-860x829.jpg 860w, https:\/\/www.lvnoon.com\/wp-content\/uploads\/2025\/07\/battery-box-3-430x414.jpg 430w, https:\/\/www.lvnoon.com\/wp-content\/uploads\/2025\/07\/battery-box-3-700x674.jpg 700w, https:\/\/www.lvnoon.com\/wp-content\/uploads\/2025\/07\/battery-box-3-150x145.jpg 150w\" sizes=\"(max-width: 960px) 100vw, 960px\" \/>\t\t\t\t\t<\/div>\n\n\t\t\t\t\t\t<\/div>\n\t\t\t\t<\/div>\n\t\t\t\t\t<\/div>\n\t\t<\/div>\n\t\t\t\t\t<\/div>\n\t\t<\/section>\n\t\t\t\t<section class=\"elementor-section elementor-top-section elementor-element elementor-element-9057dfd elementor-section-boxed elementor-section-height-default elementor-section-height-default wd-section-disabled\" data-id=\"9057dfd\" data-element_type=\"section\">\n\t\t\t\t\t\t<div class=\"elementor-container elementor-column-gap-default\">\n\t\t\t\t\t<div class=\"elementor-column elementor-col-100 elementor-top-column elementor-element elementor-element-396a26c\" data-id=\"396a26c\" data-element_type=\"column\">\n\t\t\t<div class=\"elementor-widget-wrap elementor-element-populated\">\n\t\t\t\t\t\t<div class=\"elementor-element elementor-element-70a4217 elementor-widget elementor-widget-wd_text_block\" data-id=\"70a4217\" data-element_type=\"widget\" data-widget_type=\"wd_text_block.default\">\n\t\t\t\t<div class=\"elementor-widget-container\">\n\t\t\t\t\t\t\t<div class=\"wd-text-block reset-last-child text-left\">\n\t\t\t\n\t\t\t<h3><strong>Breite Kompatibilit\u00e4t<\/strong><\/h3><h4>Dieses Batteriepack mit 15Kwh 48V oder 51.2V passt f\u00fcr die meisten A-Grade LFP Lithium Iron LifePO4 Batterien mit einer Kapazit\u00e4t von 280AH 302AH, 304AH 314AH Lifepo4 Batterie, dieses Kit sorgt f\u00fcr ausreichend Energie f\u00fcr Ihr Wohn- oder Haussolarspeichersystem.<\/h4>\n\t\t\t\t\t<\/div>\n\t\t\t\t\t\t<\/div>\n\t\t\t\t<\/div>\n\t\t\t\t<div class=\"elementor-element elementor-element-d47d2c0 elementor-widget elementor-widget-wd_image_or_svg\" data-id=\"d47d2c0\" data-element_type=\"widget\" data-widget_type=\"wd_image_or_svg.default\">\n\t\t\t\t<div class=\"elementor-widget-container\">\n\t\t\t\t\t\n\t\t<div class=\"wd-image text-left\">\n\t\t\t\t\t\t\t\t<img decoding=\"async\" width=\"960\" height=\"791\" src=\"https:\/\/www.lvnoon.com\/wp-content\/uploads\/2025\/07\/battery-box-1-1.jpg\" class=\"attachment-full size-full wp-image-10847\" alt=\"\" srcset=\"https:\/\/www.lvnoon.com\/wp-content\/uploads\/2025\/07\/battery-box-1-1.jpg 960w, https:\/\/www.lvnoon.com\/wp-content\/uploads\/2025\/07\/battery-box-1-1-364x300.jpg 364w, https:\/\/www.lvnoon.com\/wp-content\/uploads\/2025\/07\/battery-box-1-1-768x633.jpg 768w, https:\/\/www.lvnoon.com\/wp-content\/uploads\/2025\/07\/battery-box-1-1-15x12.jpg 15w, https:\/\/www.lvnoon.com\/wp-content\/uploads\/2025\/07\/battery-box-1-1-860x709.jpg 860w, https:\/\/www.lvnoon.com\/wp-content\/uploads\/2025\/07\/battery-box-1-1-430x354.jpg 430w, https:\/\/www.lvnoon.com\/wp-content\/uploads\/2025\/07\/battery-box-1-1-700x577.jpg 700w, https:\/\/www.lvnoon.com\/wp-content\/uploads\/2025\/07\/battery-box-1-1-150x124.jpg 150w\" sizes=\"(max-width: 960px) 100vw, 960px\" \/>\t\t\t\t\t<\/div>\n\n\t\t\t\t\t\t<\/div>\n\t\t\t\t<\/div>\n\t\t\t\t\t<\/div>\n\t\t<\/div>\n\t\t\t\t\t<\/div>\n\t\t<\/section>\n\t\t\t\t<section class=\"elementor-section elementor-top-section elementor-element elementor-element-90ec980 elementor-section-boxed elementor-section-height-default elementor-section-height-default wd-section-disabled\" data-id=\"90ec980\" data-element_type=\"section\">\n\t\t\t\t\t\t<div class=\"elementor-container elementor-column-gap-default\">\n\t\t\t\t\t<div class=\"elementor-column elementor-col-100 elementor-top-column elementor-element elementor-element-4a32107\" data-id=\"4a32107\" data-element_type=\"column\">\n\t\t\t<div class=\"elementor-widget-wrap elementor-element-populated\">\n\t\t\t\t\t\t<div class=\"elementor-element elementor-element-8080338 elementor-widget elementor-widget-wd_text_block\" data-id=\"8080338\" data-element_type=\"widget\" data-widget_type=\"wd_text_block.default\">\n\t\t\t\t<div class=\"elementor-widget-container\">\n\t\t\t\t\t\t\t<div class=\"wd-text-block reset-last-child text-left\">\n\t\t\t\n\t\t\t<h3>Kompatibel mit fortschrittlicher BMS-Technologie<\/h3><h4>Kann mit einem zus\u00e4tzlichen LVNOON Active Balance BMS (PB2A16S200A) zusammenarbeiten, um ein effizientes Energiemanagement und eine l\u00e4ngere Lebensdauer der Batterie zu gew\u00e4hrleisten.<\/h4>\n\t\t\t\t\t<\/div>\n\t\t\t\t\t\t<\/div>\n\t\t\t\t<\/div>\n\t\t\t\t<div class=\"elementor-element elementor-element-cabfc0b elementor-widget elementor-widget-wd_image_or_svg\" data-id=\"cabfc0b\" data-element_type=\"widget\" data-widget_type=\"wd_image_or_svg.default\">\n\t\t\t\t<div class=\"elementor-widget-container\">\n\t\t\t\t\t\n\t\t<div class=\"wd-image text-left\">\n\t\t\t\t\t\t\t\t<img loading=\"lazy\" decoding=\"async\" width=\"960\" height=\"793\" src=\"https:\/\/www.lvnoon.com\/wp-content\/uploads\/2025\/07\/battery-box-2.jpg\" class=\"attachment-full size-full wp-image-10848\" alt=\"\" srcset=\"https:\/\/www.lvnoon.com\/wp-content\/uploads\/2025\/07\/battery-box-2.jpg 960w, https:\/\/www.lvnoon.com\/wp-content\/uploads\/2025\/07\/battery-box-2-363x300.jpg 363w, https:\/\/www.lvnoon.com\/wp-content\/uploads\/2025\/07\/battery-box-2-768x634.jpg 768w, https:\/\/www.lvnoon.com\/wp-content\/uploads\/2025\/07\/battery-box-2-15x12.jpg 15w, https:\/\/www.lvnoon.com\/wp-content\/uploads\/2025\/07\/battery-box-2-860x710.jpg 860w, https:\/\/www.lvnoon.com\/wp-content\/uploads\/2025\/07\/battery-box-2-430x355.jpg 430w, https:\/\/www.lvnoon.com\/wp-content\/uploads\/2025\/07\/battery-box-2-700x578.jpg 700w, https:\/\/www.lvnoon.com\/wp-content\/uploads\/2025\/07\/battery-box-2-150x124.jpg 150w\" sizes=\"(max-width: 960px) 100vw, 960px\" \/>\t\t\t\t\t<\/div>\n\n\t\t\t\t\t\t<\/div>\n\t\t\t\t<\/div>\n\t\t\t\t<div class=\"elementor-element elementor-element-4b5b864 elementor-widget elementor-widget-wd_text_block\" data-id=\"4b5b864\" data-element_type=\"widget\" data-widget_type=\"wd_text_block.default\">\n\t\t\t\t<div class=\"elementor-widget-container\">\n\t\t\t\t\t\t\t<div class=\"wd-text-block reset-last-child text-left\">\n\t\t\t\n\t\t\t<h3><strong>Vielseitige Anwendung<\/strong><\/h3><h4>\u00a0Dieser DIY-Batteriekoffer ist ideal f\u00fcr Wohnmobile, Kleintransporter und Solarpaneel-Baus\u00e4tze und eignet sich f\u00fcr verschiedene Energieanforderungen.<\/h4>\n\t\t\t\t\t<\/div>\n\t\t\t\t\t\t<\/div>\n\t\t\t\t<\/div>\n\t\t\t\t\t<\/div>\n\t\t<\/div>\n\t\t\t\t\t<\/div>\n\t\t<\/section>\n\t\t\t\t<section class=\"elementor-section elementor-top-section elementor-element elementor-element-057b77b elementor-section-boxed elementor-section-height-default elementor-section-height-default wd-section-disabled\" data-id=\"057b77b\" data-element_type=\"section\">\n\t\t\t\t\t\t<div class=\"elementor-container elementor-column-gap-default\">\n\t\t\t\t\t<div class=\"elementor-column elementor-col-100 elementor-top-column elementor-element elementor-element-b62fa04\" data-id=\"b62fa04\" data-element_type=\"column\">\n\t\t\t<div class=\"elementor-widget-wrap elementor-element-populated\">\n\t\t\t\t\t\t<div class=\"elementor-element elementor-element-0833441 elementor-widget elementor-widget-wd_image_or_svg\" data-id=\"0833441\" data-element_type=\"widget\" data-widget_type=\"wd_image_or_svg.default\">\n\t\t\t\t<div class=\"elementor-widget-container\">\n\t\t\t\t\t\n\t\t<div class=\"wd-image text-left\">\n\t\t\t\t\t\t\t\t<img loading=\"lazy\" decoding=\"async\" width=\"960\" height=\"791\" src=\"https:\/\/www.lvnoon.com\/wp-content\/uploads\/2025\/07\/battery-box-3-1.jpg\" class=\"attachment-full size-full wp-image-10852\" alt=\"\" srcset=\"https:\/\/www.lvnoon.com\/wp-content\/uploads\/2025\/07\/battery-box-3-1.jpg 960w, https:\/\/www.lvnoon.com\/wp-content\/uploads\/2025\/07\/battery-box-3-1-364x300.jpg 364w, https:\/\/www.lvnoon.com\/wp-content\/uploads\/2025\/07\/battery-box-3-1-768x633.jpg 768w, https:\/\/www.lvnoon.com\/wp-content\/uploads\/2025\/07\/battery-box-3-1-15x12.jpg 15w, https:\/\/www.lvnoon.com\/wp-content\/uploads\/2025\/07\/battery-box-3-1-860x709.jpg 860w, https:\/\/www.lvnoon.com\/wp-content\/uploads\/2025\/07\/battery-box-3-1-430x354.jpg 430w, https:\/\/www.lvnoon.com\/wp-content\/uploads\/2025\/07\/battery-box-3-1-700x577.jpg 700w, https:\/\/www.lvnoon.com\/wp-content\/uploads\/2025\/07\/battery-box-3-1-150x124.jpg 150w\" sizes=\"(max-width: 960px) 100vw, 960px\" \/>\t\t\t\t\t<\/div>\n\n\t\t\t\t\t\t<\/div>\n\t\t\t\t<\/div>\n\t\t\t\t\t<\/div>\n\t\t<\/div>\n\t\t\t\t\t<\/div>\n\t\t<\/section>\n\t\t\t\t<section class=\"elementor-section elementor-top-section elementor-element elementor-element-c016379 elementor-section-boxed elementor-section-height-default elementor-section-height-default wd-section-disabled\" data-id=\"c016379\" data-element_type=\"section\">\n\t\t\t\t\t\t<div class=\"elementor-container elementor-column-gap-default\">\n\t\t\t\t\t<div class=\"elementor-column elementor-col-100 elementor-top-column elementor-element elementor-element-7ef397c\" data-id=\"7ef397c\" data-element_type=\"column\">\n\t\t\t<div class=\"elementor-widget-wrap elementor-element-populated\">\n\t\t\t\t\t\t<div class=\"elementor-element elementor-element-077bdaa elementor-widget elementor-widget-wd_text_block\" data-id=\"077bdaa\" data-element_type=\"widget\" data-widget_type=\"wd_text_block.default\">\n\t\t\t\t<div class=\"elementor-widget-container\">\n\t\t\t\t\t\t\t<div class=\"wd-text-block reset-last-child text-left\">\n\t\t\t\n\t\t\t<h3><strong>Benutzerfreundliches Design<\/strong><\/h3><h4>Dieser Batteriesatz wurde f\u00fcr eine einfache Installation und Wartung durch den Heimwerker entwickelt und vereinfacht die Integration von Solarenergie.<\/h4>\n\t\t\t\t\t<\/div>\n\t\t\t\t\t\t<\/div>\n\t\t\t\t<\/div>\n\t\t\t\t\t<\/div>\n\t\t<\/div>\n\t\t\t\t\t<\/div>\n\t\t<\/section>\n\t\t\t\t<section class=\"elementor-section elementor-top-section elementor-element elementor-element-5afd647 elementor-section-boxed elementor-section-height-default elementor-section-height-default wd-section-disabled\" data-id=\"5afd647\" data-element_type=\"section\">\n\t\t\t\t\t\t<div class=\"elementor-container elementor-column-gap-default\">\n\t\t\t\t\t<div class=\"elementor-column elementor-col-100 elementor-top-column elementor-element elementor-element-341210a\" data-id=\"341210a\" data-element_type=\"column\">\n\t\t\t<div class=\"elementor-widget-wrap elementor-element-populated\">\n\t\t\t\t\t\t<div class=\"elementor-element elementor-element-e9d019d elementor-widget elementor-widget-wd_image_or_svg\" data-id=\"e9d019d\" data-element_type=\"widget\" data-widget_type=\"wd_image_or_svg.default\">\n\t\t\t\t<div class=\"elementor-widget-container\">\n\t\t\t\t\t\n\t\t<div class=\"wd-image text-left\">\n\t\t\t\t\t\t\t\t<img loading=\"lazy\" decoding=\"async\" width=\"960\" height=\"756\" src=\"https:\/\/www.lvnoon.com\/wp-content\/uploads\/2025\/07\/battery-box-4.jpg\" class=\"attachment-full size-full wp-image-10854\" alt=\"\" srcset=\"https:\/\/www.lvnoon.com\/wp-content\/uploads\/2025\/07\/battery-box-4.jpg 960w, https:\/\/www.lvnoon.com\/wp-content\/uploads\/2025\/07\/battery-box-4-381x300.jpg 381w, https:\/\/www.lvnoon.com\/wp-content\/uploads\/2025\/07\/battery-box-4-768x605.jpg 768w, https:\/\/www.lvnoon.com\/wp-content\/uploads\/2025\/07\/battery-box-4-15x12.jpg 15w, https:\/\/www.lvnoon.com\/wp-content\/uploads\/2025\/07\/battery-box-4-860x677.jpg 860w, https:\/\/www.lvnoon.com\/wp-content\/uploads\/2025\/07\/battery-box-4-430x339.jpg 430w, https:\/\/www.lvnoon.com\/wp-content\/uploads\/2025\/07\/battery-box-4-700x551.jpg 700w, https:\/\/www.lvnoon.com\/wp-content\/uploads\/2025\/07\/battery-box-4-150x118.jpg 150w\" sizes=\"(max-width: 960px) 100vw, 960px\" \/>\t\t\t\t\t<\/div>\n\n\t\t\t\t\t\t<\/div>\n\t\t\t\t<\/div>\n\t\t\t\t<div class=\"elementor-element elementor-element-c4d9285 elementor-widget elementor-widget-wd_text_block\" data-id=\"c4d9285\" data-element_type=\"widget\" data-widget_type=\"wd_text_block.default\">\n\t\t\t\t<div class=\"elementor-widget-container\">\n\t\t\t\t\t\t\t<div class=\"wd-text-block reset-last-child text-left\">\n\t\t\t\n\t\t\t<h3><strong>\u00a0<\/strong><strong>Packliste<\/strong><\/h3><h4>Eingelegter Griff x4<\/h4><h4>Klappbarer Griff x2<\/h4><h4>Silikondraht mit Drahtspitze x3<\/h4><h4>Schrauben 1 Karton<\/h4><h4>BMS-Anschluss x1<\/h4><h4>BMS Minuspol x1<\/h4><h4>Epoxidharzplatte x26 (verschiedene Gr\u00f6\u00dfen enthalten)<\/h4><h4>Terminal-Gummipad x4<\/h4><h4>Legierungsbrett x2<\/h4><h4>Terminal x4<\/h4><h4>Klemmenschutzabdeckung x2<\/h4><h4>DC-Schutzschalter x1<\/h4><h4>BMS-Anschluss x1<\/h4><h4>Verpackungsbox x1<\/h4>\n\t\t\t\t\t<\/div>\n\t\t\t\t\t\t<\/div>\n\t\t\t\t<\/div>\n\t\t\t\t\t<\/div>\n\t\t<\/div>\n\t\t\t\t\t<\/div>\n\t\t<\/section>\n\t\t\t\t<section class=\"elementor-section elementor-top-section elementor-element elementor-element-2325f81 elementor-section-boxed elementor-section-height-default elementor-section-height-default wd-section-disabled\" data-id=\"2325f81\" data-element_type=\"section\">\n\t\t\t\t\t\t<div class=\"elementor-container elementor-column-gap-default\">\n\t\t\t\t\t<div class=\"elementor-column elementor-col-100 elementor-top-column elementor-element elementor-element-541dbcc\" data-id=\"541dbcc\" data-element_type=\"column\">\n\t\t\t<div class=\"elementor-widget-wrap elementor-element-populated\">\n\t\t\t\t\t\t<div class=\"elementor-element elementor-element-891dd83 elementor-widget elementor-widget-wd_image_or_svg\" data-id=\"891dd83\" data-element_type=\"widget\" data-widget_type=\"wd_image_or_svg.default\">\n\t\t\t\t<div class=\"elementor-widget-container\">\n\t\t\t\t\t\n\t\t<div class=\"wd-image text-left\">\n\t\t\t\t\t\t\t\t<img loading=\"lazy\" decoding=\"async\" width=\"960\" height=\"793\" src=\"https:\/\/www.lvnoon.com\/wp-content\/uploads\/2025\/07\/battery-box-5.jpg\" class=\"attachment-full size-full wp-image-10855\" alt=\"\" srcset=\"https:\/\/www.lvnoon.com\/wp-content\/uploads\/2025\/07\/battery-box-5.jpg 960w, https:\/\/www.lvnoon.com\/wp-content\/uploads\/2025\/07\/battery-box-5-363x300.jpg 363w, https:\/\/www.lvnoon.com\/wp-content\/uploads\/2025\/07\/battery-box-5-768x634.jpg 768w, https:\/\/www.lvnoon.com\/wp-content\/uploads\/2025\/07\/battery-box-5-15x12.jpg 15w, https:\/\/www.lvnoon.com\/wp-content\/uploads\/2025\/07\/battery-box-5-860x710.jpg 860w, https:\/\/www.lvnoon.com\/wp-content\/uploads\/2025\/07\/battery-box-5-430x355.jpg 430w, https:\/\/www.lvnoon.com\/wp-content\/uploads\/2025\/07\/battery-box-5-700x578.jpg 700w, https:\/\/www.lvnoon.com\/wp-content\/uploads\/2025\/07\/battery-box-5-150x124.jpg 150w\" sizes=\"(max-width: 960px) 100vw, 960px\" \/>\t\t\t\t\t<\/div>\n\n\t\t\t\t\t\t<\/div>\n\t\t\t\t<\/div>\n\t\t\t\t\t<\/div>\n\t\t<\/div>\n\t\t\t\t\t<\/div>\n\t\t<\/section>\n\t\t\t\t<\/div>","protected":false},"excerpt":{"rendered":"<p>Gr\u00f6\u00dfe der Einzelverpackung\uff1a79X51X16 cm<\/p>\n<p>Ausgangsleistung\uff1a14336kw\/15kw\/16kw<\/p>\n<p>Bruttoeinzelgewicht\uff1a23 kg<\/p>\n<p>Systemtyp\uff1aStapelbar<\/p>\n<p>Kommunikationsanschluss\uff1aBluetooth, Rs485, RS-232, CAN<\/p>\n<p>Passend f\u00fcr\uff1a280Ah 302Ah 304Ah 314Ah Lifepo4 Batteriezellen<\/p>","protected":false},"featured_media":9597,"template":"","meta":[],"product_cat":[79,90],"product_tag":[81,82],"class_list":["post-9595","product","type-product","status-publish","has-post-thumbnail","hentry","product_cat-diy-battery-box","product_cat-stackable-box","product_tag-smart-active-balancer","product_tag-bms"],"_links":{"self":[{"href":"https:\/\/www.lvnoon.com\/de\/wp-json\/wp\/v2\/product\/9595","targetHints":{"allow":["GET"]}}],"collection":[{"href":"https:\/\/www.lvnoon.com\/de\/wp-json\/wp\/v2\/product"}],"about":[{"href":"https:\/\/www.lvnoon.com\/de\/wp-json\/wp\/v2\/types\/product"}],"version-history":[{"count":15,"href":"https:\/\/www.lvnoon.com\/de\/wp-json\/wp\/v2\/product\/9595\/revisions"}],"predecessor-version":[{"id":11016,"href":"https:\/\/www.lvnoon.com\/de\/wp-json\/wp\/v2\/product\/9595\/revisions\/11016"}],"wp:featuredmedia":[{"embeddable":true,"href":"https:\/\/www.lvnoon.com\/de\/wp-json\/wp\/v2\/media\/9597"}],"wp:attachment":[{"href":"https:\/\/www.lvnoon.com\/de\/wp-json\/wp\/v2\/media?parent=9595"}],"wp:term":[{"taxonomy":"product_cat","embeddable":true,"href":"https:\/\/www.lvnoon.com\/de\/wp-json\/wp\/v2\/product_cat?post=9595"},{"taxonomy":"product_tag","embeddable":true,"href":"https:\/\/www.lvnoon.com\/de\/wp-json\/wp\/v2\/product_tag?post=9595"}],"curies":[{"name":"wp","href":"https:\/\/api.w.org\/{rel}","templated":true}]}}