{"id":12,"date":"2024-07-15T10:58:48","date_gmt":"2024-07-15T02:58:48","guid":{"rendered":"http:\/\/112.74.173.133:2065\/?page_id=12"},"modified":"2024-07-26T19:54:25","modified_gmt":"2024-07-26T11:54:25","slug":"cookies","status":"publish","type":"page","link":"https:\/\/www.lvnoon.com\/es\/cookies\/","title":{"rendered":"Cookies"},"content":{"rendered":"<div data-elementor-type=\"wp-page\" data-elementor-id=\"12\" class=\"elementor elementor-12\">\n\t\t\t\t\t\t<section class=\"elementor-section elementor-top-section elementor-element elementor-element-78877a3a elementor-section-boxed elementor-section-height-default elementor-section-height-default wd-section-disabled\" data-id=\"78877a3a\" data-element_type=\"section\">\n\t\t\t\t\t\t<div class=\"elementor-container elementor-column-gap-default\">\n\t\t\t\t\t<div class=\"elementor-column elementor-col-100 elementor-top-column elementor-element elementor-element-5767cf33\" data-id=\"5767cf33\" data-element_type=\"column\">\n\t\t\t<div class=\"elementor-widget-wrap elementor-element-populated\">\n\t\t\t\t\t\t<div class=\"elementor-element elementor-element-4c86a9 color-scheme-inherit text-left elementor-widget elementor-widget-text-editor\" data-id=\"4c86a9\" data-element_type=\"widget\" data-widget_type=\"text-editor.default\">\n\t\t\t\t<div class=\"elementor-widget-container\">\n\t\t\t\t\t\t\t\t\t\n<h1><strong><b>Pol\u00edtica de cookies<\/b><\/strong><\/h1>\n<p>\u00daltima actualizaci\u00f3n: Nov 2023<\/p>\n<p>LVNOON Ltd. (\"LVNOON\", \"nosotros\", \"nuestro\" o \"nos\") utiliza determinadas tecnolog\u00edas de supervisi\u00f3n y seguimiento, como cookies, balizas, p\u00edxeles, etiquetas y scripts (colectivamente, \"Cookies\"). Estas tecnolog\u00edas se utilizan con el fin de proporcionar, mantener y mejorar nuestro sitio web (los \"Servicios\"), optimizar nuestras ofertas y actividades de marketing, y proporcionar a nuestros visitantes y usuarios (\"usted\" o \"su\") una mejor experiencia (por ejemplo, con el fin de rastrear sus preferencias, asegurar mejor nuestros Servicios, identificar problemas t\u00e9cnicos y supervisar y mejorar el rendimiento general de nuestros Servicios). Esta p\u00e1gina contiene informaci\u00f3n sobre qu\u00e9 son las Cookies, las Cookies utilizadas en nuestros Servicios, c\u00f3mo rechazar las Cookies y algunos enlaces \u00fatiles para leer m\u00e1s sobre el tema. Si no encuentra la informaci\u00f3n que busca o tiene alguna pregunta sobre el uso de Cookies en nuestros Servicios, env\u00ede un correo electr\u00f3nico a\u00a0<a href=\"mailto:sales@lvnoon.com\"><u>sales@<\/u><u>lvnoon<\/u><u>.com<\/u><\/a>. Para obtener m\u00e1s informaci\u00f3n sobre nuestras pr\u00e1cticas generales de privacidad, visite nuestra p\u00e1gina web\u00a0<a href=\"https:\/\/elementor.com\/about\/privacy\/\"><u>Pol\u00edtica de privacidad<\/u><\/a>.<\/p>\n<h2><strong><b>1. \u00bfQu\u00e9 son las cookies?<\/b><\/strong><\/h2>\n<p>Las cookies son peque\u00f1os archivos de texto que se almacenan a trav\u00e9s del navegador de su ordenador o dispositivo m\u00f3vil cuando visita un sitio web. Permiten al sitio almacenar informaci\u00f3n como los datos de acceso o el idioma preferido. Puede pensar en las cookies como una especie de memoria para el sitio web, de modo que pueda reconocerle cuando vuelva y responder adecuadamente. No est\u00e1 obligado a aceptar todas las Cookies para visitar nuestro sitio web, sin embargo, la activaci\u00f3n de Cookies puede permitir una experiencia de navegaci\u00f3n m\u00e1s personalizada y es necesaria para que funcionen la mayor\u00eda de nuestros Servicios.<\/p>\n<h2><strong><b>2. \u00bfC\u00f3mo utilizamos las cookies?<\/b><\/strong><\/h2>\n<p>LVNOON utiliza varios tipos diferentes de Cookies en nuestro sitio web: Cookies Esenciales: Estas Cookies son necesarias para que los Servicios funcionen correctamente y no se pueden desactivar. Por lo general, s\u00f3lo se establecen en respuesta a las acciones realizadas por usted, permitiendo funciones como la navegaci\u00f3n, o el establecimiento de preferencias. Estas Cookies no almacenan informaci\u00f3n sobre usted que se utilizar\u00e1 para otros fines. Cookies de preferencias y funcionales: Estas Cookies permiten que los Servicios proporcionen una funcionalidad y personalizaci\u00f3n mejoradas. Pueden ser establecidas por nosotros (Cookies de origen) o por terceros proveedores que trabajan con nosotros (Cookies de terceros). Cookies de rendimiento y an\u00e1lisis: Estas Cookies son \u00fanicamente para uso interno. Nos ayudan a asegurar y mantener nuestros Servicios, y a recordar sus preferencias para las herramientas que se encuentran en los Servicios. Tambi\u00e9n se utilizan para recopilar datos anal\u00edticos sobre c\u00f3mo interact\u00faa con nuestros Servicios y mejorar el rendimiento del sitio en consecuencia. Si no permite estas Cookies, no sabremos cu\u00e1ndo ha visitado nuestro sitio. Cookies de segmentaci\u00f3n y publicidad: Estas Cookies hacen que los anuncios sean m\u00e1s relevantes para usted. Nuestros socios publicitarios pueden utilizarlas para mostrarle anuncios relevantes en diferentes sitios web mediante la identificaci\u00f3n exclusiva de su navegador y dispositivo de Internet.<\/p>\n<h2><strong><b>3. \u00bfCu\u00e1nto duran las cookies?<\/b><\/strong><\/h2>\n<p>El tiempo que una Cookie permanece en su dispositivo var\u00eda en funci\u00f3n de su finalidad. Una Cookie que permanece en su dispositivo una vez finalizada la sesi\u00f3n (hasta que caduca o se elimina) se denomina \"Cookie persistente\". Las Cookies Persistentes se utilizan para diferentes fines, como el seguimiento de sus preferencias, informaci\u00f3n de inicio de sesi\u00f3n, su interacci\u00f3n con nuestros Servicios y la eficacia de nuestras Cookies de segmentaci\u00f3n. Una Cookie que se elimina autom\u00e1ticamente una vez finalizada su sesi\u00f3n se denomina \"Cookie de Sesi\u00f3n\". Las Cookies de sesi\u00f3n se utilizan durante la duraci\u00f3n de su estancia en nuestro sitio y se eliminan autom\u00e1ticamente cuando sale del navegador.<\/p>\n<h2><strong><b>4. \u00bfQu\u00e9 cookies utilizamos?<\/b><\/strong><\/h2>\n<ul>\n<li><b><\/b><strong><b>Cookies<\/b><\/strong>: Las cookies son peque\u00f1os archivos de texto que se env\u00edan a su navegador web o al disco duro de su ordenador, o a los que se accede desde ellos. Una cookie suele contener el nombre del dominio (ubicaci\u00f3n en Internet) desde el que se origin\u00f3 la cookie, el \"tiempo de vida\" de la cookie (es decir, cu\u00e1ndo caduca) y un n\u00famero \u00fanico generado aleatoriamente o un identificador similar. Una cookie tambi\u00e9n puede contener informaci\u00f3n sobre el Dispositivo, como: configuraci\u00f3n del usuario, historial de navegaci\u00f3n y actividades realizadas durante el uso de los Servicios.<\/li>\n<\/ul>\n<p>Nuestros Servicios utilizan las siguientes cookies:<\/p>\n<p>Cookies estrictamente necesarias, que son necesarias para el funcionamiento de los Servicios. Sin ellas, por ejemplo, usted no podr\u00eda utilizar su Cuenta.<\/p>\n<p>Cookies anal\u00edticas\/de rendimiento, que permiten a LVNOON reconocer y contar el n\u00famero de visitantes, saber c\u00f3mo navegan los visitantes por los Servicios y mejorar los Servicios.<\/p>\n<p>Cookies de funcionalidad, que LVNOON utiliza para reconocerle cuando vuelve a los Servicios.<\/p>\n<p>Para obtener m\u00e1s informaci\u00f3n sobre cookies y balizas web, visite <a href=\"http:\/\/www.allaboutcookies.org\/\"><u>www.allaboutcookies.org<\/u><\/a>.\u00a0<\/p>\n<h2><strong><b>5. \u00bfC\u00f3mo puede rechazar o eliminar las Cookies?<\/b><\/strong><\/h2>\n<p>Usted puede elegir sobre el uso de Cookies tal y como se describe en esta pol\u00edtica. Tenga en cuenta que rechazar o eliminar determinadas Cookies puede dar lugar a Servicios inadecuados. Puede ajustar la configuraci\u00f3n de su navegador web, que normalmente se encuentra en el men\u00fa \"Opciones\" o \"Preferencias\" de su navegador. Para eliminar las Cookies almacenadas o para cambiar estos ajustes, los siguientes enlaces pueden ser \u00fatiles:<\/p>\n<ul>\n<li><a href=\"https:\/\/support.microsoft.com\/en-us\/microsoft-edge\/delete-cookies-in-microsoft-edge-63947406-40ac-c3b8-57b9-2a946a29ae09\/\"><u>Microsoft Edge<\/u><\/a><\/li>\n<li><a href=\"https:\/\/support.google.com\/chrome\/answer\/95647?hl=en&amp;ref_topic=14666\"><u>Google Chrome<\/u><\/a><\/li>\n<li><a href=\"https:\/\/support.mozilla.org\/en-US\/kb\/cookies-information-websites-store-on-your-computer\/\"><u>Mozilla Firefox<\/u><\/a><\/li>\n<li><a href=\"https:\/\/support.apple.com\/en-il\/guide\/safari\/sfri11471\/mac\/\"><u>Safari (escritorio)<\/u><\/a><\/li>\n<li><a href=\"https:\/\/support.apple.com\/en-us\/HT201265\/\"><u>Safari (m\u00f3vil)<\/u><\/a><\/li>\n<li><a href=\"#cookies\"><u>\u00d3pera<\/u><\/a><\/li>\n<\/ul>\n<p>Si le preocupan principalmente las cookies de terceros generadas por anunciantes, y vive en EE.UU., Canad\u00e1, Europa o Reino Unido, tambi\u00e9n puede excluirse de la recopilaci\u00f3n de sus datos por parte de nuestros socios publicitarios que participan en la Digital Advertising Alliance. Para ello, visite<\/p>\n<ul>\n<li>UU:<a href=\"http:\/\/www.aboutads.info\/choices\/\"><u>Sus opciones publicitarias<\/u><\/a><\/li>\n<li>Canad\u00e1:<a href=\"http:\/\/www.youradchoices.ca\/choices\/\"><u>Sus opciones publicitarias<\/u><\/a><\/li>\n<li>UE:<a href=\"https:\/\/www.youronlinechoices.eu\/\"><u>Sus opciones en l\u00ednea<\/u><\/a><\/li>\n<li>REINO UNIDO:<a href=\"https:\/\/www.youronlinechoices.com\/uk\/\"><u>Sus opciones en l\u00ednea<\/u><\/a><\/li>\n<\/ul>\n<p>Adem\u00e1s, en su dispositivo m\u00f3vil, puede cambiar la configuraci\u00f3n de su dispositivo para controlar si ve anuncios en l\u00ednea basados en intereses. Tenga en cuenta que cuando adquiera un nuevo ordenador, instale un nuevo navegador, borre o modifique de cualquier otro modo el archivo de cookies de su navegador (incluida la actualizaci\u00f3n de determinados navegadores), es posible que tambi\u00e9n se borren las cookies de inhabilitaci\u00f3n instaladas una vez que haya optado por la inhabilitaci\u00f3n, por lo que ser\u00e1 necesaria una inhabilitaci\u00f3n adicional para evitar un seguimiento adicional. Puede seleccionar sus propias preferencias de cookies.<\/p>\n<h2><strong><b>6. 6. Enlaces \u00fatiles<\/b><\/strong><\/h2>\n<p>Para obtener m\u00e1s informaci\u00f3n sobre las cookies, puede que le resulten \u00fatiles los siguientes sitios web:<\/p>\n<ul>\n<li><a href=\"https:\/\/www.allaboutcookies.org\/\"><u>Todo sobre Cookies.org<\/u><\/a><\/li>\n<li><a href=\"http:\/\/www.youronlinechoices.co.uk\/\"><u>Sus opciones en l\u00ednea<\/u><\/a><\/li>\n<\/ul>\n<h2><strong><b>7. C\u00f3mo tratamos las se\u00f1ales Do Not Track (DNT)<\/b><\/strong><\/h2>\n<p>Varios navegadores permiten una configuraci\u00f3n de \"no seguimiento\" (DNT) que se basa en una tecnolog\u00eda conocida como encabezado DNT, que env\u00eda una se\u00f1al a los sitios web visitados por el individuo sobre la configuraci\u00f3n DNT del navegador del individuo. En este momento, no existe un acuerdo general sobre c\u00f3mo las empresas como LVNOON deben interpretar las se\u00f1ales Do Not Track. Por lo tanto, LVNOON no se compromete actualmente a responder a las se\u00f1ales DNT, tanto si la se\u00f1al se recibe en un ordenador como en un dispositivo m\u00f3vil. No obstante, LVNOON le ofrece opciones significativas sobre la informaci\u00f3n que se recopila mediante cookies y balizas web a trav\u00e9s de las diversas opciones de inhabilitaci\u00f3n indicadas anteriormente. Seguiremos vigilando la evoluci\u00f3n de la tecnolog\u00eda de navegaci\u00f3n DNT y la aplicaci\u00f3n de una norma.<\/p>\n\t\t\t\t\t\t\t\t<\/div>\n\t\t\t\t<\/div>\n\t\t\t\t\t<\/div>\n\t\t<\/div>\n\t\t\t\t\t<\/div>\n\t\t<\/section>\n\t\t\t\t<\/div>","protected":false},"excerpt":{"rendered":"<p>Cookie Policy Last Updated: Nov 2023 LVNOON\u00a0Ltd. (\u201cLVNOON\u201d, \u201cwe\u201d, \u201cour\u201d or \u201cus\u201d) uses certain monitoring and tracking technologies, such as<\/p>","protected":false},"author":1,"featured_media":0,"parent":0,"menu_order":0,"comment_status":"closed","ping_status":"closed","template":"","meta":{"footnotes":""},"class_list":["post-12","page","type-page","status-publish","hentry"],"_links":{"self":[{"href":"https:\/\/www.lvnoon.com\/es\/wp-json\/wp\/v2\/pages\/12","targetHints":{"allow":["GET"]}}],"collection":[{"href":"https:\/\/www.lvnoon.com\/es\/wp-json\/wp\/v2\/pages"}],"about":[{"href":"https:\/\/www.lvnoon.com\/es\/wp-json\/wp\/v2\/types\/page"}],"author":[{"embeddable":true,"href":"https:\/\/www.lvnoon.com\/es\/wp-json\/wp\/v2\/users\/1"}],"replies":[{"embeddable":true,"href":"https:\/\/www.lvnoon.com\/es\/wp-json\/wp\/v2\/comments?post=12"}],"version-history":[{"count":5,"href":"https:\/\/www.lvnoon.com\/es\/wp-json\/wp\/v2\/pages\/12\/revisions"}],"predecessor-version":[{"id":8867,"href":"https:\/\/www.lvnoon.com\/es\/wp-json\/wp\/v2\/pages\/12\/revisions\/8867"}],"wp:attachment":[{"href":"https:\/\/www.lvnoon.com\/es\/wp-json\/wp\/v2\/media?parent=12"}],"curies":[{"name":"wp","href":"https:\/\/api.w.org\/{rel}","templated":true}]}}