{"id":3,"date":"2023-02-11T11:44:00","date_gmt":"2023-02-11T03:44:00","guid":{"rendered":"http:\/\/112.74.173.133:2065\/?page_id=3"},"modified":"2024-07-26T19:54:23","modified_gmt":"2024-07-26T11:54:23","slug":"privacy-policy","status":"publish","type":"page","link":"https:\/\/www.lvnoon.com\/es\/privacy-policy\/","title":{"rendered":"Pol\u00edtica de privacidad"},"content":{"rendered":"<div data-elementor-type=\"wp-page\" data-elementor-id=\"3\" class=\"elementor elementor-3\">\n\t\t\t\t\t\t<section class=\"elementor-section elementor-top-section elementor-element elementor-element-f5ee496 elementor-section-boxed elementor-section-height-default elementor-section-height-default wd-section-disabled\" data-id=\"f5ee496\" data-element_type=\"section\">\n\t\t\t\t\t\t<div class=\"elementor-container elementor-column-gap-default\">\n\t\t\t\t\t<div class=\"elementor-column elementor-col-100 elementor-top-column elementor-element elementor-element-63f60880\" data-id=\"63f60880\" data-element_type=\"column\">\n\t\t\t<div class=\"elementor-widget-wrap elementor-element-populated\">\n\t\t\t\t\t\t<div class=\"elementor-element elementor-element-5479f5dd color-scheme-inherit text-left elementor-widget elementor-widget-text-editor\" data-id=\"5479f5dd\" data-element_type=\"widget\" data-widget_type=\"text-editor.default\">\n\t\t\t\t<div class=\"elementor-widget-container\">\n\t\t\t\t\t\t\t\t\t\n<p><strong><b>LVNOON Ltd Pol\u00edtica de privacidad<\/b><\/strong><\/p>\n<p>Esta pol\u00edtica de privacidad se aplica a determinada informaci\u00f3n, tal como se define a continuaci\u00f3n, que Zhongshan LVNOON Electronics Company Limited, una empresa china, sus subsidiarias y filiales (\"<strong><b>LVNOON<\/b><\/strong>\", \"nuestro\", \"nosotros\" o \"nos\") recopila a trav\u00e9s de nuestros sitios web, productos y aplicaciones (los \"<strong><b>Servicios<\/b><\/strong>\").<\/p>\n<p><strong><b>SU PRIVACIDAD ES IMPORTANTE PARA NOSOTROS. POR FAVOR, LEA ESTA POL\u00cdTICA DE PRIVACIDAD PARA APRENDER ACERCA DE LA INFORMACI\u00d3N QUE LVNOON RECOGE DE USTED Y C\u00d3MO LVNOON UTILIZA ESA INFORMACI\u00d3N.<\/b><\/strong><\/p>\n<p><strong><b>AL UTILIZAR EL SERVICIO, USTED ACEPTA LA RECOPILACI\u00d3N, EL USO Y LA TRANSFERENCIA DE SU INFORMACI\u00d3N TAL Y COMO SE DESCRIBE EN ESTA POL\u00cdTICA DE PRIVACIDAD. SI NO EST\u00c1 DE ACUERDO CON ALGUNA PARTE DE ESTA POL\u00cdTICA DE PRIVACIDAD, NO UTILICE LOS SERVICIOS.<\/b><\/strong><\/p>\n<p>TENGA EN CUENTA QUE TODOS LOS SERVICIOS Y SISTEMAS ASOCIADOS PUEDEN ESTAR ALOJADOS EN SERVIDORES EN LA REP\u00daBLICA POPULAR CHINA (o China). SI USTED SE ENCUENTRA FUERA DE CHINA, LA INFORMACI\u00d3N QUE RECOGEMOS (INCLUIDAS LAS COOKIES) SE PROCESA Y ALMACENA EN CHINA, QUE PUEDE NO OFRECER EL MISMO NIVEL DE PROTECCI\u00d3N DE LA PRIVACIDAD QUE EL PA\u00cdS EN EL QUE RESIDE O DEL QUE ES CIUDADANO. AL UTILIZAR LOS SERVICIOS Y PROPORCIONARNOS INFORMACI\u00d3N, USTED AUTORIZA LA TRANSFERENCIA Y EL TRATAMIENTO DE LA INFORMACI\u00d3N EN LA REP\u00daBLICA POPULAR CHINA.<\/p>\n<p><strong><b>\u00bfQu\u00e9 informaci\u00f3n recogemos?<\/b><\/strong><\/p>\n<p><strong><b>Informaci\u00f3n facilitada por los usuarios<\/b><\/strong><\/p>\n<ul>\n<li><b><\/b><strong><b>Informaci\u00f3n sobre su cuenta<\/b><\/strong>: Usted proporciona su direcci\u00f3n de correo electr\u00f3nico, o inicia sesi\u00f3n con una cuenta de terceros (como Facebook), para crear una cuenta en l\u00ednea o en una aplicaci\u00f3n (\"Cuenta\") o suscribirse a nuestras comunicaciones. Si se niega a facilitar dicha informaci\u00f3n, es posible que no pueda utilizar los Servicios correctamente. Al crear su Cuenta, es posible que se le pida que introduzca determinada informaci\u00f3n, como: su nombre, avatar, edad, sexo, direcci\u00f3n, n\u00famero de tel\u00e9fono y direcci\u00f3n de correo electr\u00f3nico.<\/li>\n<li><b><\/b><strong><b>Informaci\u00f3n de pago; procesador de pagos de terceros<\/b><\/strong>Utilizamos un procesador de pagos externo (actualmente Paypal) para ayudar a procesar de forma segura su informaci\u00f3n de pago personalmente identificable. Cuando usted realiza un pedido a trav\u00e9s de los Servicios, la informaci\u00f3n de la tarjeta de cr\u00e9dito que usted proporciona es encriptada y transmitida directamente a Paypal. Nosotros no almacenamos la informaci\u00f3n de su tarjeta de cr\u00e9dito y no controlamos ni somos responsables de Paypal ni de su recopilaci\u00f3n o uso de su informaci\u00f3n. Puede obtener m\u00e1s informaci\u00f3n sobre c\u00f3mo Paypal almacena y utiliza la informaci\u00f3n de su tarjeta de cr\u00e9dito accediendo a la pol\u00edtica de privacidad de Paypal.<\/li>\n<li><b><\/b><strong><b>Atenci\u00f3n al cliente<\/b><\/strong>: Cuando se ponga en contacto con nosotros, puede proporcionarnos informaci\u00f3n sobre su uso de los Servicios, incluida informaci\u00f3n sobre los productos LVNOON (\"Productos\") que posee y datos de contacto, para que podamos proporcionarle asistencia al cliente. Por ejemplo, puede enviar un correo electr\u00f3nico al servicio de atenci\u00f3n al cliente con informaci\u00f3n sobre el funcionamiento de nuestro sistema de alarma para coches PKE y otros problemas.<\/li>\n<li><b><\/b><strong><b>Tu voz<\/b><\/strong>: Cuando utilice uno de nuestros Productos compatibles con tecnolog\u00eda asistida por voz, como una APP de smartphone para controlar su veh\u00edculo, con su permiso, su voz ser\u00e1 adquirida por ese Producto y luego transferida por ese Producto a su cuenta de terceros elegida (\"Cuenta de terceros\") como un comando, como un comando de Amazon Alexa o Google Assistant, y le transmitir\u00e1 la informaci\u00f3n solicitada.<\/li>\n<\/ul>\n<p><strong><b>Informaci\u00f3n sobre el uso del producto<\/b><\/strong><\/p>\n<ul>\n<li><b><\/b><strong><b>Seguimiento del producto<\/b><\/strong>: Recopilamos informaci\u00f3n sobre c\u00f3mo instala y utiliza nuestros Productos, como: instalaci\u00f3n; funciones utilizadas; operaciones realizadas; voltaje, frecuencia y duraci\u00f3n de sus actividades dentro de los Servicios, y cualquier identificador \u00fanico asociado a su Producto. Por ejemplo, recopilamos el per\u00edodo de tiempo durante el que conect\u00f3 el Producto a la Aplicaci\u00f3n y la hora de la \u00faltima conexi\u00f3n, as\u00ed como las operaciones que utiliz\u00f3 en la Cuenta, los ajustes y otras funciones de nuestros Productos.<\/li>\n<li><b><\/b><strong><b>Utilizaci\u00f3n de los servicios<\/b><\/strong>: Recopilamos informaci\u00f3n que nuestros Productos almacenan y comunican como parte de los Servicios, por ejemplo: cuando utiliza la APP del smartphone para configurar el veh\u00edculo. Adem\u00e1s, cuando programe el uso de nuestros Productos, como las aplicaciones para smartphone, guardaremos su configuraci\u00f3n.<\/li>\n<li><b><\/b><strong><b>Im\u00e1genes e informaci\u00f3n biom\u00e9trica<\/b><\/strong>: Si decide activar las funciones de imagen y biom\u00e9tricas en nuestros Productos, recopilaremos y procesaremos cierta informaci\u00f3n recogida de nuestros Productos, como im\u00e1genes faciales y huellas faciales subyacentes. Esta informaci\u00f3n permite a su Producto reconocer rostros familiares y notificarle la presencia de personas conocidas y desconocidas. Estas funciones tambi\u00e9n pueden permitirle utilizar los Servicios para crear y guardar im\u00e1genes de v\u00eddeo o fotogr\u00e1ficas de personas. Dependiendo de d\u00f3nde viva y de c\u00f3mo configure los Productos y Servicios, puede que necesite obtener un consentimiento expl\u00edcito antes de utilizar nuestros Productos para crear y guardar im\u00e1genes de v\u00eddeo o fotogr\u00e1ficas y\/o escanear y emparejar las caras de las personas.<\/li>\n<\/ul>\n<p><strong><b>Dispositivos y otra informaci\u00f3n recopilada autom\u00e1ticamente<\/b><\/strong><\/p>\n<ul>\n<li><b><\/b><strong><b>Propiedades y funcionamiento de los dispositivos<\/b><\/strong>: Recopilamos cierta informaci\u00f3n de y sobre su veh\u00edculo, smartphone, tableta u ordenador personal (\"Dispositivo\"), como: N\u00famero de Dispositivo, modelo, versi\u00f3n de hardware y software, intensidad de la se\u00f1al, direcciones de Protocolo de Internet (IP) y otra informaci\u00f3n. Tambi\u00e9n recopilamos informaci\u00f3n sobre las operaciones que realiza en el dispositivo, como la hora, la frecuencia y la duraci\u00f3n del uso.<\/li>\n<li><b><\/b><strong><b>Se\u00f1ales del dispositivo<\/b><\/strong>: Recopilamos informaci\u00f3n que su Dispositivo env\u00eda o recibe para adaptar los Servicios a nuestros usuarios en diferentes regiones, como: geolocalizaci\u00f3n, direcciones IP e informaci\u00f3n de hardware externa de su Dispositivo sobre puntos de acceso Wi-Fi, balizas y torres de telefon\u00eda m\u00f3vil circundantes. Puede activar y desactivar la comunicaci\u00f3n de dicha informaci\u00f3n ajustando la configuraci\u00f3n de seguridad y privacidad de su dispositivo.<\/li>\n<li><b><\/b><strong><b>Registros del servidor<\/b><\/strong>: Un registro de servidor es una lista de las actividades que realiza un servidor. Los servidores de LVNOON recopilan y almacenan autom\u00e1ticamente en los registros del servidor cierta informaci\u00f3n, como: sus consultas de b\u00fasqueda, direcciones IP, configuraci\u00f3n de hardware, tipo de navegador, idioma del navegador, la fecha y hora de su solicitud, URL de referencia y ciertas cookies que identifican su navegador o Cuenta.<\/li>\n<li><b><\/b><strong><b>Balizas web<\/b><\/strong>: Una baliza web (tambi\u00e9n denominada etiqueta de p\u00edxel o GIF transparente) es un c\u00f3digo inform\u00e1tico que comunica informaci\u00f3n desde su dispositivo a un servidor. Algunos de los servicios y comunicaciones de LVNOON pueden contener balizas web incrustadas que permiten a un servidor leer ciertos tipos de informaci\u00f3n de su dispositivo, como: el n\u00famero de personas que han visto cierto contenido, cu\u00e1ndo abri\u00f3 un mensaje de correo electr\u00f3nico y la direcci\u00f3n IP de su dispositivo. Las balizas web ayudan a LVNOON a elaborar informaci\u00f3n estad\u00edstica para ofrecer contenidos mejores y m\u00e1s personalizados.<\/li>\n<li><b><\/b><strong><b>Cookies<\/b><\/strong>: Las cookies son peque\u00f1os archivos de texto que se env\u00edan a su navegador web o al disco duro de su ordenador, o a los que se accede desde ellos. Una cookie suele contener el nombre del dominio (ubicaci\u00f3n en Internet) desde el que se origin\u00f3 la cookie, el \"tiempo de vida\" de la cookie (es decir, cu\u00e1ndo caduca) y un n\u00famero \u00fanico generado aleatoriamente o un identificador similar. Una cookie tambi\u00e9n puede contener informaci\u00f3n sobre el Dispositivo, como: configuraci\u00f3n del usuario, historial de navegaci\u00f3n y actividades realizadas durante el uso de los Servicios.<\/li>\n<\/ul>\n<p>Nuestros Servicios utilizan las siguientes cookies:<\/p>\n<ul>\n<li>Cookies estrictamente necesarias, que son necesarias para el funcionamiento de los Servicios. Sin ellas, por ejemplo, usted no podr\u00eda utilizar su Cuenta.<\/li>\n<li>Cookies anal\u00edticas\/de rendimiento, que permiten a LVNOON reconocer y contar el n\u00famero de visitantes, saber c\u00f3mo navegan los visitantes por los Servicios y mejorar los Servicios.<\/li>\n<li>Cookies de funcionalidad, que LVNOON utiliza para reconocerle cuando vuelve a los Servicios.<\/li>\n<\/ul>\n<p>Para obtener m\u00e1s informaci\u00f3n sobre cookies y balizas web, visite <a href=\"http:\/\/www.allaboutcookies.org\/\"><u>www.allaboutcookies.org<\/u><\/a>.\u00a0<\/p>\n<ul>\n<li><b><\/b><strong><b>Servicios anal\u00edticos<\/b><\/strong>: LVNOON tambi\u00e9n utiliza servicios de an\u00e1lisis, como Google Analytics, para recopilar y analizar su informaci\u00f3n. Por lo general, los servicios de an\u00e1lisis no identifican a los usuarios individuales. Muchos servicios de an\u00e1lisis le permiten excluirse de la recopilaci\u00f3n de datos. Por ejemplo, para obtener m\u00e1s informaci\u00f3n sobre las pr\u00e1cticas de Google Analytics y excluirse, visite <a href=\"https:\/\/www.google.com\/settings\/ads\"><u>google.com\/settings\/ads<\/u><\/a>o descargando el complemento de inhabilitaci\u00f3n para navegadores de Google Analytics en <a href=\"https:\/\/tools.google.com\/dlpage\/gaoptout\"><u>https:\/\/tools.google.com\/dlpage\/gaoptout<\/u><\/a>.<\/li>\n<\/ul>\n<p><strong><b>Informaci\u00f3n de terceros<\/b><\/strong><\/p>\n<p>Recopilamos y utilizamos informaci\u00f3n obtenida de Facebook, Google, Amazon y otras cuentas que utilice para iniciar sesi\u00f3n en los Servicios (\"Cuentas de terceros\"), como: su nombre, su nombre de usuario o \"handle\", fecha de nacimiento, fotograf\u00eda y otros datos que pueda tener en su perfil de Cuenta de terceros. No tenemos acceso a las contrase\u00f1as de sus Cuentas de Terceros.<\/p>\n<p><strong><b>Privacidad de ni\u00f1os y menores<\/b><\/strong><\/p>\n<ul>\n<li>Sobre la protecci\u00f3n de la informaci\u00f3n personal de los menores. La empresa concede gran importancia a la protecci\u00f3n de la informaci\u00f3n personal de los menores. Si usted es un menor de 16 a\u00f1os (de acuerdo con los requisitos legales de los Estados miembros de la UE, la edad m\u00ednima no debe ser inferior a 13 a\u00f1os), debe obtener el consentimiento por escrito de sus padres o tutores legales antes de utilizar este producto y servicio. Este producto y servicio proteger\u00e1 la informaci\u00f3n personal de los menores de acuerdo con las leyes y reglamentos pertinentes de la UE.<\/li>\n<li>Los Servicios no est\u00e1n dirigidos ni pensados para ser utilizados por menores. En consonancia con los requisitos de la legislaci\u00f3n aplicable, si nos enteramos de que hemos recibido cualquier informaci\u00f3n directamente de un menor, tomaremos medidas para eliminar o destruir esa informaci\u00f3n.<\/li>\n<li><b><\/b><strong><b>\u00bfPuede retirar su consentimiento para que recopilemos o utilicemos su informaci\u00f3n?<\/b><\/strong><\/li>\n<\/ul>\n<p>Puede revocar su consentimiento para que recojamos, utilicemos y\/o divulguemos sus datos de identificaci\u00f3n personal que obren en nuestro poder o est\u00e9n bajo nuestro control enviando una solicitud a <a href=\"mailto:sales@lvnoon.com\"><u>sales@<\/u><u>lvnoon<\/u><u>.com<\/u><\/a>\u00a0o siguiendo las siguientes instrucciones para eliminar su Cuenta. En funci\u00f3n de la medida en que retire su consentimiento, la funcionalidad de su Cuenta, Productos y Servicios puede verse afectada, incluida la p\u00e9rdida de acceso o uso de su Cuenta, Productos y\/o Servicios.<\/p>\n<p><strong><b>\u00bfPara qu\u00e9 utilizamos sus datos?<\/b><\/strong><\/p>\n<p><strong><b>Toda la informaci\u00f3n que recopilemos sobre usted podr\u00e1 utilizarse de una de las siguientes maneras:<\/b><\/strong><\/p>\n<ul>\n<li><b><\/b><strong><b>Para procesar transacciones<\/b><\/strong>: Utilizamos su informaci\u00f3n para procesar los pagos que realiza a trav\u00e9s de los Servicios.<\/li>\n<li><b><\/b><strong><b>Para enviar correos electr\u00f3nicos peri\u00f3dicos<\/b><\/strong>: La direcci\u00f3n de correo electr\u00f3nico que nos facilite para la tramitaci\u00f3n de su pedido o para su Cuenta podr\u00e1 ser utilizada para enviarle informaci\u00f3n y actualizaciones relativas a su pedido, adem\u00e1s de recibir ocasionalmente noticias de la empresa, actualizaciones, informaci\u00f3n relacionada con Productos o Servicios, incluido el env\u00edo de actualizaciones de nuestras condiciones y pol\u00edticas y otros mensajes importantes de vez en cuando. Tambi\u00e9n podemos enviarle comunicaciones promocionales y de marketing que consideremos relevantes para sus intereses.<\/li>\n<li><b><\/b><strong><b>Nuestros servicios<\/b><\/strong>: Operamos y prestamos servicios, incluida la atenci\u00f3n al cliente y la mejora, reparaci\u00f3n y personalizaci\u00f3n de los Servicios. Utilizamos su informaci\u00f3n para entender c\u00f3mo la gente utiliza y para evaluar y mejorar los Servicios. Adem\u00e1s, utilizamos su informaci\u00f3n para investigar, desarrollar y probar nuevos servicios, Productos y funciones, as\u00ed como para realizar actividades de resoluci\u00f3n de problemas. Tambi\u00e9n utilizamos su informaci\u00f3n para responderle cuando se pone en contacto con nosotros. Utilizamos cookies para operar, proporcionar, mejorar, comprender y personalizar los Servicios.<\/li>\n<li><b><\/b><strong><b>Seguridad y privacidad<\/b><\/strong>: Utilizamos su informaci\u00f3n para verificar los detalles y la actividad de la Cuenta. Tambi\u00e9n utilizamos su informaci\u00f3n para promover la seguridad y privacidad de los Servicios, como investigar actividades sospechosas o infracciones de nuestras condiciones.<\/li>\n<li><b><\/b><strong><b>Publicidad e informaci\u00f3n empresarial<\/b><\/strong>: Podemos mostrarle a usted y a otros anuncios de nuestros Productos y de productos de terceros bas\u00e1ndonos en la informaci\u00f3n que hemos recopilado de usted, como por ejemplo: qu\u00e9 ha instalado, a qu\u00e9 ha accedido, qu\u00e9 ha utilizado y qu\u00e9 ha comprado.<\/li>\n<li><b><\/b><strong><b>Acceso a cuentas de terceros<\/b><\/strong>: Utilizamos su informaci\u00f3n, incluida la informaci\u00f3n de Cuentas de Terceros, para permitir que sus Productos y los Servicios accedan a Cuentas de Terceros. Estas Cuentas de Terceros pueden permitirle compartir informaci\u00f3n personal a trav\u00e9s de nuestros Servicios, como publicaciones en Facebook o fotograf\u00edas. Dado que este tipo de informaci\u00f3n puede ser p\u00fablica, debe tener cuidado con lo que decide enviar a Cuentas de terceros. Ajuste adecuadamente la configuraci\u00f3n de privacidad de su Cuenta de terceros.<\/li>\n<\/ul>\n<p><strong><b>\u00bfC\u00f3mo se comparte esta informaci\u00f3n?<\/b><\/strong><\/p>\n<ul>\n<li><b><\/b><strong><b>Terceros proveedores<\/b><\/strong>: Compartimos su informaci\u00f3n con terceros proveedores con los que trabajamos para ayudarnos a operar, proporcionar, analizar, mejorar, comprender, personalizar, apoyar y comercializar los Servicios.<\/li>\n<li><b><\/b><strong><b>Servicios de terceros<\/b><\/strong>: Cuando usted utiliza servicios de terceros, por ejemplo a trav\u00e9s de Cuentas de Terceros que se integran con los Productos y Servicios, \u00e9stos pueden recibir su informaci\u00f3n. Cuando utilice servicios de terceros, sus propias condiciones y pol\u00edticas de privacidad se aplicar\u00e1n a su uso de estos servicios.<\/li>\n<li><b><\/b><strong><b>Cuestiones reglamentarias y jur\u00eddicas<\/b><\/strong>: Tambi\u00e9n podemos revelar su informaci\u00f3n a terceros cuando creamos que es apropiado para cumplir con la ley, hacer cumplir nuestros t\u00e9rminos y pol\u00edticas, o proteger nuestros derechos, propiedad o seguridad o los de otros.<\/li>\n<\/ul>\n<p><strong><b>\u00bfC\u00f3mo protegemos su informaci\u00f3n?<\/b><\/strong><\/p>\n<p>Aplicamos diversas medidas de seguridad para mantener la seguridad de su informaci\u00f3n cuando realiza un pedido o introduce, env\u00eda o accede a su informaci\u00f3n. Ofrecemos el uso de un servidor seguro. Toda la informaci\u00f3n de pago de identificaci\u00f3n personal suministrada se transmite a trav\u00e9s de la tecnolog\u00eda Secure Socket Layer (SSL). Despu\u00e9s de una transacci\u00f3n, la informaci\u00f3n de su tarjeta de cr\u00e9dito no se almacenar\u00e1 en nuestros servidores.<\/p>\n<p><strong><b>\u00bfC\u00f3mo puede gestionar la informaci\u00f3n sobre usted, incluida su Cuenta?<\/b><\/strong><\/p>\n<p>Le ofrecemos la posibilidad de revisar, gestionar o eliminar su informaci\u00f3n.<\/p>\n<ul>\n<li>Cambiar su correo electr\u00f3nico, apodo y m\u00e1s: Puede revisar y cambiar la informaci\u00f3n del perfil de su Cuenta iniciando sesi\u00f3n en su Cuenta y visitando la p\u00e1gina de configuraci\u00f3n de su Cuenta.<\/li>\n<li>Darse de baja: Si en alg\u00fan momento desea gestionar la configuraci\u00f3n de sus comunicaciones, como darse de baja de la recepci\u00f3n de correos electr\u00f3nicos, incluimos instrucciones detalladas para darse de baja en la parte inferior de cada correo electr\u00f3nico. Tambi\u00e9n puede darse de baja accediendo a su cuenta y visitando la p\u00e1gina de configuraci\u00f3n de su cuenta.<\/li>\n<li>Eliminaci\u00f3n de su cuenta: Si desea eliminar su Cuenta, puede hacerlo en la p\u00e1gina de configuraci\u00f3n de su Cuenta. La eliminaci\u00f3n de su cuenta eliminar\u00e1 la informaci\u00f3n de identificaci\u00f3n personal asociada a su cuenta.<\/li>\n<\/ul>\n<p><strong><b>\u00bfCu\u00e1nto tiempo se almacenar\u00e1n los datos?<\/b><\/strong><\/p>\n<p>Almacenamos su informaci\u00f3n hasta que ya no la necesitemos para prestar los Servicios, tal como se describe en esta Pol\u00edtica de Privacidad, o hasta que elimine su Cuenta tal como se ha descrito anteriormente, dependiendo de lo que ocurra primero.<\/p>\n<p><strong><b>Enlaces de terceros<\/b><\/strong><\/p>\n<p>Ocasionalmente, a nuestra discreci\u00f3n, podemos incluir enlaces a sitios web de terceros en nuestros Servicios. Estos sitios web de terceros tienen pol\u00edticas de privacidad separadas e independientes. Utilice estos sitios web de terceros con precauci\u00f3n. No tenemos responsabilidad alguna por el contenido y las actividades de estos sitios web enlazados.<\/p>\n<p><strong><b>Cambios en nuestra pol\u00edtica de privacidad<\/b><\/strong><\/p>\n<p>LVNOON se reserva el derecho de revisar y actualizar peri\u00f3dicamente esta Pol\u00edtica de privacidad. Todos los cambios entrar\u00e1n en vigor inmediatamente cuando los publiquemos, con la fecha arriba indicada, y se aplicar\u00e1n a los Servicios a partir de ese momento. El uso continuado de los Servicios despu\u00e9s del momento en que se publiquen los cambios indicar\u00e1 su aceptaci\u00f3n de dichos cambios revisados, por lo que le rogamos que compruebe peri\u00f3dicamente esta Pol\u00edtica de privacidad para conocer las actualizaciones.<\/p>\n<p><strong><b>\u00bfC\u00f3mo puede ponerse en contacto con LVNOON si tiene preguntas?<\/b><\/strong><\/p>\n<p>Si tiene alguna pregunta o duda, puede ponerse en contacto con nosotros de varias maneras.<\/p>\n<p>Env\u00edenos un correo electr\u00f3nico:<a href=\"mailto:sales@lvnoon.com\"><u>sales@<\/u><u>lvnoon<\/u><u>.com<\/u><\/a><\/p>\n<p>Ll\u00e1menos:+86 136 8025 1078<\/p>\n\t\t\t\t\t\t\t\t<\/div>\n\t\t\t\t<\/div>\n\t\t\t\t\t<\/div>\n\t\t<\/div>\n\t\t\t\t\t<\/div>\n\t\t<\/section>\n\t\t\t\t<\/div>","protected":false},"excerpt":{"rendered":"<p>LVNOON Ltd Privacy Policy This Privacy Policy applies to certain information, as defined below, that Zhongshan LVNOON Electronics Company Limited,<\/p>","protected":false},"author":1,"featured_media":0,"parent":0,"menu_order":0,"comment_status":"closed","ping_status":"closed","template":"","meta":{"footnotes":""},"class_list":["post-3","page","type-page","status-publish","hentry"],"_links":{"self":[{"href":"https:\/\/www.lvnoon.com\/es\/wp-json\/wp\/v2\/pages\/3","targetHints":{"allow":["GET"]}}],"collection":[{"href":"https:\/\/www.lvnoon.com\/es\/wp-json\/wp\/v2\/pages"}],"about":[{"href":"https:\/\/www.lvnoon.com\/es\/wp-json\/wp\/v2\/types\/page"}],"author":[{"embeddable":true,"href":"https:\/\/www.lvnoon.com\/es\/wp-json\/wp\/v2\/users\/1"}],"replies":[{"embeddable":true,"href":"https:\/\/www.lvnoon.com\/es\/wp-json\/wp\/v2\/comments?post=3"}],"version-history":[{"count":7,"href":"https:\/\/www.lvnoon.com\/es\/wp-json\/wp\/v2\/pages\/3\/revisions"}],"predecessor-version":[{"id":8863,"href":"https:\/\/www.lvnoon.com\/es\/wp-json\/wp\/v2\/pages\/3\/revisions\/8863"}],"wp:attachment":[{"href":"https:\/\/www.lvnoon.com\/es\/wp-json\/wp\/v2\/media?parent=3"}],"curies":[{"name":"wp","href":"https:\/\/api.w.org\/{rel}","templated":true}]}}