{"id":10680,"date":"2025-10-20T11:07:17","date_gmt":"2025-10-20T03:07:17","guid":{"rendered":"https:\/\/www.lvnoon.com\/?post_type=product&#038;p=10680"},"modified":"2025-10-21T11:53:51","modified_gmt":"2025-10-21T03:53:51","slug":"100-215kwh-intelligent-bess","status":"publish","type":"product","link":"https:\/\/www.lvnoon.com\/es\/product\/100-215kwh-intelligent-bess\/","title":{"rendered":"100-215KWH BESS inteligente"},"content":{"rendered":"<div data-elementor-type=\"product-post\" data-elementor-id=\"10680\" class=\"elementor elementor-10680\">\n\t\t\t\t\t\t<section class=\"elementor-section elementor-top-section elementor-element elementor-element-6bd778c elementor-section-boxed elementor-section-height-default elementor-section-height-default wd-section-disabled\" data-id=\"6bd778c\" data-element_type=\"section\">\n\t\t\t\t\t\t<div class=\"elementor-container elementor-column-gap-default\">\n\t\t\t\t\t<div class=\"elementor-column elementor-col-100 elementor-top-column elementor-element elementor-element-8c28590\" data-id=\"8c28590\" data-element_type=\"column\">\n\t\t\t<div class=\"elementor-widget-wrap elementor-element-populated\">\n\t\t\t\t\t\t<div class=\"elementor-element elementor-element-10e8bbe color-scheme-inherit text-left elementor-widget elementor-widget-text-editor\" data-id=\"10e8bbe\" data-element_type=\"widget\" data-widget_type=\"text-editor.default\">\n\t\t\t\t<div class=\"elementor-widget-container\">\n\t\t\t\t\t\t\t\t\t<table width=\"803\"><tbody><tr><td width=\"225\">Modelo<\/td><td width=\"578\">LVA215A100-01M<\/td><\/tr><tr><td colspan=\"2\" width=\"803\">Datos de la bater\u00eda<\/td><\/tr><tr><td width=\"225\">Energ\u00eda nominal<\/td><td width=\"578\">215 kWh<\/td><\/tr><tr><td width=\"225\">Tensi\u00f3n nominal<\/td><td width=\"578\">768V<\/td><\/tr><tr><td width=\"225\">Modelo de bater\u00eda<\/td><td width=\"578\">280Ah<\/td><\/tr><tr><td width=\"225\">Qu\u00edmica de la bater\u00eda<\/td><td width=\"578\">LiFePO4<\/td><\/tr><tr><td width=\"225\">Ciclo de vida<\/td><td width=\"578\">\u22658000 ciclos(@25\u00b0C, 0.5P\/0.5P)<\/td><\/tr><tr><td width=\"225\">Especificaci\u00f3n de la c\u00e9lula<\/td><td width=\"578\">3,2V 280Ah<\/td><\/tr><tr><td width=\"225\">Energ\u00eda de la bater\u00eda<\/td><td width=\"578\">14,336 kWh<\/td><\/tr><tr><td width=\"225\">Configuraci\u00f3n de cadenas<\/td><td width=\"578\">1P240S<\/td><\/tr><tr><td width=\"225\">N\u00famero de bastidores<\/td><td width=\"578\">1<\/td><\/tr><tr><td width=\"225\">Tensi\u00f3n de funcionamiento<\/td><td width=\"578\">672V - 876V<\/td><\/tr><tr><td width=\"225\">Potencia nominal de carga<\/td><td width=\"578\">0.5P<\/td><\/tr><tr><td width=\"225\">Potencia nominal de descarga<\/td><td width=\"578\">0.5P<\/td><\/tr><tr><td colspan=\"2\" width=\"803\">Seguridad<\/td><\/tr><tr><td width=\"225\">Sistema de extinci\u00f3n de incendios<\/td><td width=\"578\">Extintores en aerosol<\/td><\/tr><tr><td colspan=\"2\" width=\"803\">Datos del inversor<\/td><\/tr><tr><td width=\"225\">Potencia nominal<\/td><td width=\"578\">100 kW<\/td><\/tr><tr><td colspan=\"2\" width=\"803\">\u00a0\u00a0 Consulte la secci\u00f3n Pcs para obtener m\u00e1s informaci\u00f3n.<\/td><\/tr><tr><td colspan=\"2\" width=\"803\">General<\/td><\/tr><tr><td width=\"225\">Dimensiones (An\u00d7P\u00d7Al)<\/td><td width=\"578\">1600\u00d71000\u00d72360mm<\/td><\/tr><tr><td width=\"225\">Peso<\/td><td width=\"578\">\u22643900kg<\/td><\/tr><tr><td width=\"225\">Grado de protecci\u00f3n IP<\/td><td width=\"578\">IP54<\/td><\/tr><tr><td width=\"225\">M\u00e9todo de refrigeraci\u00f3n<\/td><td width=\"578\">Refrigeraci\u00f3n por aire inteligente<\/td><\/tr><tr><td width=\"225\">Temperatura de funcionamiento<\/td><td width=\"578\">-20\u00b0C - +50\u00b0C<\/td><\/tr><tr><td width=\"225\">Temperatura de almacenamiento<\/td><td width=\"578\">-30\u00b0C - +60\u00b0C<\/td><\/tr><tr><td width=\"225\">Humedad relativa<\/td><td width=\"578\">15% - 90% (Sin condensaci\u00f3n)<\/td><\/tr><tr><td width=\"225\">Altitud de funcionamiento<\/td><td width=\"578\">\u22643000m<\/td><\/tr><tr><td width=\"225\">Interfaces de comunicaci\u00f3n<\/td><td width=\"578\">LAN\/CAN\/RS485<\/td><\/tr><tr><td width=\"225\">Conformidad<\/td><td width=\"578\">IEC\/EN 62619, IEC\/EN 61000, UN38.3, MSDS<\/td><\/tr><\/tbody><\/table>\t\t\t\t\t\t\t\t<\/div>\n\t\t\t\t<\/div>\n\t\t\t\t<div class=\"elementor-element elementor-element-be2c6ca elementor-widget elementor-widget-image\" data-id=\"be2c6ca\" data-element_type=\"widget\" data-widget_type=\"image.default\">\n\t\t\t\t<div class=\"elementor-widget-container\">\n\t\t\t\t\t\t\t\t\t\t\t\t\t\t\t<img fetchpriority=\"high\" decoding=\"async\" width=\"1300\" height=\"594\" src=\"https:\/\/www.lvnoon.com\/wp-content\/uploads\/2025\/10\/parameters-1300x594.png\" class=\"attachment-large size-large wp-image-10688\" alt=\"\" srcset=\"https:\/\/www.lvnoon.com\/wp-content\/uploads\/2025\/10\/parameters-1300x594.png 1300w, https:\/\/www.lvnoon.com\/wp-content\/uploads\/2025\/10\/parameters-400x183.png 400w, https:\/\/www.lvnoon.com\/wp-content\/uploads\/2025\/10\/parameters-768x351.png 768w, https:\/\/www.lvnoon.com\/wp-content\/uploads\/2025\/10\/parameters-1536x702.png 1536w, https:\/\/www.lvnoon.com\/wp-content\/uploads\/2025\/10\/parameters-18x8.png 18w, https:\/\/www.lvnoon.com\/wp-content\/uploads\/2025\/10\/parameters-860x393.png 860w, https:\/\/www.lvnoon.com\/wp-content\/uploads\/2025\/10\/parameters-430x196.png 430w, https:\/\/www.lvnoon.com\/wp-content\/uploads\/2025\/10\/parameters-700x320.png 700w, https:\/\/www.lvnoon.com\/wp-content\/uploads\/2025\/10\/parameters-150x69.png 150w, https:\/\/www.lvnoon.com\/wp-content\/uploads\/2025\/10\/parameters.png 1920w\" sizes=\"(max-width: 1300px) 100vw, 1300px\" \/>\t\t\t\t\t\t\t\t\t\t\t\t\t\t\t<\/div>\n\t\t\t\t<\/div>\n\t\t\t\t\t<\/div>\n\t\t<\/div>\n\t\t\t\t\t<\/div>\n\t\t<\/section>\n\t\t\t\t<section class=\"elementor-section elementor-top-section elementor-element elementor-element-b7b9386 elementor-section-boxed elementor-section-height-default elementor-section-height-default wd-section-disabled\" data-id=\"b7b9386\" data-element_type=\"section\">\n\t\t\t\t\t\t<div class=\"elementor-container elementor-column-gap-default\">\n\t\t\t\t\t<div class=\"elementor-column elementor-col-100 elementor-top-column elementor-element elementor-element-f47db75\" data-id=\"f47db75\" data-element_type=\"column\">\n\t\t\t<div class=\"elementor-widget-wrap elementor-element-populated\">\n\t\t\t\t\t\t<div class=\"elementor-element elementor-element-a3469dc elementor-widget elementor-widget-heading\" data-id=\"a3469dc\" data-element_type=\"widget\" data-widget_type=\"heading.default\">\n\t\t\t\t<div class=\"elementor-widget-container\">\n\t\t\t\t\t<h2 class=\"elementor-heading-title elementor-size-xl\">Listas de compatibilidad de marcas de inversores<\/h2>\t\t\t\t<\/div>\n\t\t\t\t<\/div>\n\t\t\t\t<div class=\"elementor-element elementor-element-737e2b9 elementor-widget elementor-widget-image\" data-id=\"737e2b9\" data-element_type=\"widget\" data-widget_type=\"image.default\">\n\t\t\t\t<div class=\"elementor-widget-container\">\n\t\t\t\t\t\t\t\t\t\t\t\t\t\t\t<img decoding=\"async\" width=\"1300\" height=\"223\" src=\"https:\/\/www.lvnoon.com\/wp-content\/uploads\/2025\/10\/Compatible-Lists-of-Inverter-Brands-1300x223.png\" class=\"attachment-large size-large wp-image-10687\" alt=\"\" srcset=\"https:\/\/www.lvnoon.com\/wp-content\/uploads\/2025\/10\/Compatible-Lists-of-Inverter-Brands-1300x223.png 1300w, https:\/\/www.lvnoon.com\/wp-content\/uploads\/2025\/10\/Compatible-Lists-of-Inverter-Brands-400x69.png 400w, https:\/\/www.lvnoon.com\/wp-content\/uploads\/2025\/10\/Compatible-Lists-of-Inverter-Brands-768x132.png 768w, https:\/\/www.lvnoon.com\/wp-content\/uploads\/2025\/10\/Compatible-Lists-of-Inverter-Brands-1536x264.png 1536w, https:\/\/www.lvnoon.com\/wp-content\/uploads\/2025\/10\/Compatible-Lists-of-Inverter-Brands-18x3.png 18w, https:\/\/www.lvnoon.com\/wp-content\/uploads\/2025\/10\/Compatible-Lists-of-Inverter-Brands-860x148.png 860w, https:\/\/www.lvnoon.com\/wp-content\/uploads\/2025\/10\/Compatible-Lists-of-Inverter-Brands-430x74.png 430w, https:\/\/www.lvnoon.com\/wp-content\/uploads\/2025\/10\/Compatible-Lists-of-Inverter-Brands-700x120.png 700w, https:\/\/www.lvnoon.com\/wp-content\/uploads\/2025\/10\/Compatible-Lists-of-Inverter-Brands-150x26.png 150w, https:\/\/www.lvnoon.com\/wp-content\/uploads\/2025\/10\/Compatible-Lists-of-Inverter-Brands.png 1920w\" sizes=\"(max-width: 1300px) 100vw, 1300px\" \/>\t\t\t\t\t\t\t\t\t\t\t\t\t\t\t<\/div>\n\t\t\t\t<\/div>\n\t\t\t\t\t<\/div>\n\t\t<\/div>\n\t\t\t\t\t<\/div>\n\t\t<\/section>\n\t\t\t\t<section class=\"elementor-section elementor-top-section elementor-element elementor-element-765f734 elementor-section-boxed elementor-section-height-default elementor-section-height-default wd-section-disabled\" data-id=\"765f734\" data-element_type=\"section\">\n\t\t\t\t\t\t<div class=\"elementor-container elementor-column-gap-default\">\n\t\t\t\t\t<div class=\"elementor-column elementor-col-100 elementor-top-column elementor-element elementor-element-a5b29c6\" data-id=\"a5b29c6\" data-element_type=\"column\">\n\t\t\t<div class=\"elementor-widget-wrap elementor-element-populated\">\n\t\t\t\t\t\t<div class=\"elementor-element elementor-element-838422a elementor-widget-divider--view-line elementor-widget elementor-widget-divider\" data-id=\"838422a\" data-element_type=\"widget\" data-widget_type=\"divider.default\">\n\t\t\t\t<div class=\"elementor-widget-container\">\n\t\t\t\t\t\t\t<div class=\"elementor-divider\">\n\t\t\t<span class=\"elementor-divider-separator\">\n\t\t\t\t\t\t<\/span>\n\t\t<\/div>\n\t\t\t\t\t\t<\/div>\n\t\t\t\t<\/div>\n\t\t\t\t<div class=\"elementor-element elementor-element-3b8a1e3 elementor-widget elementor-widget-heading\" data-id=\"3b8a1e3\" data-element_type=\"widget\" data-widget_type=\"heading.default\">\n\t\t\t\t<div class=\"elementor-widget-container\">\n\t\t\t\t\t<h2 class=\"elementor-heading-title elementor-size-xl\">Consulta<\/h2>\t\t\t\t<\/div>\n\t\t\t\t<\/div>\n\t\t\t\t\t<\/div>\n\t\t<\/div>\n\t\t\t\t\t<\/div>\n\t\t<\/section>\n\t\t\t\t<section class=\"elementor-section elementor-top-section elementor-element elementor-element-c39246d elementor-section-boxed elementor-section-height-default elementor-section-height-default wd-section-disabled\" data-id=\"c39246d\" data-element_type=\"section\" data-settings=\"{&quot;background_background&quot;:&quot;classic&quot;}\">\n\t\t\t\t\t\t\t<div class=\"elementor-background-overlay\"><\/div>\n\t\t\t\t\t\t\t<div class=\"elementor-container elementor-column-gap-default\">\n\t\t\t\t\t<div class=\"elementor-column elementor-col-100 elementor-top-column elementor-element elementor-element-24af12e\" data-id=\"24af12e\" data-element_type=\"column\">\n\t\t\t<div class=\"elementor-widget-wrap elementor-element-populated\">\n\t\t\t\t\t\t<div class=\"elementor-element elementor-element-43321f4 elementor-button-align-stretch elementor-widget elementor-widget-form\" data-id=\"43321f4\" data-element_type=\"widget\" data-settings=\"{&quot;button_width&quot;:&quot;30&quot;,&quot;step_next_label&quot;:&quot;Next&quot;,&quot;step_previous_label&quot;:&quot;Previous&quot;,&quot;step_type&quot;:&quot;number_text&quot;,&quot;step_icon_shape&quot;:&quot;circle&quot;}\" data-widget_type=\"form.default\">\n\t\t\t\t<div class=\"elementor-widget-container\">\n\t\t\t\t\t\t\t<form class=\"elementor-form\" method=\"post\" name=\"New Form\" action=\"\">\n\t\t\t<input type=\"hidden\" name=\"post_id\" value=\"10680\"\/>\n\t\t\t<input type=\"hidden\" name=\"form_id\" value=\"43321f4\"\/>\n\t\t\t<input type=\"hidden\" name=\"referer_title\" value=\"LVNOON Lifepo4 Battery System\" \/>\n\n\t\t\t\n\t\t\t<div class=\"elementor-form-fields-wrapper elementor-labels-\">\n\t\t\t\t\t\t\t\t<div class=\"elementor-field-type-text elementor-field-group elementor-column elementor-field-group-name elementor-col-50 elementor-field-required\">\n\t\t\t\t\t\t\t\t\t\t\t\t<label for=\"form-field-name\" class=\"elementor-field-label elementor-screen-only\">\n\t\t\t\t\t\t\t\tNombre\t\t\t\t\t\t\t<\/label>\n\t\t\t\t\t\t\t\t\t\t\t\t\t\t<input size=\"1\" type=\"text\" name=\"form_fields[name]\" id=\"form-field-name\" class=\"elementor-field elementor-size-sm  elementor-field-textual\" placeholder=\"Nombre\" required=\"required\" aria-required=\"true\">\n\t\t\t\t\t\t\t\t\t\t\t<\/div>\n\t\t\t\t\t\t\t\t<div class=\"elementor-field-type-text elementor-field-group elementor-column elementor-field-group-Company elementor-col-50\">\n\t\t\t\t\t\t\t\t\t\t\t\t<label for=\"form-field-Company\" class=\"elementor-field-label elementor-screen-only\">\n\t\t\t\t\t\t\t\tEmpresa\t\t\t\t\t\t\t<\/label>\n\t\t\t\t\t\t\t\t\t\t\t\t\t\t<input size=\"1\" type=\"text\" name=\"form_fields[Company]\" id=\"form-field-Company\" class=\"elementor-field elementor-size-sm  elementor-field-textual\" placeholder=\"Empresa\">\n\t\t\t\t\t\t\t\t\t\t\t<\/div>\n\t\t\t\t\t\t\t\t<div class=\"elementor-field-type-text elementor-field-group elementor-column elementor-field-group-field_e9cccac elementor-col-50 elementor-field-required\">\n\t\t\t\t\t\t\t\t\t\t\t\t<label for=\"form-field-field_e9cccac\" class=\"elementor-field-label elementor-screen-only\">\n\t\t\t\t\t\t\t\tN\u00famero de tel\u00e9fono\t\t\t\t\t\t\t<\/label>\n\t\t\t\t\t\t\t\t\t\t\t\t\t\t<input size=\"1\" type=\"text\" name=\"form_fields[field_e9cccac]\" id=\"form-field-field_e9cccac\" class=\"elementor-field elementor-size-sm  elementor-field-textual\" placeholder=\"N\u00famero de tel\u00e9fono\" required=\"required\" aria-required=\"true\">\n\t\t\t\t\t\t\t\t\t\t\t<\/div>\n\t\t\t\t\t\t\t\t<div class=\"elementor-field-type-email elementor-field-group elementor-column elementor-field-group-field_4b140e9 elementor-col-50 elementor-field-required\">\n\t\t\t\t\t\t\t\t\t\t\t\t<label for=\"form-field-field_4b140e9\" class=\"elementor-field-label elementor-screen-only\">\n\t\t\t\t\t\t\t\tDirecci\u00f3n de correo electr\u00f3nico\t\t\t\t\t\t\t<\/label>\n\t\t\t\t\t\t\t\t\t\t\t\t\t\t<input size=\"1\" type=\"email\" name=\"form_fields[field_4b140e9]\" id=\"form-field-field_4b140e9\" class=\"elementor-field elementor-size-sm  elementor-field-textual\" placeholder=\"Direcci\u00f3n de correo electr\u00f3nico\" required=\"required\" aria-required=\"true\">\n\t\t\t\t\t\t\t\t\t\t\t<\/div>\n\t\t\t\t\t\t\t\t<div class=\"elementor-field-type-textarea elementor-field-group elementor-column elementor-field-group-message elementor-col-100 elementor-field-required\">\n\t\t\t\t\t\t\t\t\t\t\t\t<label for=\"form-field-message\" class=\"elementor-field-label elementor-screen-only\">\n\t\t\t\t\t\t\t\tSu consulta*\t\t\t\t\t\t\t<\/label>\n\t\t\t\t\t\t<textarea class=\"elementor-field-textual elementor-field  elementor-size-sm\" name=\"form_fields[message]\" id=\"form-field-message\" rows=\"4\" placeholder=\"Su consulta*\" required=\"required\" aria-required=\"true\"><\/textarea>\t\t\t\t<\/div>\n\t\t\t\t\t\t\t\t<div class=\"elementor-field-type-html elementor-field-group elementor-column elementor-field-group-field_abc794b elementor-col-100\">\n\t\t\t\t\tLVNOON presta especial atenci\u00f3n y cuidado a la protecci\u00f3n de sus datos personales. Por favor, marque aqu\u00ed para aceptar nuestros t\u00e9rminos. Puede obtener m\u00e1s informaci\u00f3n sobre el uso y tratamiento de sus datos personales en nuestra pol\u00edtica de privacidad.\t\t\t\t<\/div>\n\t\t\t\t\t\t\t\t<div class=\"elementor-field-type-recaptcha elementor-field-group elementor-column elementor-field-group-field_0de7cf3 elementor-col-100\">\n\t\t\t\t\t<div class=\"elementor-field\" id=\"form-field-field_0de7cf3\"><div class=\"elementor-g-recaptcha\" data-sitekey=\"6LesDm8qAAAAAGEQYGter-uwFcTDyx95D-lbEcwf\" data-type=\"v2_checkbox\" data-theme=\"light\" data-size=\"normal\"><\/div><\/div>\t\t\t\t<\/div>\n\t\t\t\t\t\t\t\t<div class=\"elementor-field-group elementor-column elementor-field-type-submit elementor-col-30 e-form__buttons\">\n\t\t\t\t\t<button type=\"submit\" class=\"elementor-button elementor-size-sm\">\n\t\t\t\t\t\t<span >\n\t\t\t\t\t\t\t\t\t\t\t\t\t\t\t<span class=\"elementor-button-icon\">\n\t\t\t\t\t\t\t\t\t\t\t\t\t\t\t\t\t\t\t\t\t\t\t\t\t\t<\/span>\n\t\t\t\t\t\t\t\t\t\t\t\t\t\t\t\t\t\t\t\t\t\t<span class=\"elementor-button-text\">ENVIAR AHORA<\/span>\n\t\t\t\t\t\t\t\t\t\t\t\t\t<\/span>\n\t\t\t\t\t<\/button>\n\t\t\t\t<\/div>\n\t\t\t<\/div>\n\t\t<input type=\"hidden\" name=\"trp-form-language\" value=\"es\"\/><\/form>\n\t\t\t\t\t\t<\/div>\n\t\t\t\t<\/div>\n\t\t\t\t\t<\/div>\n\t\t<\/div>\n\t\t\t\t\t<\/div>\n\t\t<\/section>\n\t\t\t\t<\/div>","protected":false},"excerpt":{"rendered":"<h4><strong>Caracter\u00edsticas<\/strong><\/h4>\n<ul>\n<li>Ampliaci\u00f3n flexible de la capacidad de 100 kWh a 215 kWh.<\/li>\n<li>Equipado con celdas de gran capacidad de 280 Ah y 8000 ciclos de larga duraci\u00f3n, que garantizan una fuente de alimentaci\u00f3n duradera y estable.<\/li>\n<li>Permite el arbitraje pico-valle industrial y comercial.<\/li>\n<li>Adopta la tecnolog\u00eda de integraci\u00f3n BMS y el dise\u00f1o de redundancia de la fuente de alimentaci\u00f3n.<\/li>\n<li>Equipado con detecci\u00f3n de gas combustible, humo y temperatura y sistema de escape activo y alarma contra incendios.<\/li>\n<li>Admite aplicaciones integradas de almacenamiento \u00f3ptico y carga.<\/li>\n<li>Gesti\u00f3n de la capacidad de los transformadores.<\/li>\n<\/ul>","protected":false},"featured_media":10681,"template":"","meta":[],"product_cat":[88],"product_tag":[],"class_list":["post-10680","product","type-product","status-publish","has-post-thumbnail","hentry","product_cat-commercial-and-industrial-energy-storage-system"],"_links":{"self":[{"href":"https:\/\/www.lvnoon.com\/es\/wp-json\/wp\/v2\/product\/10680","targetHints":{"allow":["GET"]}}],"collection":[{"href":"https:\/\/www.lvnoon.com\/es\/wp-json\/wp\/v2\/product"}],"about":[{"href":"https:\/\/www.lvnoon.com\/es\/wp-json\/wp\/v2\/types\/product"}],"version-history":[{"count":6,"href":"https:\/\/www.lvnoon.com\/es\/wp-json\/wp\/v2\/product\/10680\/revisions"}],"predecessor-version":[{"id":10835,"href":"https:\/\/www.lvnoon.com\/es\/wp-json\/wp\/v2\/product\/10680\/revisions\/10835"}],"wp:featuredmedia":[{"embeddable":true,"href":"https:\/\/www.lvnoon.com\/es\/wp-json\/wp\/v2\/media\/10681"}],"wp:attachment":[{"href":"https:\/\/www.lvnoon.com\/es\/wp-json\/wp\/v2\/media?parent=10680"}],"wp:term":[{"taxonomy":"product_cat","embeddable":true,"href":"https:\/\/www.lvnoon.com\/es\/wp-json\/wp\/v2\/product_cat?post=10680"},{"taxonomy":"product_tag","embeddable":true,"href":"https:\/\/www.lvnoon.com\/es\/wp-json\/wp\/v2\/product_tag?post=10680"}],"curies":[{"name":"wp","href":"https:\/\/api.w.org\/{rel}","templated":true}]}}