{"id":9595,"date":"2025-07-21T11:48:34","date_gmt":"2025-07-21T03:48:34","guid":{"rendered":"https:\/\/www.lvnoon.com\/?post_type=product&#038;p=9595"},"modified":"2025-10-30T09:58:25","modified_gmt":"2025-10-30T01:58:25","slug":"active-balancer-lv5axxsb-copy","status":"publish","type":"product","link":"https:\/\/www.lvnoon.com\/es\/product\/active-balancer-lv5axxsb-copy\/","title":{"rendered":"Caja vac\u00eda apilable DIY LiFePO4"},"content":{"rendered":"<div data-elementor-type=\"product-post\" data-elementor-id=\"9595\" class=\"elementor elementor-9595\">\n\t\t\t\t\t\t<section class=\"elementor-section elementor-top-section elementor-element elementor-element-38b1d10 elementor-section-boxed elementor-section-height-default elementor-section-height-default wd-section-disabled\" data-id=\"38b1d10\" data-element_type=\"section\">\n\t\t\t\t\t\t<div class=\"elementor-container elementor-column-gap-default\">\n\t\t\t\t\t<div class=\"elementor-column elementor-col-100 elementor-top-column elementor-element elementor-element-ede8efc\" data-id=\"ede8efc\" data-element_type=\"column\">\n\t\t\t<div class=\"elementor-widget-wrap elementor-element-populated\">\n\t\t\t\t\t\t<div class=\"elementor-element elementor-element-1dd8358 elementor-widget elementor-widget-wd_text_block\" data-id=\"1dd8358\" data-element_type=\"widget\" data-widget_type=\"wd_text_block.default\">\n\t\t\t\t<div class=\"elementor-widget-container\">\n\t\t\t\t\t\t\t<div class=\"wd-text-block reset-last-child text-left\">\n\t\t\t\n\t\t\t<h4><strong>LVNOON JKESS DIY apilable Lifepo4 bater\u00eda caso 14336Wh 15Kwh 48V o 51.2V ajuste para Lifepo4 280Ah 304Ah 314Ah<\/strong><\/h4>\n\t\t\t\t\t<\/div>\n\t\t\t\t\t\t<\/div>\n\t\t\t\t<\/div>\n\t\t\t\t\t<\/div>\n\t\t<\/div>\n\t\t\t\t\t<\/div>\n\t\t<\/section>\n\t\t\t\t<section class=\"elementor-section elementor-top-section elementor-element elementor-element-422b684 elementor-section-boxed elementor-section-height-default elementor-section-height-default wd-section-disabled\" data-id=\"422b684\" data-element_type=\"section\">\n\t\t\t\t\t\t<div class=\"elementor-container elementor-column-gap-default\">\n\t\t\t\t\t<div class=\"elementor-column elementor-col-100 elementor-top-column elementor-element elementor-element-46bcf55\" data-id=\"46bcf55\" data-element_type=\"column\">\n\t\t\t<div class=\"elementor-widget-wrap elementor-element-populated\">\n\t\t\t\t\t\t<div class=\"elementor-element elementor-element-4531077 elementor-widget elementor-widget-wd_image_or_svg\" data-id=\"4531077\" data-element_type=\"widget\" data-widget_type=\"wd_image_or_svg.default\">\n\t\t\t\t<div class=\"elementor-widget-container\">\n\t\t\t\t\t\n\t\t<div class=\"wd-image text-left\">\n\t\t\t\t\t\t\t\t<img fetchpriority=\"high\" decoding=\"async\" width=\"960\" height=\"795\" src=\"https:\/\/www.lvnoon.com\/wp-content\/uploads\/2025\/07\/battery-box-1.jpg\" class=\"attachment-full size-full wp-image-10839\" alt=\"\" srcset=\"https:\/\/www.lvnoon.com\/wp-content\/uploads\/2025\/07\/battery-box-1.jpg 960w, https:\/\/www.lvnoon.com\/wp-content\/uploads\/2025\/07\/battery-box-1-362x300.jpg 362w, https:\/\/www.lvnoon.com\/wp-content\/uploads\/2025\/07\/battery-box-1-768x636.jpg 768w, https:\/\/www.lvnoon.com\/wp-content\/uploads\/2025\/07\/battery-box-1-14x12.jpg 14w, https:\/\/www.lvnoon.com\/wp-content\/uploads\/2025\/07\/battery-box-1-860x712.jpg 860w, https:\/\/www.lvnoon.com\/wp-content\/uploads\/2025\/07\/battery-box-1-430x356.jpg 430w, https:\/\/www.lvnoon.com\/wp-content\/uploads\/2025\/07\/battery-box-1-700x580.jpg 700w, https:\/\/www.lvnoon.com\/wp-content\/uploads\/2025\/07\/battery-box-1-150x124.jpg 150w\" sizes=\"(max-width: 960px) 100vw, 960px\" \/>\t\t\t\t\t<\/div>\n\n\t\t\t\t\t\t<\/div>\n\t\t\t\t<\/div>\n\t\t\t\t\t<\/div>\n\t\t<\/div>\n\t\t\t\t\t<\/div>\n\t\t<\/section>\n\t\t\t\t<section class=\"elementor-section elementor-top-section elementor-element elementor-element-a6a6de5 elementor-section-boxed elementor-section-height-default elementor-section-height-default wd-section-disabled\" data-id=\"a6a6de5\" data-element_type=\"section\">\n\t\t\t\t\t\t<div class=\"elementor-container elementor-column-gap-default\">\n\t\t\t\t\t<div class=\"elementor-column elementor-col-100 elementor-top-column elementor-element elementor-element-46f8024\" data-id=\"46f8024\" data-element_type=\"column\">\n\t\t\t<div class=\"elementor-widget-wrap elementor-element-populated\">\n\t\t\t\t\t\t<div class=\"elementor-element elementor-element-616561f elementor-widget elementor-widget-wd_text_block\" data-id=\"616561f\" data-element_type=\"widget\" data-widget_type=\"wd_text_block.default\">\n\t\t\t\t<div class=\"elementor-widget-container\">\n\t\t\t\t\t\t\t<div class=\"wd-text-block reset-last-child text-left\">\n\t\t\t\n\t\t\t<h4><strong>Par\u00e1metros del producto<\/strong><\/h4>\n\t\t\t\t\t<\/div>\n\t\t\t\t\t\t<\/div>\n\t\t\t\t<\/div>\n\t\t\t\t\t<\/div>\n\t\t<\/div>\n\t\t\t\t\t<\/div>\n\t\t<\/section>\n\t\t\t\t<section class=\"elementor-section elementor-top-section elementor-element elementor-element-02b47ec elementor-section-boxed elementor-section-height-default elementor-section-height-default wd-section-disabled\" data-id=\"02b47ec\" data-element_type=\"section\">\n\t\t\t\t\t\t<div class=\"elementor-container elementor-column-gap-default\">\n\t\t\t\t\t<div class=\"elementor-column elementor-col-100 elementor-top-column elementor-element elementor-element-e882036\" data-id=\"e882036\" data-element_type=\"column\">\n\t\t\t<div class=\"elementor-widget-wrap elementor-element-populated\">\n\t\t\t\t\t\t<div class=\"elementor-element elementor-element-7b52af2 color-scheme-inherit text-left elementor-widget elementor-widget-text-editor\" data-id=\"7b52af2\" data-element_type=\"widget\" data-widget_type=\"text-editor.default\">\n\t\t\t\t<div class=\"elementor-widget-container\">\n\t\t\t\t\t\t\t\t\t<p>\u00a0<\/p><table width=\"586\"><tbody><tr><td width=\"320\"><h5>Configuraci\u00f3n<\/h5><\/td><td width=\"266\"><h5>Lifepo4 caja de la bater\u00eda ajuste para 280AH\/304AH\/314AH LFP lifepo4 bater\u00eda<\/h5><\/td><\/tr><tr><td width=\"320\"><h5>Tensi\u00f3n nominal (V)<\/h5><\/td><td width=\"266\"><h5>48 V o 51,2 V<\/h5><\/td><\/tr><tr><td width=\"320\"><h5>Tama\u00f1o de la caja (mm)<\/h5><\/td><td width=\"266\"><h5>715x420x267mm(+\/-5mm)<\/h5><\/td><\/tr><tr><td width=\"320\"><h5>Tama\u00f1o de la caja de embalaje<\/h5><\/td><td width=\"266\"><h5>790x510x160mm<\/h5><\/td><\/tr><tr><td width=\"320\"><h5>Peso bruto de la caja (kg)<\/h5><\/td><td width=\"266\"><h5>22,3 kg (sin celdas de bater\u00eda, pantalla LCD, BMS)<\/h5><\/td><\/tr><tr><td width=\"320\"><h5>Interfaz de comunicaci\u00f3n<\/h5><\/td><td width=\"266\"><h5>CAN RS485 RS232<\/h5><\/td><\/tr><tr><td width=\"320\"><h5>Dispositivo m\u00f3vil<\/h5><\/td><td width=\"266\"><h5>Apilado<\/h5><\/td><\/tr><tr><td width=\"320\"><h5>Configuraci\u00f3n LCD<\/h5><\/td><td width=\"266\"><h5>Pantalla LCD t\u00e1ctil de 4,3 pulgadas (no incluida)<\/h5><\/td><\/tr><tr><td width=\"320\"><h5>Configuraci\u00f3n del conmutador<\/h5><\/td><td width=\"266\"><h5>Interruptor externo (no incluido)<\/h5><\/td><\/tr><tr><td width=\"320\"><h5>Humedad<\/h5><\/td><td width=\"266\"><h5>10%-85%<\/h5><\/td><\/tr><tr><td width=\"320\"><h5>Nivel IP<\/h5><\/td><td width=\"266\"><h5>IP 20<\/h5><\/td><\/tr><\/tbody><\/table>\t\t\t\t\t\t\t\t<\/div>\n\t\t\t\t<\/div>\n\t\t\t\t\t<\/div>\n\t\t<\/div>\n\t\t\t\t\t<\/div>\n\t\t<\/section>\n\t\t\t\t<section class=\"elementor-section elementor-top-section elementor-element elementor-element-ac7b4cd elementor-section-boxed elementor-section-height-default elementor-section-height-default wd-section-disabled\" data-id=\"ac7b4cd\" data-element_type=\"section\">\n\t\t\t\t\t\t<div class=\"elementor-container elementor-column-gap-default\">\n\t\t\t\t\t<div class=\"elementor-column elementor-col-100 elementor-top-column elementor-element elementor-element-38fb7d6\" data-id=\"38fb7d6\" data-element_type=\"column\">\n\t\t\t<div class=\"elementor-widget-wrap elementor-element-populated\">\n\t\t\t\t\t\t<div class=\"elementor-element elementor-element-941eebe elementor-widget elementor-widget-wd_image_or_svg\" data-id=\"941eebe\" data-element_type=\"widget\" data-widget_type=\"wd_image_or_svg.default\">\n\t\t\t\t<div class=\"elementor-widget-container\">\n\t\t\t\t\t\n\t\t<div class=\"wd-image text-left\">\n\t\t\t\t\t\t\t\t<img decoding=\"async\" width=\"960\" height=\"925\" src=\"https:\/\/www.lvnoon.com\/wp-content\/uploads\/2025\/07\/battery-box-3.jpg\" class=\"attachment-full size-full wp-image-10846\" alt=\"\" srcset=\"https:\/\/www.lvnoon.com\/wp-content\/uploads\/2025\/07\/battery-box-3.jpg 960w, https:\/\/www.lvnoon.com\/wp-content\/uploads\/2025\/07\/battery-box-3-311x300.jpg 311w, https:\/\/www.lvnoon.com\/wp-content\/uploads\/2025\/07\/battery-box-3-830x800.jpg 830w, https:\/\/www.lvnoon.com\/wp-content\/uploads\/2025\/07\/battery-box-3-768x740.jpg 768w, https:\/\/www.lvnoon.com\/wp-content\/uploads\/2025\/07\/battery-box-3-12x12.jpg 12w, https:\/\/www.lvnoon.com\/wp-content\/uploads\/2025\/07\/battery-box-3-860x829.jpg 860w, https:\/\/www.lvnoon.com\/wp-content\/uploads\/2025\/07\/battery-box-3-430x414.jpg 430w, https:\/\/www.lvnoon.com\/wp-content\/uploads\/2025\/07\/battery-box-3-700x674.jpg 700w, https:\/\/www.lvnoon.com\/wp-content\/uploads\/2025\/07\/battery-box-3-150x145.jpg 150w\" sizes=\"(max-width: 960px) 100vw, 960px\" \/>\t\t\t\t\t<\/div>\n\n\t\t\t\t\t\t<\/div>\n\t\t\t\t<\/div>\n\t\t\t\t\t<\/div>\n\t\t<\/div>\n\t\t\t\t\t<\/div>\n\t\t<\/section>\n\t\t\t\t<section class=\"elementor-section elementor-top-section elementor-element elementor-element-9057dfd elementor-section-boxed elementor-section-height-default elementor-section-height-default wd-section-disabled\" data-id=\"9057dfd\" data-element_type=\"section\">\n\t\t\t\t\t\t<div class=\"elementor-container elementor-column-gap-default\">\n\t\t\t\t\t<div class=\"elementor-column elementor-col-100 elementor-top-column elementor-element elementor-element-396a26c\" data-id=\"396a26c\" data-element_type=\"column\">\n\t\t\t<div class=\"elementor-widget-wrap elementor-element-populated\">\n\t\t\t\t\t\t<div class=\"elementor-element elementor-element-70a4217 elementor-widget elementor-widget-wd_text_block\" data-id=\"70a4217\" data-element_type=\"widget\" data-widget_type=\"wd_text_block.default\">\n\t\t\t\t<div class=\"elementor-widget-container\">\n\t\t\t\t\t\t\t<div class=\"wd-text-block reset-last-child text-left\">\n\t\t\t\n\t\t\t<h3><strong>Amplia compatibilidad<\/strong><\/h3><h4>Este paquete de bater\u00edas caja con un 15Kwh 48V o 51.2V ajuste para la mayor\u00eda de grado A LFP Litio Hierro LifePO4 bater\u00eda con capacidad de 280AH 302AH, 304AH 314AH Lifepo4 bater\u00eda, este kit asegura una amplia potencia para su sistema de almacenamiento de energ\u00eda solar residencial o dom\u00e9stico.<\/h4>\n\t\t\t\t\t<\/div>\n\t\t\t\t\t\t<\/div>\n\t\t\t\t<\/div>\n\t\t\t\t<div class=\"elementor-element elementor-element-d47d2c0 elementor-widget elementor-widget-wd_image_or_svg\" data-id=\"d47d2c0\" data-element_type=\"widget\" data-widget_type=\"wd_image_or_svg.default\">\n\t\t\t\t<div class=\"elementor-widget-container\">\n\t\t\t\t\t\n\t\t<div class=\"wd-image text-left\">\n\t\t\t\t\t\t\t\t<img decoding=\"async\" width=\"960\" height=\"791\" src=\"https:\/\/www.lvnoon.com\/wp-content\/uploads\/2025\/07\/battery-box-1-1.jpg\" class=\"attachment-full size-full wp-image-10847\" alt=\"\" srcset=\"https:\/\/www.lvnoon.com\/wp-content\/uploads\/2025\/07\/battery-box-1-1.jpg 960w, https:\/\/www.lvnoon.com\/wp-content\/uploads\/2025\/07\/battery-box-1-1-364x300.jpg 364w, https:\/\/www.lvnoon.com\/wp-content\/uploads\/2025\/07\/battery-box-1-1-768x633.jpg 768w, https:\/\/www.lvnoon.com\/wp-content\/uploads\/2025\/07\/battery-box-1-1-15x12.jpg 15w, https:\/\/www.lvnoon.com\/wp-content\/uploads\/2025\/07\/battery-box-1-1-860x709.jpg 860w, https:\/\/www.lvnoon.com\/wp-content\/uploads\/2025\/07\/battery-box-1-1-430x354.jpg 430w, https:\/\/www.lvnoon.com\/wp-content\/uploads\/2025\/07\/battery-box-1-1-700x577.jpg 700w, https:\/\/www.lvnoon.com\/wp-content\/uploads\/2025\/07\/battery-box-1-1-150x124.jpg 150w\" sizes=\"(max-width: 960px) 100vw, 960px\" \/>\t\t\t\t\t<\/div>\n\n\t\t\t\t\t\t<\/div>\n\t\t\t\t<\/div>\n\t\t\t\t\t<\/div>\n\t\t<\/div>\n\t\t\t\t\t<\/div>\n\t\t<\/section>\n\t\t\t\t<section class=\"elementor-section elementor-top-section elementor-element elementor-element-90ec980 elementor-section-boxed elementor-section-height-default elementor-section-height-default wd-section-disabled\" data-id=\"90ec980\" data-element_type=\"section\">\n\t\t\t\t\t\t<div class=\"elementor-container elementor-column-gap-default\">\n\t\t\t\t\t<div class=\"elementor-column elementor-col-100 elementor-top-column elementor-element elementor-element-4a32107\" data-id=\"4a32107\" data-element_type=\"column\">\n\t\t\t<div class=\"elementor-widget-wrap elementor-element-populated\">\n\t\t\t\t\t\t<div class=\"elementor-element elementor-element-8080338 elementor-widget elementor-widget-wd_text_block\" data-id=\"8080338\" data-element_type=\"widget\" data-widget_type=\"wd_text_block.default\">\n\t\t\t\t<div class=\"elementor-widget-container\">\n\t\t\t\t\t\t\t<div class=\"wd-text-block reset-last-child text-left\">\n\t\t\t\n\t\t\t<h3>Compatible con la tecnolog\u00eda BMS avanzada<\/h3><h4>Puede trabajar con un LVNOON balance activo BMS adicional (PB2A16S200A) para una gesti\u00f3n eficiente de la energ\u00eda y una mayor vida \u00fatil de la bater\u00eda.<\/h4>\n\t\t\t\t\t<\/div>\n\t\t\t\t\t\t<\/div>\n\t\t\t\t<\/div>\n\t\t\t\t<div class=\"elementor-element elementor-element-cabfc0b elementor-widget elementor-widget-wd_image_or_svg\" data-id=\"cabfc0b\" data-element_type=\"widget\" data-widget_type=\"wd_image_or_svg.default\">\n\t\t\t\t<div class=\"elementor-widget-container\">\n\t\t\t\t\t\n\t\t<div class=\"wd-image text-left\">\n\t\t\t\t\t\t\t\t<img loading=\"lazy\" decoding=\"async\" width=\"960\" height=\"793\" src=\"https:\/\/www.lvnoon.com\/wp-content\/uploads\/2025\/07\/battery-box-2.jpg\" class=\"attachment-full size-full wp-image-10848\" alt=\"\" srcset=\"https:\/\/www.lvnoon.com\/wp-content\/uploads\/2025\/07\/battery-box-2.jpg 960w, https:\/\/www.lvnoon.com\/wp-content\/uploads\/2025\/07\/battery-box-2-363x300.jpg 363w, https:\/\/www.lvnoon.com\/wp-content\/uploads\/2025\/07\/battery-box-2-768x634.jpg 768w, https:\/\/www.lvnoon.com\/wp-content\/uploads\/2025\/07\/battery-box-2-15x12.jpg 15w, https:\/\/www.lvnoon.com\/wp-content\/uploads\/2025\/07\/battery-box-2-860x710.jpg 860w, https:\/\/www.lvnoon.com\/wp-content\/uploads\/2025\/07\/battery-box-2-430x355.jpg 430w, https:\/\/www.lvnoon.com\/wp-content\/uploads\/2025\/07\/battery-box-2-700x578.jpg 700w, https:\/\/www.lvnoon.com\/wp-content\/uploads\/2025\/07\/battery-box-2-150x124.jpg 150w\" sizes=\"(max-width: 960px) 100vw, 960px\" \/>\t\t\t\t\t<\/div>\n\n\t\t\t\t\t\t<\/div>\n\t\t\t\t<\/div>\n\t\t\t\t<div class=\"elementor-element elementor-element-4b5b864 elementor-widget elementor-widget-wd_text_block\" data-id=\"4b5b864\" data-element_type=\"widget\" data-widget_type=\"wd_text_block.default\">\n\t\t\t\t<div class=\"elementor-widget-container\">\n\t\t\t\t\t\t\t<div class=\"wd-text-block reset-last-child text-left\">\n\t\t\t\n\t\t\t<h3><strong>Aplicaci\u00f3n vers\u00e1til<\/strong><\/h3><h4>\u00a0Ideal para caravanas, conversiones de furgonetas y kits de paneles solares, este estuche de bater\u00edas DIY est\u00e1 dise\u00f1ado para diversas necesidades energ\u00e9ticas.<\/h4>\n\t\t\t\t\t<\/div>\n\t\t\t\t\t\t<\/div>\n\t\t\t\t<\/div>\n\t\t\t\t\t<\/div>\n\t\t<\/div>\n\t\t\t\t\t<\/div>\n\t\t<\/section>\n\t\t\t\t<section class=\"elementor-section elementor-top-section elementor-element elementor-element-057b77b elementor-section-boxed elementor-section-height-default elementor-section-height-default wd-section-disabled\" data-id=\"057b77b\" data-element_type=\"section\">\n\t\t\t\t\t\t<div class=\"elementor-container elementor-column-gap-default\">\n\t\t\t\t\t<div class=\"elementor-column elementor-col-100 elementor-top-column elementor-element elementor-element-b62fa04\" data-id=\"b62fa04\" data-element_type=\"column\">\n\t\t\t<div class=\"elementor-widget-wrap elementor-element-populated\">\n\t\t\t\t\t\t<div class=\"elementor-element elementor-element-0833441 elementor-widget elementor-widget-wd_image_or_svg\" data-id=\"0833441\" data-element_type=\"widget\" data-widget_type=\"wd_image_or_svg.default\">\n\t\t\t\t<div class=\"elementor-widget-container\">\n\t\t\t\t\t\n\t\t<div class=\"wd-image text-left\">\n\t\t\t\t\t\t\t\t<img loading=\"lazy\" decoding=\"async\" width=\"960\" height=\"791\" src=\"https:\/\/www.lvnoon.com\/wp-content\/uploads\/2025\/07\/battery-box-3-1.jpg\" class=\"attachment-full size-full wp-image-10852\" alt=\"\" srcset=\"https:\/\/www.lvnoon.com\/wp-content\/uploads\/2025\/07\/battery-box-3-1.jpg 960w, https:\/\/www.lvnoon.com\/wp-content\/uploads\/2025\/07\/battery-box-3-1-364x300.jpg 364w, https:\/\/www.lvnoon.com\/wp-content\/uploads\/2025\/07\/battery-box-3-1-768x633.jpg 768w, https:\/\/www.lvnoon.com\/wp-content\/uploads\/2025\/07\/battery-box-3-1-15x12.jpg 15w, https:\/\/www.lvnoon.com\/wp-content\/uploads\/2025\/07\/battery-box-3-1-860x709.jpg 860w, https:\/\/www.lvnoon.com\/wp-content\/uploads\/2025\/07\/battery-box-3-1-430x354.jpg 430w, https:\/\/www.lvnoon.com\/wp-content\/uploads\/2025\/07\/battery-box-3-1-700x577.jpg 700w, https:\/\/www.lvnoon.com\/wp-content\/uploads\/2025\/07\/battery-box-3-1-150x124.jpg 150w\" sizes=\"(max-width: 960px) 100vw, 960px\" \/>\t\t\t\t\t<\/div>\n\n\t\t\t\t\t\t<\/div>\n\t\t\t\t<\/div>\n\t\t\t\t\t<\/div>\n\t\t<\/div>\n\t\t\t\t\t<\/div>\n\t\t<\/section>\n\t\t\t\t<section class=\"elementor-section elementor-top-section elementor-element elementor-element-c016379 elementor-section-boxed elementor-section-height-default elementor-section-height-default wd-section-disabled\" data-id=\"c016379\" data-element_type=\"section\">\n\t\t\t\t\t\t<div class=\"elementor-container elementor-column-gap-default\">\n\t\t\t\t\t<div class=\"elementor-column elementor-col-100 elementor-top-column elementor-element elementor-element-7ef397c\" data-id=\"7ef397c\" data-element_type=\"column\">\n\t\t\t<div class=\"elementor-widget-wrap elementor-element-populated\">\n\t\t\t\t\t\t<div class=\"elementor-element elementor-element-077bdaa elementor-widget elementor-widget-wd_text_block\" data-id=\"077bdaa\" data-element_type=\"widget\" data-widget_type=\"wd_text_block.default\">\n\t\t\t\t<div class=\"elementor-widget-container\">\n\t\t\t\t\t\t\t<div class=\"wd-text-block reset-last-child text-left\">\n\t\t\t\n\t\t\t<h3><strong>Dise\u00f1o f\u00e1cil de usar<\/strong><\/h3><h4>Dise\u00f1ado para facilitar la instalaci\u00f3n y el mantenimiento, este kit de bater\u00edas simplifica el proceso de integraci\u00f3n de la energ\u00eda solar.<\/h4>\n\t\t\t\t\t<\/div>\n\t\t\t\t\t\t<\/div>\n\t\t\t\t<\/div>\n\t\t\t\t\t<\/div>\n\t\t<\/div>\n\t\t\t\t\t<\/div>\n\t\t<\/section>\n\t\t\t\t<section class=\"elementor-section elementor-top-section elementor-element elementor-element-5afd647 elementor-section-boxed elementor-section-height-default elementor-section-height-default wd-section-disabled\" data-id=\"5afd647\" data-element_type=\"section\">\n\t\t\t\t\t\t<div class=\"elementor-container elementor-column-gap-default\">\n\t\t\t\t\t<div class=\"elementor-column elementor-col-100 elementor-top-column elementor-element elementor-element-341210a\" data-id=\"341210a\" data-element_type=\"column\">\n\t\t\t<div class=\"elementor-widget-wrap elementor-element-populated\">\n\t\t\t\t\t\t<div class=\"elementor-element elementor-element-e9d019d elementor-widget elementor-widget-wd_image_or_svg\" data-id=\"e9d019d\" data-element_type=\"widget\" data-widget_type=\"wd_image_or_svg.default\">\n\t\t\t\t<div class=\"elementor-widget-container\">\n\t\t\t\t\t\n\t\t<div class=\"wd-image text-left\">\n\t\t\t\t\t\t\t\t<img loading=\"lazy\" decoding=\"async\" width=\"960\" height=\"756\" src=\"https:\/\/www.lvnoon.com\/wp-content\/uploads\/2025\/07\/battery-box-4.jpg\" class=\"attachment-full size-full wp-image-10854\" alt=\"\" srcset=\"https:\/\/www.lvnoon.com\/wp-content\/uploads\/2025\/07\/battery-box-4.jpg 960w, https:\/\/www.lvnoon.com\/wp-content\/uploads\/2025\/07\/battery-box-4-381x300.jpg 381w, https:\/\/www.lvnoon.com\/wp-content\/uploads\/2025\/07\/battery-box-4-768x605.jpg 768w, https:\/\/www.lvnoon.com\/wp-content\/uploads\/2025\/07\/battery-box-4-15x12.jpg 15w, https:\/\/www.lvnoon.com\/wp-content\/uploads\/2025\/07\/battery-box-4-860x677.jpg 860w, https:\/\/www.lvnoon.com\/wp-content\/uploads\/2025\/07\/battery-box-4-430x339.jpg 430w, https:\/\/www.lvnoon.com\/wp-content\/uploads\/2025\/07\/battery-box-4-700x551.jpg 700w, https:\/\/www.lvnoon.com\/wp-content\/uploads\/2025\/07\/battery-box-4-150x118.jpg 150w\" sizes=\"(max-width: 960px) 100vw, 960px\" \/>\t\t\t\t\t<\/div>\n\n\t\t\t\t\t\t<\/div>\n\t\t\t\t<\/div>\n\t\t\t\t<div class=\"elementor-element elementor-element-c4d9285 elementor-widget elementor-widget-wd_text_block\" data-id=\"c4d9285\" data-element_type=\"widget\" data-widget_type=\"wd_text_block.default\">\n\t\t\t\t<div class=\"elementor-widget-container\">\n\t\t\t\t\t\t\t<div class=\"wd-text-block reset-last-child text-left\">\n\t\t\t\n\t\t\t<h3><strong>\u00a0<\/strong><strong>Lista de embalaje<\/strong><\/h3><h4>Empu\u00f1adura con incrustaciones x4<\/h4><h4>Asa plegable x2<\/h4><h4>Alambre de silicona con punta de alambre x3<\/h4><h4>Tornillos 1 caja<\/h4><h4>Conector BMS x1<\/h4><h4>BMS terminal negativo x1<\/h4><h4>Tablero epoxi x26 (tama\u00f1o diferente incluido)<\/h4><h4>Almohadilla de goma x4<\/h4><h4>Tabla de aleaci\u00f3n x2<\/h4><h4>Terminal x4<\/h4><h4>Tapa de protecci\u00f3n de terminales x2<\/h4><h4>Disyuntor de CC x1<\/h4><h4>Conector BMS x1<\/h4><h4>Caja de embalaje x1<\/h4>\n\t\t\t\t\t<\/div>\n\t\t\t\t\t\t<\/div>\n\t\t\t\t<\/div>\n\t\t\t\t\t<\/div>\n\t\t<\/div>\n\t\t\t\t\t<\/div>\n\t\t<\/section>\n\t\t\t\t<section class=\"elementor-section elementor-top-section elementor-element elementor-element-2325f81 elementor-section-boxed elementor-section-height-default elementor-section-height-default wd-section-disabled\" data-id=\"2325f81\" data-element_type=\"section\">\n\t\t\t\t\t\t<div class=\"elementor-container elementor-column-gap-default\">\n\t\t\t\t\t<div class=\"elementor-column elementor-col-100 elementor-top-column elementor-element elementor-element-541dbcc\" data-id=\"541dbcc\" data-element_type=\"column\">\n\t\t\t<div class=\"elementor-widget-wrap elementor-element-populated\">\n\t\t\t\t\t\t<div class=\"elementor-element elementor-element-891dd83 elementor-widget elementor-widget-wd_image_or_svg\" data-id=\"891dd83\" data-element_type=\"widget\" data-widget_type=\"wd_image_or_svg.default\">\n\t\t\t\t<div class=\"elementor-widget-container\">\n\t\t\t\t\t\n\t\t<div class=\"wd-image text-left\">\n\t\t\t\t\t\t\t\t<img loading=\"lazy\" decoding=\"async\" width=\"960\" height=\"793\" src=\"https:\/\/www.lvnoon.com\/wp-content\/uploads\/2025\/07\/battery-box-5.jpg\" class=\"attachment-full size-full wp-image-10855\" alt=\"\" srcset=\"https:\/\/www.lvnoon.com\/wp-content\/uploads\/2025\/07\/battery-box-5.jpg 960w, https:\/\/www.lvnoon.com\/wp-content\/uploads\/2025\/07\/battery-box-5-363x300.jpg 363w, https:\/\/www.lvnoon.com\/wp-content\/uploads\/2025\/07\/battery-box-5-768x634.jpg 768w, https:\/\/www.lvnoon.com\/wp-content\/uploads\/2025\/07\/battery-box-5-15x12.jpg 15w, https:\/\/www.lvnoon.com\/wp-content\/uploads\/2025\/07\/battery-box-5-860x710.jpg 860w, https:\/\/www.lvnoon.com\/wp-content\/uploads\/2025\/07\/battery-box-5-430x355.jpg 430w, https:\/\/www.lvnoon.com\/wp-content\/uploads\/2025\/07\/battery-box-5-700x578.jpg 700w, https:\/\/www.lvnoon.com\/wp-content\/uploads\/2025\/07\/battery-box-5-150x124.jpg 150w\" sizes=\"(max-width: 960px) 100vw, 960px\" \/>\t\t\t\t\t<\/div>\n\n\t\t\t\t\t\t<\/div>\n\t\t\t\t<\/div>\n\t\t\t\t\t<\/div>\n\t\t<\/div>\n\t\t\t\t\t<\/div>\n\t\t<\/section>\n\t\t\t\t<\/div>","protected":false},"excerpt":{"rendered":"<p>Tama\u00f1o del envase individual\uff1a79X51X16 cm<\/p>\n<p>Potencia de salida\uff1a14336kw\/15kw\/16kw<\/p>\n<p>Peso bruto individual\uff1a23 kg<\/p>\n<p>Tipo de sistema\uff1aApilable<\/p>\n<p>Puerto de comunicaci\u00f3n\uff1aBluetooth, Rs485, RS-232, CAN<\/p>\n<p>Apto para\uff1a280Ah 302Ah 304Ah 314Ah Lifepo4 c\u00e9lulas de la bater\u00eda<\/p>","protected":false},"featured_media":9597,"template":"","meta":[],"product_cat":[79,90],"product_tag":[81,82],"class_list":["post-9595","product","type-product","status-publish","has-post-thumbnail","hentry","product_cat-diy-battery-box","product_cat-stackable-box","product_tag-smart-active-balancer","product_tag-bms"],"_links":{"self":[{"href":"https:\/\/www.lvnoon.com\/es\/wp-json\/wp\/v2\/product\/9595","targetHints":{"allow":["GET"]}}],"collection":[{"href":"https:\/\/www.lvnoon.com\/es\/wp-json\/wp\/v2\/product"}],"about":[{"href":"https:\/\/www.lvnoon.com\/es\/wp-json\/wp\/v2\/types\/product"}],"version-history":[{"count":15,"href":"https:\/\/www.lvnoon.com\/es\/wp-json\/wp\/v2\/product\/9595\/revisions"}],"predecessor-version":[{"id":11016,"href":"https:\/\/www.lvnoon.com\/es\/wp-json\/wp\/v2\/product\/9595\/revisions\/11016"}],"wp:featuredmedia":[{"embeddable":true,"href":"https:\/\/www.lvnoon.com\/es\/wp-json\/wp\/v2\/media\/9597"}],"wp:attachment":[{"href":"https:\/\/www.lvnoon.com\/es\/wp-json\/wp\/v2\/media?parent=9595"}],"wp:term":[{"taxonomy":"product_cat","embeddable":true,"href":"https:\/\/www.lvnoon.com\/es\/wp-json\/wp\/v2\/product_cat?post=9595"},{"taxonomy":"product_tag","embeddable":true,"href":"https:\/\/www.lvnoon.com\/es\/wp-json\/wp\/v2\/product_tag?post=9595"}],"curies":[{"name":"wp","href":"https:\/\/api.w.org\/{rel}","templated":true}]}}